{"id":630,"date":"2018-06-06T08:45:53","date_gmt":"2018-06-06T06:45:53","guid":{"rendered":"http:\/\/die-wurstpumpen.de\/?page_id=630"},"modified":"2026-03-23T09:15:52","modified_gmt":"2026-03-23T08:15:52","slug":"championboard","status":"publish","type":"page","link":"https:\/\/die-wurstpumpen.de\/?page_id=630","title":{"rendered":"Championsboard"},"content":{"rendered":"\n<div class=\"wp-block-columns is-layout-flex wp-container-core-columns-is-layout-1 wp-block-columns-is-layout-flex\">\n<div class=\"wp-block-column is-layout-flow wp-block-column-is-layout-flow\" style=\"flex-basis:100%\">\n<figure class=\"wp-block-table is-style-stripes\"><table><tbody><tr><td>Jahr<\/td><td><\/td><td class=\"has-text-align-center\" data-align=\"center\">1.Liga<\/td><td class=\"has-text-align-center\" data-align=\"center\">2.Liga<\/td><td class=\"has-text-align-center\" data-align=\"center\">Pumpen<\/td><td class=\"has-text-align-center\" data-align=\"center\">Rodung<\/td><td class=\"has-text-align-center\" data-align=\"center\">Pokal<\/td><td class=\"has-text-align-center\" data-align=\"center\">Konstrukteur<\/td><td class=\"has-text-align-center\" data-align=\"center\">Tor<\/td><td class=\"has-text-align-center\" data-align=\"center\">Golf<\/td><td class=\"has-text-align-center\" data-align=\"center\">Tennis<\/td><td class=\"has-text-align-center\" data-align=\"center\">Anus<\/td><td class=\"has-text-align-center\" data-align=\"center\">Schade<\/td><td class=\"has-text-align-center\" data-align=\"center\">Sch\u00fctzenk\u00f6nig<\/td><td class=\"has-text-align-center\" data-align=\"center\">Sch\u00fctzengeck<\/td><td class=\"has-text-align-center\" data-align=\"center\">M.Schumacher<\/td><td><\/td><\/tr><tr><td>2009\/2010<\/td><td><\/td><td class=\"has-text-align-center\" data-align=\"center\">P.Korb<\/td><td class=\"has-text-align-center\" data-align=\"center\">&#8211;<\/td><td class=\"has-text-align-center\" data-align=\"center\">F.Mester<\/td><td class=\"has-text-align-center\" data-align=\"center\">&#8211;<\/td><td class=\"has-text-align-center\" data-align=\"center\">&#8211;<\/td><td class=\"has-text-align-center\" data-align=\"center\">&#8211;<\/td><td class=\"has-text-align-center\" data-align=\"center\">&#8211;<\/td><td class=\"has-text-align-center\" data-align=\"center\">&#8211;<\/td><td class=\"has-text-align-center\" data-align=\"center\">&#8211;<\/td><td class=\"has-text-align-center\" data-align=\"center\">&#8211;<\/td><td class=\"has-text-align-center\" data-align=\"center\">&#8211;<\/td><td class=\"has-text-align-center\" data-align=\"center\">&#8211;<\/td><td class=\"has-text-align-center\" data-align=\"center\">&#8211;<\/td><td class=\"has-text-align-center\" data-align=\"center\">&#8211;<\/td><td><\/td><\/tr><tr><td>2010\/2011<\/td><td><\/td><td class=\"has-text-align-center\" data-align=\"center\">F.Mester<\/td><td class=\"has-text-align-center\" data-align=\"center\">&#8211;<\/td><td class=\"has-text-align-center\" data-align=\"center\">D.Gro\u00dfert<\/td><td class=\"has-text-align-center\" data-align=\"center\">&#8211;<\/td><td class=\"has-text-align-center\" data-align=\"center\">&#8211;<\/td><td class=\"has-text-align-center\" data-align=\"center\">&#8211;<\/td><td class=\"has-text-align-center\" data-align=\"center\">&#8211;<\/td><td class=\"has-text-align-center\" data-align=\"center\">&#8211;<\/td><td class=\"has-text-align-center\" data-align=\"center\">&#8211;<\/td><td class=\"has-text-align-center\" data-align=\"center\">&#8211;<\/td><td class=\"has-text-align-center\" data-align=\"center\">&#8211;<\/td><td class=\"has-text-align-center\" data-align=\"center\">&#8211;<\/td><td class=\"has-text-align-center\" data-align=\"center\">&#8211;<\/td><td class=\"has-text-align-center\" data-align=\"center\">&#8211;<\/td><td><\/td><\/tr><tr><td>2011\/2012<\/td><td><\/td><td class=\"has-text-align-center\" data-align=\"center\">C.Berger<\/td><td class=\"has-text-align-center\" data-align=\"center\">&#8211;<\/td><td class=\"has-text-align-center\" data-align=\"center\">F.Reckwald<\/td><td class=\"has-text-align-center\" data-align=\"center\">&#8211;<\/td><td class=\"has-text-align-center\" data-align=\"center\">&#8211;<\/td><td class=\"has-text-align-center\" data-align=\"center\">&#8211;<\/td><td class=\"has-text-align-center\" data-align=\"center\">&#8211;<\/td><td class=\"has-text-align-center\" data-align=\"center\">&#8211;<\/td><td class=\"has-text-align-center\" data-align=\"center\">&#8211;<\/td><td class=\"has-text-align-center\" data-align=\"center\">&#8211;<\/td><td class=\"has-text-align-center\" data-align=\"center\">&#8211;<\/td><td class=\"has-text-align-center\" data-align=\"center\">&#8211;<\/td><td class=\"has-text-align-center\" data-align=\"center\">&#8211;<\/td><td class=\"has-text-align-center\" data-align=\"center\">&#8211;<\/td><td><\/td><\/tr><tr><td>2012\/2013<\/td><td><\/td><td class=\"has-text-align-center\" data-align=\"center\">C.Berger<\/td><td class=\"has-text-align-center\" data-align=\"center\">&#8211;<\/td><td class=\"has-text-align-center\" data-align=\"center\">F.Reckwald<\/td><td class=\"has-text-align-center\" data-align=\"center\">&#8211;<\/td><td class=\"has-text-align-center\" data-align=\"center\">&#8211;<\/td><td class=\"has-text-align-center\" data-align=\"center\">&#8211;<\/td><td class=\"has-text-align-center\" data-align=\"center\">&#8211;<\/td><td class=\"has-text-align-center\" data-align=\"center\">&#8211;<\/td><td class=\"has-text-align-center\" data-align=\"center\">&#8211;<\/td><td class=\"has-text-align-center\" data-align=\"center\">&#8211;<\/td><td class=\"has-text-align-center\" data-align=\"center\">&#8211;<\/td><td class=\"has-text-align-center\" data-align=\"center\">&#8211;<\/td><td class=\"has-text-align-center\" data-align=\"center\">&#8211;<\/td><td class=\"has-text-align-center\" data-align=\"center\">&#8211;<\/td><td><\/td><\/tr><tr><td>2013\/2014<\/td><td><\/td><td class=\"has-text-align-center\" data-align=\"center\">C.Berger<\/td><td class=\"has-text-align-center\" data-align=\"center\">&#8211;<\/td><td class=\"has-text-align-center\" data-align=\"center\">F.H\u00fclsmann<\/td><td class=\"has-text-align-center\" data-align=\"center\">&#8211;<\/td><td class=\"has-text-align-center\" data-align=\"center\">&#8211;<\/td><td class=\"has-text-align-center\" data-align=\"center\">&#8211;<\/td><td class=\"has-text-align-center\" data-align=\"center\">&#8211;<\/td><td class=\"has-text-align-center\" data-align=\"center\">&#8211;<\/td><td class=\"has-text-align-center\" data-align=\"center\">&#8211;<\/td><td class=\"has-text-align-center\" data-align=\"center\">&#8211;<\/td><td class=\"has-text-align-center\" data-align=\"center\">&#8211;<\/td><td class=\"has-text-align-center\" data-align=\"center\">&#8211;<\/td><td class=\"has-text-align-center\" data-align=\"center\">&#8211;<\/td><td class=\"has-text-align-center\" data-align=\"center\">&#8211;<\/td><td><\/td><\/tr><tr><td>2014\/2015<\/td><td><\/td><td class=\"has-text-align-center\" data-align=\"center\">C.Berger<\/td><td class=\"has-text-align-center\" data-align=\"center\">&#8211;<\/td><td class=\"has-text-align-center\" data-align=\"center\">D. Gro\u00dfert<\/td><td class=\"has-text-align-center\" data-align=\"center\">C. Korb<\/td><td class=\"has-text-align-center\" data-align=\"center\">&#8211;<\/td><td class=\"has-text-align-center\" data-align=\"center\">&#8211;<\/td><td class=\"has-text-align-center\" data-align=\"center\">&#8211;<\/td><td class=\"has-text-align-center\" data-align=\"center\">&#8211;<\/td><td class=\"has-text-align-center\" data-align=\"center\">&#8211;<\/td><td class=\"has-text-align-center\" data-align=\"center\">&#8211;<\/td><td class=\"has-text-align-center\" data-align=\"center\">&#8211;<\/td><td class=\"has-text-align-center\" data-align=\"center\">&#8211;<\/td><td class=\"has-text-align-center\" data-align=\"center\">&#8211;<\/td><td class=\"has-text-align-center\" data-align=\"center\">&#8211;<\/td><td><\/td><\/tr><tr><td>2015\/2016<\/td><td><\/td><td class=\"has-text-align-center\" data-align=\"center\">C.Berger<\/td><td class=\"has-text-align-center\" data-align=\"center\">&#8211;<\/td><td class=\"has-text-align-center\" data-align=\"center\">D.B\u00fcenfeld<\/td><td class=\"has-text-align-center\" data-align=\"center\">P.Korb<\/td><td class=\"has-text-align-center\" data-align=\"center\">C.Berger<\/td><td class=\"has-text-align-center\" data-align=\"center\">&#8211;<\/td><td class=\"has-text-align-center\" data-align=\"center\">&#8211;<\/td><td class=\"has-text-align-center\" data-align=\"center\">&#8211;<\/td><td class=\"has-text-align-center\" data-align=\"center\">&#8211;<\/td><td class=\"has-text-align-center\" data-align=\"center\">&#8211;<\/td><td class=\"has-text-align-center\" data-align=\"center\">&#8211;<\/td><td class=\"has-text-align-center\" data-align=\"center\">&#8211;<\/td><td class=\"has-text-align-center\" data-align=\"center\">&#8211;<\/td><td class=\"has-text-align-center\" data-align=\"center\">&#8211;<\/td><td><\/td><\/tr><tr><td>2016\/2017<\/td><td><\/td><td class=\"has-text-align-center\" data-align=\"center\">C.Berger<\/td><td class=\"has-text-align-center\" data-align=\"center\">&#8211;<\/td><td class=\"has-text-align-center\" data-align=\"center\">F. Mester<\/td><td class=\"has-text-align-center\" data-align=\"center\">J.Scheunert<\/td><td class=\"has-text-align-center\" data-align=\"center\">C.Berger<\/td><td class=\"has-text-align-center\" data-align=\"center\">S.Kersch &amp;<br>D.Gro\u00dfert<\/td><td class=\"has-text-align-center\" data-align=\"center\">&#8211;<\/td><td class=\"has-text-align-center\" data-align=\"center\">&#8211;<\/td><td class=\"has-text-align-center\" data-align=\"center\">&#8211;<\/td><td class=\"has-text-align-center\" data-align=\"center\">&#8211;<\/td><td class=\"has-text-align-center\" data-align=\"center\">&#8211;<\/td><td class=\"has-text-align-center\" data-align=\"center\">&#8211;<\/td><td class=\"has-text-align-center\" data-align=\"center\">&#8211;<\/td><td class=\"has-text-align-center\" data-align=\"center\">&#8211;<\/td><td><\/td><\/tr><tr><td>2017\/2018<\/td><td><\/td><td class=\"has-text-align-center\" data-align=\"center\">C.Berger<\/td><td class=\"has-text-align-center\" data-align=\"center\">&#8211;<\/td><td class=\"has-text-align-center\" data-align=\"center\">B.Scheunert<\/td><td class=\"has-text-align-center\" data-align=\"center\">C.Berger<\/td><td class=\"has-text-align-center\" data-align=\"center\">R.Siedhoff<\/td><td class=\"has-text-align-center\" data-align=\"center\">C.Berger &amp;<br>D.B\u00fcenfeld<\/td><td class=\"has-text-align-center\" data-align=\"center\">&#8211;<\/td><td class=\"has-text-align-center\" data-align=\"center\">&#8211;<\/td><td class=\"has-text-align-center\" data-align=\"center\">&#8211;<\/td><td class=\"has-text-align-center\" data-align=\"center\">&#8211;<\/td><td class=\"has-text-align-center\" data-align=\"center\">&#8211;<\/td><td class=\"has-text-align-center\" data-align=\"center\">&#8211;<\/td><td class=\"has-text-align-center\" data-align=\"center\">&#8211;<\/td><td class=\"has-text-align-center\" data-align=\"center\">&#8211;<\/td><td><\/td><\/tr><tr><td>2018\/2019<\/td><td><\/td><td class=\"has-text-align-center\" data-align=\"center\">C.Berger<\/td><td class=\"has-text-align-center\" data-align=\"center\">&#8211;<\/td><td class=\"has-text-align-center\" data-align=\"center\">D.B\u00fcenfeld<\/td><td class=\"has-text-align-center\" data-align=\"center\">P.Korb<\/td><td class=\"has-text-align-center\" data-align=\"center\">C.Berger<\/td><td class=\"has-text-align-center\" data-align=\"center\">C.Korb &amp;<br>D.B\u00fcenfeld<\/td><td class=\"has-text-align-center\" data-align=\"center\">C.Korb<\/td><td class=\"has-text-align-center\" data-align=\"center\">&#8211;<\/td><td class=\"has-text-align-center\" data-align=\"center\">&#8211;<\/td><td class=\"has-text-align-center\" data-align=\"center\">&#8211;<\/td><td class=\"has-text-align-center\" data-align=\"center\">&#8211;<\/td><td class=\"has-text-align-center\" data-align=\"center\">&#8211;<\/td><td class=\"has-text-align-center\" data-align=\"center\">&#8211;<\/td><td class=\"has-text-align-center\" data-align=\"center\">&#8211;<\/td><td><\/td><\/tr><tr><td>2019\/2020<\/td><td><\/td><td class=\"has-text-align-center\" data-align=\"center\">C.Berger<\/td><td class=\"has-text-align-center\" data-align=\"center\">&#8211;<\/td><td class=\"has-text-align-center\" data-align=\"center\">D.B\u00fcenfeld<\/td><td class=\"has-text-align-center\" data-align=\"center\">C.Korb<\/td><td class=\"has-text-align-center\" data-align=\"center\">C.Berger<\/td><td class=\"has-text-align-center\" data-align=\"center\">C.Korb &amp;<br>D.Gro\u00dfert<\/td><td class=\"has-text-align-center\" data-align=\"center\">S.Kersch<\/td><td class=\"has-text-align-center\" data-align=\"center\">&#8211;<\/td><td class=\"has-text-align-center\" data-align=\"center\">&#8211;<\/td><td class=\"has-text-align-center\" data-align=\"center\">&#8211;<\/td><td class=\"has-text-align-center\" data-align=\"center\">&#8211;<\/td><td class=\"has-text-align-center\" data-align=\"center\">&#8211;<\/td><td class=\"has-text-align-center\" data-align=\"center\">&#8211;<\/td><td class=\"has-text-align-center\" data-align=\"center\">&#8211;<\/td><td><\/td><\/tr><tr><td>2020-2022<\/td><td><\/td><td class=\"has-text-align-center\" data-align=\"center\">C.Berger<\/td><td class=\"has-text-align-center\" data-align=\"center\">&#8211;<\/td><td class=\"has-text-align-center\" data-align=\"center\">B.Scheunert<\/td><td class=\"has-text-align-center\" data-align=\"center\">P.Korb<\/td><td class=\"has-text-align-center\" data-align=\"center\">C.Berger<\/td><td class=\"has-text-align-center\" data-align=\"center\">C.Berger &amp;<br>F.H\u00fclsmann<\/td><td class=\"has-text-align-center\" data-align=\"center\">S.Kersch<\/td><td class=\"has-text-align-center\" data-align=\"center\">&#8211;<\/td><td class=\"has-text-align-center\" data-align=\"center\">&#8211;<\/td><td class=\"has-text-align-center\" data-align=\"center\">&#8211;<\/td><td class=\"has-text-align-center\" data-align=\"center\">&#8211;<\/td><td class=\"has-text-align-center\" data-align=\"center\">&#8211;<\/td><td class=\"has-text-align-center\" data-align=\"center\">&#8211;<\/td><td class=\"has-text-align-center\" data-align=\"center\">&#8211;<\/td><td><\/td><\/tr><tr><td>2022\/2023<\/td><td><\/td><td class=\"has-text-align-center\" data-align=\"center\">C.Berger<\/td><td class=\"has-text-align-center\" data-align=\"center\">&#8211;<\/td><td class=\"has-text-align-center\" data-align=\"center\">D.B\u00fcenfeld<\/td><td class=\"has-text-align-center\" data-align=\"center\">P.Korb<\/td><td class=\"has-text-align-center\" data-align=\"center\">S.Kersch<\/td><td class=\"has-text-align-center\" data-align=\"center\">C.Berger &amp;<br>F.H\u00fclsmann<\/td><td class=\"has-text-align-center\" data-align=\"center\">C.Berger<\/td><td class=\"has-text-align-center\" data-align=\"center\">&#8211;<\/td><td class=\"has-text-align-center\" data-align=\"center\">&#8211;<\/td><td class=\"has-text-align-center\" data-align=\"center\">&#8211;<\/td><td class=\"has-text-align-center\" data-align=\"center\">&#8211;<\/td><td class=\"has-text-align-center\" data-align=\"center\">J.Scheunert<\/td><td class=\"has-text-align-center\" data-align=\"center\">D.B\u00fcenfeld<\/td><td class=\"has-text-align-center\" data-align=\"center\">J.Scheunert<\/td><td><\/td><\/tr><tr><td>2023\/2024<\/td><td><\/td><td class=\"has-text-align-center\" data-align=\"center\">C.Berger<\/td><td class=\"has-text-align-center\" data-align=\"center\">&#8211;<\/td><td class=\"has-text-align-center\" data-align=\"center\">D B\u00fcenfeld<\/td><td class=\"has-text-align-center\" data-align=\"center\">J.Scheunert&nbsp;<\/td><td class=\"has-text-align-center\" data-align=\"center\">&nbsp;A. Mester<\/td><td class=\"has-text-align-center\" data-align=\"center\">A.Mester &amp;<br>C.Korb<\/td><td class=\"has-text-align-center\" data-align=\"center\">&nbsp;C.Berger<\/td><td class=\"has-text-align-center\" data-align=\"center\">&nbsp;J.Scheunert<\/td><td class=\"has-text-align-center\" data-align=\"center\">&#8211;<\/td><td class=\"has-text-align-center\" data-align=\"center\">&#8211;<\/td><td class=\"has-text-align-center\" data-align=\"center\">&#8211;<\/td><td class=\"has-text-align-center\" data-align=\"center\">C.Berger<\/td><td class=\"has-text-align-center\" data-align=\"center\">M.Vollmer (Gast)<\/td><td class=\"has-text-align-center\" data-align=\"center\">D.Gro\u00dfert<\/td><td><\/td><\/tr><tr><td>2024\/2025<\/td><td><\/td><td class=\"has-text-align-center\" data-align=\"center\">C.Berger<\/td><td class=\"has-text-align-center\" data-align=\"center\">&#8211;<\/td><td class=\"has-text-align-center\" data-align=\"center\">M.Babilon<\/td><td class=\"has-text-align-center\" data-align=\"center\">P.Korb<\/td><td class=\"has-text-align-center\" data-align=\"center\">C.Berger<\/td><td class=\"has-text-align-center\" data-align=\"center\">C.Vo\u00df &amp;<br>B.Scheunert<\/td><td class=\"has-text-align-center\" data-align=\"center\">C.Vo\u00df<\/td><td class=\"has-text-align-center\" data-align=\"center\">J.Scheunert<\/td><td class=\"has-text-align-center\" data-align=\"center\">D.Gro\u00dfert<\/td><td class=\"has-text-align-center\" data-align=\"center\">&#8211;<\/td><td class=\"has-text-align-center\" data-align=\"center\">&#8211;<\/td><td class=\"has-text-align-center\" data-align=\"center\">J.Scheunert<\/td><td class=\"has-text-align-center\" data-align=\"center\">D.Gro\u00dfert<\/td><td class=\"has-text-align-center\" data-align=\"center\">P.Vo\u00df (Gast)<\/td><td><\/td><\/tr><tr><td>&nbsp;2025\/2026<\/td><td><\/td><td class=\"has-text-align-center\" data-align=\"center\">&nbsp;C.Berger<\/td><td class=\"has-text-align-center\" data-align=\"center\">&#8211;<\/td><td class=\"has-text-align-center\" data-align=\"center\">&nbsp;D.B\u00fcenfeld<\/td><td class=\"has-text-align-center\" data-align=\"center\">J.Scheunert<\/td><td class=\"has-text-align-center\" data-align=\"center\">C.Berger<\/td><td class=\"has-text-align-center\" data-align=\"center\">C.Berger &amp;<br>M. Babilon&nbsp;<\/td><td class=\"has-text-align-center\" data-align=\"center\">&nbsp;C.Berger<\/td><td class=\"has-text-align-center\" data-align=\"center\">J.Scheunert<\/td><td class=\"has-text-align-center\" data-align=\"center\">D.Gro\u00dfert<\/td><td class=\"has-text-align-center\" data-align=\"center\">C.Berger<\/td><td class=\"has-text-align-center\" data-align=\"center\">&#8211;<\/td><td class=\"has-text-align-center\" data-align=\"center\">&nbsp;D. B\u00fcenfeld<\/td><td class=\"has-text-align-center\" data-align=\"center\">&nbsp;B.Scheunert<\/td><td class=\"has-text-align-center\" data-align=\"center\">C.Berger<\/td><td><\/td><\/tr><tr><td>2026\/2027<\/td><td><\/td><td class=\"has-text-align-center\" data-align=\"center\"><\/td><td class=\"has-text-align-center\" data-align=\"center\"><\/td><td class=\"has-text-align-center\" data-align=\"center\"><\/td><td class=\"has-text-align-center\" data-align=\"center\"><\/td><td class=\"has-text-align-center\" data-align=\"center\"><\/td><td class=\"has-text-align-center\" data-align=\"center\"><\/td><td class=\"has-text-align-center\" data-align=\"center\"><\/td><td class=\"has-text-align-center\" data-align=\"center\"><\/td><td class=\"has-text-align-center\" data-align=\"center\"><\/td><td class=\"has-text-align-center\" data-align=\"center\"><\/td><td class=\"has-text-align-center\" data-align=\"center\"><\/td><td class=\"has-text-align-center\" data-align=\"center\"><\/td><td class=\"has-text-align-center\" data-align=\"center\"><\/td><td class=\"has-text-align-center\" data-align=\"center\"><\/td><td><\/td><\/tr><\/tbody><\/table><\/figure>\n<\/div>\n<\/div>\n\n\n\n<p><\/p>\n","protected":false},"excerpt":{"rendered":"<p>Jahr 1.Liga 2.Liga Pumpen Rodung Pokal Konstrukteur Tor Golf Tennis Anus Schade Sch\u00fctzenk\u00f6nig Sch\u00fctzengeck M.Schumacher 2009\/2010 P.Korb &#8211; F.Mester &#8211; &#8211; &#8211; &#8211; &#8211; &#8211; &#8211; &#8211; &#8211; &#8211; &#8211; <a class=\"more-link\" href=\"https:\/\/die-wurstpumpen.de\/?page_id=630\">weiterlesen&#8230;<\/a><\/p>\n","protected":false},"author":2,"featured_media":0,"parent":0,"menu_order":0,"comment_status":"closed","ping_status":"closed","template":"","meta":{"footnotes":""},"_links":{"self":[{"href":"https:\/\/die-wurstpumpen.de\/index.php?rest_route=\/wp\/v2\/pages\/630"}],"collection":[{"href":"https:\/\/die-wurstpumpen.de\/index.php?rest_route=\/wp\/v2\/pages"}],"about":[{"href":"https:\/\/die-wurstpumpen.de\/index.php?rest_route=\/wp\/v2\/types\/page"}],"author":[{"embeddable":true,"href":"https:\/\/die-wurstpumpen.de\/index.php?rest_route=\/wp\/v2\/users\/2"}],"replies":[{"embeddable":true,"href":"https:\/\/die-wurstpumpen.de\/index.php?rest_route=%2Fwp%2Fv2%2Fcomments&post=630"}],"version-history":[{"count":36,"href":"https:\/\/die-wurstpumpen.de\/index.php?rest_route=\/wp\/v2\/pages\/630\/revisions"}],"predecessor-version":[{"id":1543,"href":"https:\/\/die-wurstpumpen.de\/index.php?rest_route=\/wp\/v2\/pages\/630\/revisions\/1543"}],"wp:attachment":[{"href":"https:\/\/die-wurstpumpen.de\/index.php?rest_route=%2Fwp%2Fv2%2Fmedia&parent=630"}],"curies":[{"name":"wp","href":"https:\/\/api.w.org\/{rel}","templated":true}]}}