{"id":554,"date":"2018-01-19T10:06:56","date_gmt":"2018-01-19T09:06:56","guid":{"rendered":"http:\/\/die-wurstpumpen.de\/?page_id=554"},"modified":"2018-01-19T12:25:58","modified_gmt":"2018-01-19T11:25:58","slug":"2018-2","status":"publish","type":"page","link":"https:\/\/die-wurstpumpen.de\/?page_id=554","title":{"rendered":"2018"},"content":{"rendered":"<p>Nachwuchsprobleme<\/p>\n<p><strong>Der Volkssport Kegeln ger\u00e4t auf die falsche Bahn<\/strong><\/p>\n<p>Rolf Hansmann<\/p>\n<p>17.01.2018 &#8211; 06:00 Uhr (Westfalenpost)<\/p>\n<p><img loading=\"lazy\" decoding=\"async\" class=\"aligncenter size-full wp-image-561\" src=\"http:\/\/die-wurstpumpen.de\/wp-content\/uploads\/2018\/01\/Artikel-17.01.2018-Nachwuchssorgen-im-Kegelsport.jpg\" alt=\"Artikel 17.01.2018 (Nachwuchssorgen im Kegelsport)\" width=\"581\" height=\"1032\" srcset=\"https:\/\/die-wurstpumpen.de\/wp-content\/uploads\/2018\/01\/Artikel-17.01.2018-Nachwuchssorgen-im-Kegelsport.jpg 581w, https:\/\/die-wurstpumpen.de\/wp-content\/uploads\/2018\/01\/Artikel-17.01.2018-Nachwuchssorgen-im-Kegelsport-169x300.jpg 169w, https:\/\/die-wurstpumpen.de\/wp-content\/uploads\/2018\/01\/Artikel-17.01.2018-Nachwuchssorgen-im-Kegelsport-576x1024.jpg 576w, https:\/\/die-wurstpumpen.de\/wp-content\/uploads\/2018\/01\/Artikel-17.01.2018-Nachwuchssorgen-im-Kegelsport-84x150.jpg 84w\" sizes=\"(max-width: 581px) 100vw, 581px\" \/>Hier die Zusammenfassung des Interviews mit unserer Kegelmutti:<\/p>\n<p>Die darf auch beim KC \u201eWurstpumpen\u201c (Schlachtruf: \u201eAuf die W\u00fcrste\u201c) nicht fehlen. Alle vier Wochen freitags, so Daniel B\u00fcenfeld (32), sitzen zw\u00f6lf Kegelbr\u00fcder zwischen 23 und 33 in Arnsberg-Oeventrop, \u201ekl\u00f6nen, trinken ein Bier und kegeln nebenbei\u201c. Dass alte Lokale mit knarzenden Bahnen nicht ansprechend auf junge Leute mit Loungeerfahrung wirken, kann er nachvollziehen. Aber: \u201eGerade das Alte, das Urige hat Charme.\u201c Den Kneipensport \u2013 analog zum Dart \u2013 zum TV-Sport mit gro\u00dfer Zuschauerfl\u00e4che zu entwickeln, h\u00e4lt B\u00fcenfeld f\u00fcr schwierig. \u201eKegeln lebt auch von der r\u00e4umlichen Enge.\u201c<\/p>\n<p>&nbsp;<\/p>\n<p>&nbsp;<\/p>\n<p>&nbsp;<\/p>\n<p>&nbsp;<\/p>\n","protected":false},"excerpt":{"rendered":"<p>Nachwuchsprobleme Der Volkssport Kegeln ger\u00e4t auf die falsche Bahn Rolf Hansmann 17.01.2018 &#8211; 06:00 Uhr (Westfalenpost) Hier die Zusammenfassung des Interviews mit unserer Kegelmutti: Die darf auch beim KC \u201eWurstpumpen\u201c <a class=\"more-link\" href=\"https:\/\/die-wurstpumpen.de\/?page_id=554\">weiterlesen&#8230;<\/a><\/p>\n","protected":false},"author":2,"featured_media":0,"parent":21,"menu_order":0,"comment_status":"closed","ping_status":"closed","template":"","meta":{"footnotes":""},"_links":{"self":[{"href":"https:\/\/die-wurstpumpen.de\/index.php?rest_route=\/wp\/v2\/pages\/554"}],"collection":[{"href":"https:\/\/die-wurstpumpen.de\/index.php?rest_route=\/wp\/v2\/pages"}],"about":[{"href":"https:\/\/die-wurstpumpen.de\/index.php?rest_route=\/wp\/v2\/types\/page"}],"author":[{"embeddable":true,"href":"https:\/\/die-wurstpumpen.de\/index.php?rest_route=\/wp\/v2\/users\/2"}],"replies":[{"embeddable":true,"href":"https:\/\/die-wurstpumpen.de\/index.php?rest_route=%2Fwp%2Fv2%2Fcomments&post=554"}],"version-history":[{"count":4,"href":"https:\/\/die-wurstpumpen.de\/index.php?rest_route=\/wp\/v2\/pages\/554\/revisions"}],"predecessor-version":[{"id":562,"href":"https:\/\/die-wurstpumpen.de\/index.php?rest_route=\/wp\/v2\/pages\/554\/revisions\/562"}],"up":[{"embeddable":true,"href":"https:\/\/die-wurstpumpen.de\/index.php?rest_route=\/wp\/v2\/pages\/21"}],"wp:attachment":[{"href":"https:\/\/die-wurstpumpen.de\/index.php?rest_route=%2Fwp%2Fv2%2Fmedia&parent=554"}],"curies":[{"name":"wp","href":"https:\/\/api.w.org\/{rel}","templated":true}]}}