{"id":43,"date":"2016-12-16T06:29:59","date_gmt":"2016-12-16T05:29:59","guid":{"rendered":"http:\/\/die-wurstpumpen.de\/?page_id=43"},"modified":"2016-12-16T07:07:12","modified_gmt":"2016-12-16T06:07:12","slug":"2010-2","status":"publish","type":"page","link":"https:\/\/die-wurstpumpen.de\/?page_id=43","title":{"rendered":"2010"},"content":{"rendered":"<p>Januar Zweitausendzehn. Neues Jahrzehnt, gleiche W\u00fcrste. Nicht ganz, das Jahrzehntsauftaktkegeln konnte seinem pomp\u00f6sen Namen nicht ganz gerecht werden. Etliche Kegelbr\u00fcder konnten nicht, so dass das Keglerfeld mit Gastkeglern zurechtgekegelt werden musste. Sollte, wie hinterher bekannt wurde, der Stimmung allerdings kein Abbruch tun. Kegelvater Plutonius Reckwaldius von Hinterm Bach errang den sagenumwobenen Kegelcup und wurde damit erster Titelhalter im neuen Jahrzehnt. Gl\u00fcckwunsch, hurra usw\u2026<\/p>\n<p>&nbsp;<\/p>\n<p>Das Karnevalskegeln war mal wieder ein absolutes Highlight. Leider konnten die Kegelbr\u00fcder Fabian und Dennis nicht teilnehmen, daf\u00fcr waren aber zum ersten Mal H\u00fclse und Jero mit von der Partie. An diesem Tage waren die M\u00f6nche vom Orden der Kachelk\u00f6nige, Dog der Kopfgeldj\u00e4ger, wieder mal ne Nonne, ein Apachen-H\u00e4uptling und viele weitere lustige Charaktere vor Ort. Der Mossad hat einen Mitgliedsantrag f\u00fcr unseren elit\u00e4ren Club unterzeichnet und darf sich von nun an \u201eAlte-Opa-Unke\u201c schimpfen. Schien es doch so, dass Kerschi zum ersten Mal in seiner Karriere den Kegelcup mit nach Hause nehmen konnte, flatterten pl\u00f6tzlich seine Nerven und er fand sich schlussendlich auf dem 4. Tabellenplatz wieder. \u00d6tte stellte an diesem Tage mal wieder seine Kegelkunst unter Beweis und zeigte, dass er in wichtigen Momenten ein extrem effizienter K\u00f6ter war. Einen neuen Rekord stellte auch der Deckel auf, insgesamt haben wir bei diesem Kegeln ganze 3,50 \u20ac eingenommen. Das ist gut f\u00fcr den Alkoholpegel, allerdings schlecht f\u00fcr die Kegelkasse.<\/p>\n<p>&nbsp;<\/p>\n<p>Beim Saisonabschlusskegeln ging es mal wieder hoch her. Gastkegler Olli Reckwald lie\u00df sich nicht lumpen und zerschmetterte sofort ein Pilsglas mit aller Gewalt, sehr zur Freude seiner Mitkegler. Im Kampf um die Jahresmeisterschaft musste Korbs P schon letzter werden um den Pokal nicht sein eigen zu nennen. Nur in diesem F\u00e4ll h\u00e4tte Pluto die M\u00f6glichkeit die Kegelmutti vom Thron zu sto\u00dfen, doch am Ende war es Wixi, der sich letzter Monats-Kegelchampion der Saison 2009\/2010 nennen kann. Auch Korbs P sicherte sich einen Mittelfeldplatz und so waren die Tr\u00e4ume des Kegelvaters geplatzt wie eine Seifenblase! Gastkegler Olli forderte die Wurstpumpen auf mit auf den gelben Wagen zu kommen, diese entgegneten, dass sie bei Frauen v\u00f6llig willenlos seien. Mit diesen tollen Gesangseinlagen endete die erste Kegelsaison und nun geht\u2019s mit Vollgas zur Halbjahreshauptversammlung beim Gasthof Hoffmann.<\/p>\n<p>&nbsp;<\/p>\n<p>April 2010. Traditionell ist der vierte Monat des Jahres der Startschuss des neuen Kegeljahres, die Wurstpumpen feierten im Vorfeld das zweij\u00e4hrige Bestehen im, nat\u00fcrlich, feinen Zwirn bei Hoffmanns und hielten gleichzeitig die erste, wohl wegweisende Halbjahreshauptversammlung des Jahres ab. Die n\u00e4chste ist erst in einem halben Jahr, nur f\u00fcr das Verst\u00e4ndnis. Auf der HJHV (Offizielle Abk\u00fcrzung f\u00fcr Halbjahreshauptversammlung, nur so zur Info) wurden neue, nie dagewesene Regel\u00e4nderungen durchgesetzt und zum ersten Mal die in ihrer Pr\u00e4chtigkeit nicht zu \u00fcbertreffenden Pokale verliehen. Kegelmutti Korbs Patrick ist der erste Kegler der seinen Namen auf der gigantischen Troph\u00e4e hinterlassen darf und hat somit tats\u00e4chlich so ein kleines bisschen Geschichte geschrieben. Der goldene Grabstein sollte an Wixi gehen, der war allerdings gerade mit anderen Leuten in Hamburg. Zum Kegeln, Thomas \u201eTommy\u201c Klahold konnte sich in einem abwechslungsreichen Wettkampf schlussendlich durchsetzen und wurstete sich die ersten 10 Punkte auf sein Konto, \u00fcbrigens mit genau 100 Punkten. Weitere grandiose Meldungen des Abends: Gastkegler war Korbs Christian, dieser genehmigte sich eine H\u00fchnersuppe, die ihm fantastisch schmeckte. Auch \u00d6tte lies von sich reden, so geht sowohl der erste Wurf, eine sechs, als auch die erste Pumpe der Saison auf seine Kappe.<\/p>\n<p>&nbsp;<\/p>\n<p>Kegeln, Mai zweitausendzehn. Kurz und knackig. Korbs Christian lie\u00df sich wieder eine frische H\u00fchnersuppe schmecken, die Theo 20er Regel kam zum zweiten Mal zum Einsatz und Gastkegler war der Becker. Es wurde viel Schnaps vernichtet, mal als Resultat von r\u00fccksichtslosem Glockengedingeld\u00e4ngel, mal aufgrund einer sch\u00f6n, schicken Schnapszahl. Pumpenk\u00f6nig des Vormonats, der Mossad, brachte einen Haufen Wundert\u00fcten f\u00fcr seine Kegelbr\u00fcder mit, die z.B. kleine Autos enthielten, mit denen man sich quer \u00fcber den Tisch fantastisch abschie\u00dfen konnte. Danke daf\u00fcr. Der wixrige Wix konnte den Kegelabend mit 2 Pokalen verlassen, so konnte ihm zum Beginn (endlich) der goldene Grabstein f\u00fcr seine Desastr\u00f6se Pumpenleistung im Vorjahr und am Ende der Pokal des aktuellen Monatssiegers verliehen werden. So gesehen hatten Kegelvater Pluto und er also beide H\u00e4nde voll zu tun (\u2026). Daniel Mossad konnte seinen im Vormonat errungenen Titel der Preisgekr\u00f6nten Wurst des Monats verteidigen und darf uns auch beim n\u00e4chsten Kegeln wieder reichlich bescheren.<\/p>\n<p>&nbsp;<\/p>\n<p>Das Juni-Kegeln stand ganz im Zeichen der Fu\u00dfball-WM. Bereits zum Mittag traf sich der Gro\u00dfteil der P\u00fcmpchen zum gemeinsamen Rumbecker Viewing. Der zur Verwunderung aller erscheinende Dennis fragte in die Runde, wann denn das n\u00e4chste Kegeln stattfinden w\u00fcrde. Am Sch\u00fctzenfest-Wochenende k\u00f6nne er n\u00e4mlich nicht. Lieber Dennis, wir sind zwar sehr krank, aber wir Kegeln bestimmt nicht, wenn Sch\u00fctzenfest ist! Aber mal ganz nebenbei, selbst an diesem Abend konnte er nicht. Ebenso wenig wie Lei\u00dfe und Schmapsi. Sichtlich angeheitert taumelten die Wurstpumpen mit Gastkegler Scheunert zum Ort des Kegelns. Kegelvater Pluto Reckwald hetzte sich noch rechtzeitig von der Arbeit ab um der gro\u00dfen Monatskachelei beizuwohnen. Er zeigte sich bei seiner Abschlussrede dennoch restlos entt\u00e4uscht \u00fcber die gesamte Vorstellung seiner Kegelbr\u00fcder. Direkt im Anschluss lobte Kegelmutti Korbs Patrick die tolle Stimmung und \u00fcbergab Pluto den Monatschampion-Pokal. Selten waren sich Wurstpumpen-Vorst\u00e4nde so uneinig. B\u00f6se Zungen behaupten, dass Pluto sich mittlerweile die Kegelkunst von Jasmin abgekupfert habe. Ihm ist es jedenfalls egal! Er will keinen Sch\u00f6nheitspreis, sondern nur das Gold.<\/p>\n<p>&nbsp;<\/p>\n<p>Freitag, 30. Juli 2010. Das Kegeln begann sp\u00e4ter als gew\u00f6hnlich, startete dann aber gew\u00f6hnlich P\u00fcnktlich mit der Er\u00f6ffnungsrede des Kegelvaters Pluto Reckwald. bereits nach wenigen Minuten kostbarer Kegelzeit sorgte Frank, bekannt als Wixi, Wistuba mit einem krachenden Schlag f\u00fcr Aufsehen. Jedoch nicht bei allen. Einzig \u00d6tte lies es sich nicht nehmen auf zuspringen und ein lautes, un\u00fcberh\u00f6rbares, grandioses \u201cSchnapszahl!!\u201d in die Runde zu werfen. Ein Trugschluss seinerseits, jedoch motivierte dieser nette Zwischenruf den Deckel eine Runde k\u00f6stlichen J\u00e4germeister zu spendieren. Der Deckel hielt eine lange, durchdachte Rede und gab die Runde mit dem \u201cQuak, quak..\u201d Evergreen schlie\u00dflich frei. Das Kegeln verlief sehr gut \u2013 f\u00fcr Fabian Lei\u00dfe. W\u00e4hrend sich gleich 4 Kegler im unteren Tabellenbereich der Kreideanzeigentafel um den letzten Platz duellierten, sicherte er sich mit einer Konstanz, die seines gleichen sucht, Runde f\u00fcr Runde hohe Punkte. Einzig im Finale wurde es an der Spitze noch einmal eng. Wixi schmetterte zwar geh\u00f6rig viele Kegel um, blieb am Ende aber dennoch zwei Punkte unter Fabian, der sich somit zum ersten Mal in seiner mittlerweile fast 2 1\/2 J\u00e4hrigen Kegelkarriere den Monatspott sichern konnte. Um die sagenumwobene Ehre des Pumpenk\u00f6nigs mussten dieses Mal Stephan, Patrick und der Gastkegler Jens Ennuschat k\u00e4mpfen. Letzterer setzte sich mit einer prachtvollen Niederlage durch und sicherte sich den 2. h\u00f6chsten Titel der Wurstpumpen. Zu diesem wirklichen Feierlichen Anlass pr\u00e4sentierte er den Wurstpumpen das Sternsinger-Lied \u2013 auf Kacheln umgedichtet.<\/p>\n<p>&nbsp;<\/p>\n<p>18.08.2010. Kalenderfetischisten und durchdachte K\u00f6pfe d\u00fcrften es schon bemerkt haben. Ein Mittwoch. Zum ersten Mal in der gepellten Geschichte der Wurst fiel das Kegeln auf den heiligen Tag des Bergfestes. Etwas anders als Bergfest kann zu diesem absolut kranken Abend auch kaum gesagt werden. Unz\u00e4hlige Schnapsrunden, Mittwoch, unz\u00e4hlige Bierrunden, Mittwoch und Mittwoch. Vor dem Kegeln wurde sich auf 2 kalte Runden Pils in Stephans neuer Behausung eingetroffen, wo Vormonatssieger Fabian auch prompt den Pokal auf dem Wohnzimmer-Tisch vergas. Aus Zeitgr\u00fcnden selbstverst\u00e4ndlich, schlie\u00dflich galt es im str\u00f6menden Regen noch den Gro\u00dfraum Tacker zu bekommen, eine halbe Flasche Bier im Schnellverfahren zu vernichten und und und. Dank Wixis sagenhaften Wixiaugen, tauchte das edle St\u00fcck allerdings P\u00fcnktlich und unversehrt mit allen anderen in der Aussicht auf. Magie. Ein weiteres Highlight an diesem Abend stellte die nun komplette Anzahl an Wurstpelle dar. Kegelbruder Wombat holte die frisch gepressten schwarzen Viecher noch am Vormittag aus Freienohl ab und bescherte die bisher eher als Wurst ohne Pelle betitelten W\u00fcrste mit frischer Pelle. Gro\u00dfartig. Das Kegeln war krank, neben den bereits erw\u00e4hnten Unmengen Wacholder lief es im Ligaspiel ebenfalls sehr fl\u00fcssig. Das Feld ist kurz vor der Halbzeit im September noch einmal dicht zusammen gerutscht. Wixi und Pluto teilen sich den ersten Platz und im Mittelfeld unterscheiden sich die Pl\u00e4tze nun auch nur noch durch 1-2 Punkte. Das September Kegeln k\u00f6nnte also wegweisend f\u00fcr den Rest des Kegeljahres werden. Achja, Fakten zum Schluss. Gewonnen hat Wixi und Pumpenk\u00f6nig wurde Franko. N\u00e4chster Termin ist die Halbjahreshauptversammlung am 04.09. in der Wurstpumpen Entbindungsstation im M\u00fchlbachtal \u2013 hinten links.<\/p>\n<p>&nbsp;<\/p>\n<p>September zweitausendzehn. Die Halbjahreshauptversammlung bringt gro\u00dfen Umschwung. Wirft quasi den kompletten Kegelclub einmal \u00fcbern Haufen, rollt ihn auf, faltet aus und stellt es wieder hin wie vorher. Zwei Bahnbrechende Regel\u00e4nderungen gilt es fortan zu beachten. So wurden die Trinkspr\u00fcche um unsere neuesten Evergreens \u201cFederico\u201d und den jetzt schon Legend\u00e4ren \u201cWuwuWeWe\u201d erg\u00e4nzt. Ebenso muss, sollte ein Gastkegler Pumpenk\u00f6nig werden, die schlechteste Wurstpumpe f\u00fcr einen lustigen und auch prachtvollen Gegenstand sorgen. Wo wir gerade bei lustigen Gegenst\u00e4nden sind. Franko bescherte seinen Kegelbr\u00fcdern beim Septemberkegeln mit hervorragend herausstechenden Geschenken. Gro\u00dfartig. Ein gutes Kegeln sollte es werden. Die ganze Zeit \u00fcber war das Feld dicht beieinander, gro\u00dfe Ausrutscher gab es weder nach oben noch nach unten. Schlussendlich war es dann aber der Wombat, der sich f\u00fcr diesen Monat und zum ersten Mal in seiner Kegelkarriere mit der h\u00f6chsten aller Auszeichnungen Schm\u00fccken kann. Pumpenk\u00f6nig wurde \u00d6tte, der seinen Kegelbr\u00fcdern direkt auch einen seiner bekannten Gassenhauer um die Ohren tr\u00e4llerte.<\/p>\n<p>&nbsp;<\/p>\n<p>Oktober im Jahre 2010. Zum gef\u00fchlt allerersten Mal in der Club-Geschichte sind die Wurstpumen vollz\u00e4hlig anwesend. Alle! Angerichtet in feinster Polopelle sa\u00dfen sie da und schmetterten Kegel f\u00fcr Kegel um. Herrlich. Doch auch wichtige und Zukunftsver\u00e4ndernde Entscheidungen mussten getroffen werden. Gastkegler Christian Schrottka war zum dritten Mal in Folge zu Gast in der Sch\u00f6nen Aussicht und konnte nun einen Antrag zur Aufnahme in unseren elit\u00e4ren Kreisen stellen. Gesagt getan artete diese Diskussion ins ultimativ Kuriose aus. \u00c4hnlich wie Punkt 92 der Routenbeschreibung von Google-Maps von China in die USA. Doch nach der einen oder anderen Wiederholung konnte er als 12. Mitglied der Wurstpumpen begr\u00fc\u00dft werden. Die Wurstpumpen waren nun also komplett vollst\u00e4ndig. Beim Kegeln erdreistete Tommy sich in der letzten Runde an Franko vorbei zu ziehen und holte sich beachtliche 10 Punkte auf sein Konto. Pumpenk\u00f6nig wurde Dennis, der seine bei der Halbjahreshauptversammlung von der Kommission h\u00f6chst pers\u00f6nlich beschlossenen Sanktionen einl\u00f6ste und mit der schwachen Hand kegelte.<\/p>\n<p>&nbsp;<\/p>\n<p>And i\u00b4m going to November \u2026 Fabi das Bier, Stratwurst und Schmapsi waren beim November-Kegeln nicht mit an Bord. Als Gastkegler konnten wir erneut H\u00fclse und Eselcheck in unserer Mitte begr\u00fc\u00dfen. Besonders problematisch stellte sich allerdings heraus, dass Tommy nicht daf\u00fcr gesorgt hat den ultimativen Kegel-Monats-Champion-Pokal Deluxe bei seinen Kegelbr\u00fcdern abzuliefern. Die tobende Meute forderte gemeinsam: \u201eStrafe muss sein! Strafe muss ein! Strafe muss sein!\u201c Zieh dich warm an, Tommy! Das Kegeln selbst war h\u00f6chst brutal: Bereits nach 10 Minuten hagelte es 3 (!) Schnapsrunden nach Schnapszahl. Schnapszahl hei\u00dft ja bekanntlich Schnaps zahlen. Vor allem dem wixrigen stand der Zornpinkel im Gesicht, er hatte so fr\u00fch nicht mit so vielen Schn\u00e4psen gerechnet. Gro\u00dfe Konfusion herrschte als Eselcheck seine Runde Wacholder (der mittlerweile zum Wurstpumpen-Traditionsgetr\u00e4nk gereift ist) mit den Worten \u201eHip-Hip-Hurra! Wir lieben Wacholdaaaa \u2026 f\u00fcr immaaaa\u201c freigegeben hat. Dieser Trinkspruch war bis dato neu und somit nicht erlaubt. Die Versammlung entschied sich dennoch darauf anzusto\u00dfen, da Jens mit diesen Worten unheimlich kreativ und auch innovativ war! Monatssieger war am Ende Wixi, der mit deutlichem Vorsprung das gesamte Kegeln voRWEg marschierte und somit wieder die Kegeltabelle anf\u00fchrt. Es l\u00e4uft nun auf einen Zweikampf um die Kegelkrone zwischen dem Wix und Kegelvater Pluto heraus. Zum Ende des Abends tr\u00e4llerte H\u00fclse uns ein flottes Liedchen was seine Freunde in absolute Ekstase versetzte. Nun steigt die Vorfreude auf die kommende Weihnachtsfeier mit Planwagenfahrt und gemeinsamen Schmaus im Hause Luckai zu Friggenohle.<\/p>\n<p>&nbsp;<\/p>\n<p>Weihnachten im Sauerland. Geplagt von einem unnat\u00fcrlichen Wintereinbruch mussten die Wurstpumpen auf das eigentliche Highlight des Abends \u2013 eine Planwagenfahrt mit Gl\u00fchwein und Schub \u2013 verzichten und auf die cremegelben Kerstholt Kutschen umsteigen. Stattdessen wurde im Gasthof Luckai eine Kegelbahn freigemacht und das im letzten Jahr noch ausgefallene Dezember-Kegeln konnte somit doch stattfinden. Zu allererst wurde aber, der Tradition wegen, gewichtelt. Im Vorfeld haben sich alle Kegelbr\u00fcder wieder den Kopf zerbrochen, was sie Ihren Kegelbr\u00fcdern denn so schenken k\u00f6nnten. Auch in diesem Jahr waren wieder diverse Kn\u00fcller dabei. Beispielsweise das \u201ctolle\u201d Album von Peter Sch\u00fcnemann, dem singenden Weserkapit\u00e4n oder Mankini-Trendbekleidung. Schon nach wenigen gerollten Kugeln wurde den anwesenden klar, dass diese Kegelbahn doch geh\u00f6rig anders als \u201cunsere\u201d ist. Irgendwie schmaler, schneller, gewachst. Die Pumpe war mit Teppich ausgelegt und die Banden waren lange LED leisten die aus bisher unerkl\u00e4rlichen Gr\u00fcnden hier und da mal leuchteten. Schlussendlich konnte sich Dennis aber gegen seine 11 Gegner durchsetzen und den Titel \u00fcber die Jahreswende mit nach Hause nehmen. Pumpenk\u00f6nig wurde Wixi, das St\u00e4ndchen pr\u00e4sentierte er in der restlos ausverkauften Speisehalle, in der zuvor leckerer Gr\u00fcnkohl serviert wurde und das ein oder andere Weihnachtsgedicht vorgetragen wurde. Zum Abschluss ging es dann noch in die Jugendr\u00e4umlichkeiten am Sportplatz. Hier harrten die Harten bis locker flockig 4 Uhr in der Fr\u00fch noch so eine glatte K\u00f6rperl\u00e4nge Alkoholischer-Getr\u00e4nke aus.<\/p>\n","protected":false},"excerpt":{"rendered":"<p>Januar Zweitausendzehn. Neues Jahrzehnt, gleiche W\u00fcrste. Nicht ganz, das Jahrzehntsauftaktkegeln konnte seinem pomp\u00f6sen Namen nicht ganz gerecht werden. Etliche Kegelbr\u00fcder konnten nicht, so dass das Keglerfeld mit Gastkeglern zurechtgekegelt werden <a class=\"more-link\" href=\"https:\/\/die-wurstpumpen.de\/?page_id=43\">weiterlesen&#8230;<\/a><\/p>\n","protected":false},"author":2,"featured_media":0,"parent":14,"menu_order":0,"comment_status":"closed","ping_status":"closed","template":"","meta":{"footnotes":""},"_links":{"self":[{"href":"https:\/\/die-wurstpumpen.de\/index.php?rest_route=\/wp\/v2\/pages\/43"}],"collection":[{"href":"https:\/\/die-wurstpumpen.de\/index.php?rest_route=\/wp\/v2\/pages"}],"about":[{"href":"https:\/\/die-wurstpumpen.de\/index.php?rest_route=\/wp\/v2\/types\/page"}],"author":[{"embeddable":true,"href":"https:\/\/die-wurstpumpen.de\/index.php?rest_route=\/wp\/v2\/users\/2"}],"replies":[{"embeddable":true,"href":"https:\/\/die-wurstpumpen.de\/index.php?rest_route=%2Fwp%2Fv2%2Fcomments&post=43"}],"version-history":[{"count":1,"href":"https:\/\/die-wurstpumpen.de\/index.php?rest_route=\/wp\/v2\/pages\/43\/revisions"}],"predecessor-version":[{"id":45,"href":"https:\/\/die-wurstpumpen.de\/index.php?rest_route=\/wp\/v2\/pages\/43\/revisions\/45"}],"up":[{"embeddable":true,"href":"https:\/\/die-wurstpumpen.de\/index.php?rest_route=\/wp\/v2\/pages\/14"}],"wp:attachment":[{"href":"https:\/\/die-wurstpumpen.de\/index.php?rest_route=%2Fwp%2Fv2%2Fmedia&parent=43"}],"curies":[{"name":"wp","href":"https:\/\/api.w.org\/{rel}","templated":true}]}}