{"id":39,"date":"2016-12-16T06:29:07","date_gmt":"2016-12-16T05:29:07","guid":{"rendered":"http:\/\/die-wurstpumpen.de\/?page_id=39"},"modified":"2016-12-16T06:29:07","modified_gmt":"2016-12-16T05:29:07","slug":"2009-2","status":"publish","type":"page","link":"https:\/\/die-wurstpumpen.de\/?page_id=39","title":{"rendered":"2009"},"content":{"rendered":"<p>Das Jahr 2009\u2026 Im Januar unterschrieb der nun zum dritten Mal anwesende Gastkegler Robert Siedhoff einen Vertrag bei den Wurstpumpen. Die Vertragskonditionen sind mir nicht bekannt, er scheint aber stets motiviert zu sein. Ich werde unterbezahlt\u2026<\/p>\n<p>&nbsp;<\/p>\n<p>Ein weiteres Highlight zum Jahresabschluss war das Karnevalskegeln im Februar. Zwei Affen, drei Pharaonen, ein Scheich, Hello Kitty, ein Mexikaner, Pocahontas und so eine komische Nonne kegelten den Karnevalsk\u00f6nig aus. \u00dcberraschenderweise wurde es die Nonne, deren Darsteller es erst gar nicht f\u00fcr n\u00f6tig hielt den Pokal mit in die Aussicht zu schleppen.<\/p>\n<p>&nbsp;<\/p>\n<p>Der erste Geburtstag der Wurstpumpen fand im gem\u00fctlichen Anlass und herausgeputzter Kleidung bei Hoffmanns statt. Nebenbei wurde die zweite Halbjahreshauptversammlung ebenfalls dort abgehalten. Hier erlangte Kegelbruder Thomas Klahold auch die Ehre in die Riege der Halbj\u00e4hrigen aufgenommen zu werden.<\/p>\n<p>&nbsp;<\/p>\n<p>Der April 2009 brachte gro\u00dfen Umschwung in die Wurstpumpen. Die Homepage ging an den Start und mit dem 11. Tage des Monats startete es offiziell \u2013 das zweite Jahr der Wurstpumpen. Geschniegelt und geb\u00fcgelt trafen alle Pumpen mehr oder weniger P\u00fcnktlich in \u201cder Aussicht\u201d ein um f\u00fcr ein neues Gruppenfoto zu posieren, welches schon bald in ganz besonderer Form an die \u00d6ffentlichkeit geraten soll, aber dazu im Verlauf der n\u00e4chsten Monate mehr. Man darf gespannt sein, soviel dazu. Mit dem Start des neuen Kegeljahres ging auch ein weiteres neuerliches Highlight an den Start. Die Wurstpumpen Kegelliga ist nun voll und ganz am Rennen und die ersten Punkte sind verteilt. Patrick \u201dKorb\u2019s Patrick\u201d Korb konnte sich die ersten 10 Punkte der Ligageschichte sichern und f\u00fchrt die Tabelle nun mit einem fiesen L\u00e4cheln im Gesicht an.<\/p>\n<p>&nbsp;<\/p>\n<p>Das Standard-Programm des f\u00fcnften Monats im Jahr. Es wird warm, Bierg\u00e4rten und Freizeitparks \u00f6ffnen ihre Pforten und die Wurstpumpen treten zum zweiten Kegeltermin seit Beginn der glorreichen Kegelliga an. Auf Fabian musste verzichtet werden, die Kegelbr\u00fcder schafften es aber einen ihn wenigstens in Pumpen nichts nachstehenden Gastkegler zu arrangieren. Namentlich Daniel Grossert, f\u00fchrt dieser nun die ewige Rekordliste mit 15 (f\u00fcnfzehn) Pumpen an. Gl\u00fcckwunsch und so. Das Tabellenreiterprogramm zwischen Korb\u2019s Patrick und Tommy geht in die n\u00e4chste Runde und Kegelbruder Frank \u201cRakete\u201d Reckwald bewies eindrucksvoll, dass sein Antiaggressionstraining in der Vollzeitanstalt, welches er nie besuchte, volle Wirkung hatte. Mit einem lichtgeschwindigkeitsartigen Wurf h\u00e4mmerte er die Kegel nicht nur um, er riss einen gleich direkt aus der Fassung. Ganz zur Freude unseres netten Wirtes, der beim Versuch das Geschehen wieder r\u00fcckg\u00e4ngig zu machen alle Neune mit dem Fu\u00df abr\u00e4umte. Das Ber\u00fchren der Kegel ist unhygienisch und gef\u00e4hrlich und sollte geahndet werden.<\/p>\n<p>&nbsp;<\/p>\n<p>Juni, da haben wir ihn. Die Wurstpumpen-Chronik ist auf der 4. A4 Seite angekommen. Als Buch wird das ein Bestseller, ganz bestimmt. Was hatte der Juni nicht alles zu bieten, ein gro\u00dfartiger Monat. W\u00e4hrend sich der tapfere Schreiberling hier mit B\u00fcchern und Unterlagen krampfhaft Wissen in den Kopf pr\u00fcgelte traten die Wurstpumpen zur Titelverteidigung des Dorfcups an. Leider scheiterten Sie im Finale an der Fr\u00f6hlichen H\u00fctte und konnten den so hei\u00df begehrten Pokal nicht wieder zur\u00fcck auf den rechten Lautsprecher in der Aussicht stellen. Schade, das wird ein staubiger Fleck werden\u2026 Kegeln. Die Sensation wurde war, ein kleines Wunder, ein \u00fcberf\u00e4lliges Zeichen? Der Wixi konnte sich zum ersten Mal in seiner Kegelkarriere den Wurstpumpen-Pokal sichern. Nachdem er den letzten Platz der Tabelle tapfer verteidigte und nur zwei Punkte vorzuweisen hatte, schien er die Worte von Rumbecks Trainerlegende Uwe Lenz, der als Gastkegler anwesend war, zu beherzigen und schmetterte sich grandiose 10 Punkte aufs Konto. Gl\u00fcckwunsch Frank! Eine kleine Korrektur vorweg. Der Dorftunier-Pokal ist in der \u201eFr\u00f6hlichen H\u00fctte\u201c gelandet, doch wer h\u00e4tte gedacht, dass es f\u00fcr den zweiten Platz eine viel sch\u00f6nere Troph\u00e4e gibt? Von nun an schm\u00fcckt halt der Pokal des zweiten Siegers die Fensterbank bzw. den Lautsprecher unserer Kegelst\u00e4tte.<\/p>\n<p>&nbsp;<\/p>\n<p>Drei Worte f\u00fcr das Juli-Kegeln: \u201each du Schei\u00dfe\u201c. Anders l\u00e4sst sich das von Kassenpr\u00fcfer Stephan schon als \u201eAnarchie-Kegeln\u201c bezeichnete kaum bis nicht beschreiben. Neben einer Geburtstagsrunde 0.33 Tulpen des Kegelvaters war auch \u201eJ\u00e4germeister\u201c oft durch die hausseigene Telefon-Bestellanlage zu h\u00f6ren. Schnaps das war sein letztes Wort\u2026 Karamba-Karacho ein Wixi. Er tat es wieder, Vormonatssieger Frank \u201eWixi\u201c Wistuba verteidigte seinen Titel und wird auch beim August-Kegeln wieder mit dem kleinsten, dennoch wichtigsten Pokal anwesend sein. Den Triumph genoss er gleich mit zwei Frauen an seiner Seite und, nat\u00fcrlich, ner Menge J\u00e4germeister und 0.2 Tulpen. Letzteres tat der Rest im \u00dcbrigen auch. Die ausgelassene Party-Stimmung der Wurstpumpen lockte auch andere G\u00e4ste der \u201eAussicht\u201c an. Einen sch\u00f6nen Gru\u00df an Winni, der mit Kapit\u00e4nsm\u00fctze und Kegelvater im Arm den Abend genoss. Was gibt es noch zu sagen? Gastkegler Daniel \u201eMossard\u201c Grossert konnte mit nur 12 Pumpen seinen alten Rekord zwar nicht brechen, sicherte sich aber eine Pumpendurchschnittsleistung von 13.5 und bescherte den Pumpen ein sch\u00f6nes St\u00e4ndchen.<\/p>\n<p>&nbsp;<\/p>\n<p>August Zweitausendneun. Michael Jackson wurde wohl doch ermordet und Kegelbruder Tommy begeht die H\u00f6chststrafe. Unabgemeldetes Fehlen beim letzten Kegeln vor dem 1 1\/2 J\u00e4hrigen Geburtstag unserer Truppe. Meine Gedanken schweifen ab und ich frage mich was die Gr\u00fcndungsoliven wohl gerade machen\u2026 Zur\u00fcck zum Kegeln. Kegelvater Pluto \u201eAndr\u00e9\u201c Reckwald konnte den Doppelsieger der Vormonate vom Thron st\u00fcrzen und somit den geplanten Hattrick verhindern. Mit anderen Worten er hat ihm kr\u00e4ftig in die Suppe gespuckt. Sichtlich angewidert sicherte sich der Wixige dann den unr\u00fchmlichen Titel des Pumpenk\u00f6nigs. Ich Pers\u00f6nlich halte dies ja f\u00fcr die h\u00f6chste Auszeichnung eines jeden Keglers, aber Geschm\u00e4cker und Meinungen sind ja gl\u00fccklicherweise verschieden. Auf das allmonatliche St\u00e4ndchen musste dieses Mal verzichtet werden, die Pumpenwurst spendierte lieber \u00b4ne Runde Tulpen. Auch auf den traditionellen Marsch in Richtung Arnsberger Abendlokale musste verzichtet werden, so nahmen die durstigen W\u00fcrste zwischen Werkzeugkoffer und Schaltkn\u00fcppel Platz und lie\u00dfen sich herrschaftlich vor das ehemals als Pub bezeichnete Etablissement kutschieren. Das waren also nun knapp eineinhalb Jahre Wurstpumpen. Auf zur gro\u00dfen Halbjahresgeburtstagsfeier am frisch renovierten Gr\u00fcndungsort!<\/p>\n<p>&nbsp;<\/p>\n<p>September, die Wurstpumpen feiern ihren 1 \u00bd J\u00e4hrigen Geburtstag. Aber richtig! Beim Kegeln wird es ordentlich krachen gelassen. Gastkegler Felix Hunecke und Frank Reckwald duellierten sich darin die Kugel m\u00f6glichst schwungvoll, genannt aggressiv, vor die Kegel zu schmettern. Hiermit konnten Sie zwar den ein oder anderen Punkt verbuchen, stachelten sich allerdings auch was Pumpen und Schnapsrunden anging immer weiter an. Fabian brachte seine Kamera mit um den feierlichen Anlass mit einem Highlight-Video des Abends zu zelebrieren, auch die einzelnen Pumpen kamen zu Wort und finden sich nun auf YouTube wieder. Kegelk\u00f6nig wurde \u00d6tte, f\u00fcr den das Wochenende nicht sch\u00f6ner h\u00e4tte sein k\u00f6nnen. So wurde ihm neben dem Pokal beim Kegeln einen Tag sp\u00e4ter die Urkunde \u00fcber eine \u00bd j\u00e4hrige Mitgliedschaft verliehen. Die Halbjahreshauptversammlung im Hauptquartier war recht sp\u00e4rlich besucht, was der Stimmung allerdings keinen Abbruch tat. Es gab Rotwein durch den Trichter und nat\u00fcrlich die obligatorischen Oliven.<\/p>\n<p>Der Oktober kam kalt, das stand schon nach wenigen Tagen fest. Unbeeindruckt reisten die Feierw\u00fctigen Kegelgeschwister in das nahegelegene Willingen. Ein Skigebiet. Drei Tage wurde hier Wellness-Urlaub vom Feinsten im 4-Sterne Sauerlandstern gemacht. Die Wurstpumpen g\u00f6nnten sich selbstverst\u00e4ndlich nur ruhe und nutzten das All-Inclusive Paket nur f\u00fcr Cola und Milch. Und wenn sie dies nicht taten verbrachten sie die Zeit mit Bier und Bacardi. Das \u201eriesige\u201c Schwimmareal des Sterns wurde in den fr\u00fchen Morgenstunden ausgekundschaftet und man konnte sogar Zeuge einer seltenen Kung-Fu Darbietung auf dem Flur werden. Die neuen Kegelshirts erf\u00fcllten ihren Zweck voll und ganz, wollte doch so mancher gerne wissen wie wir auf einen solchen Namen kamen. Etwa 3 Wochen nach der grandiosen Kegelfahrt stand der n\u00e4chste Pflichttermin auf dem Programm. Nahezu alle Anwesenden schafften es P\u00fcnktlich in die Aussicht, Dennis musste noch einen Brief schreiben. Der zweite Auftritt der T-Shirts wurde nicht auf Fotos festgehalten, warum auch. Gastkegler Martin Berger lieferte sich im Verlauf des Abr\u00e4umens ein spannendes Duell mit Korb\u2018s Patrick und Stratmann\u2018s Dennis \u2013 scheiterte aber beim letzten Wurf womit der Kegelcup bei den W\u00fcrsten blieb. Pumpenk\u00f6nig wurde \u00d6tte, er pr\u00e4sentierte einen neuen \u201eK\u00f6tersong\u201c mit sage und schreibe einer Strophe. Ein wichtiger Punkt am Rande bildet noch der Marsch in die Stadt. Statt den normalen Weg \u00fcber Stra\u00dfen fortzusetzen k\u00fcrzten vier eifrige Kegler durch s\u00e4mtliche G\u00e4rten an der Hauptstr. ab. Hier traf man beispielsweise auf eine etwa 2m hohe Mauer \u2013 besser gesagt einen so gro\u00dfen Abgrund. Kegelvater Pluto lies dies wenig kalt, er sprang quasi noch im Lauf hinunter. \u00d6tte l\u00f6ste es nicht allzu elegant und landete \u2013 zum zweiten Mal diesen Monat \u2013 auf seinem Ges\u00e4\u00df.<\/p>\n<p>&nbsp;<\/p>\n<p>Im November marschierten die Pumpen wieder einmal p\u00fcnktlich im eleganten Zwirn zur Aussicht. Ein sehr spannender und historischer Kegelabend sollte ihnen bevorstehen. Zum ersten (!) mal in der Geschichte der Wurst konnten alle neun an Galgen h\u00e4ngenden Gegenspieler mit einer Kanonenkugel weggepfeffert werden. Besser gesagt, Korb\u2018s Patrick war die erste Wurst die es schaffte \u201ealle Neune\u201c zu werfen. Nahezu unbeeindruckt davon legten Kassierer Kersch und Gastkegler Mossad nach, feierten dieses aber nicht sooo sch\u00f6n wie Patrick\u2018s Korb, aber irgendwie auch doch. Das Arnsberger Wetter schrie f\u00f6rmlich nach Schnapsrunden, ganz zur Freude unseres Deckels, der dem noch fr\u00f6hlicheren Wirt ein Grinsen auf die Wangen zauberte. Was tun wir nicht alles f\u00fcr unsere Umwelt, herrlich. Das typische Ausklingen in der Stadt ging wieder bis in die fr\u00fchen Morgenstunden. Hiernach setzte ein weiterer Zauber ein, hatte ich nicht gestern noch 50 \u20ac ? Um nochmal nachzulegen wurde sich am Samstag zu einer gem\u00fctlichen Runde Astra Rotlicht und Barcadi Cola im Hauptquartier eingefunden. Bei Hits wie Eric Cartmans Version von Pokerface oder der grandiosen \u201eDer schnellste Job der Welt\u201c Doku rund um den gro\u00dfartigen Ronny Sch\u00e4fer und seiner Achterbahn Crew wurde auf die Dortmunder Fans gewartet, die ein nicht zu sch\u00f6nes Fu\u00dfballspiel im Stadion wegtrinken mussten. Auch dieser Abend endete, dank des innovativsten Kartenspiels aller Zeiten, ebenfalls gegen 6\u2026<\/p>\n<p>&nbsp;<\/p>\n<p>Dezember, \u00fcberraschenderweise m\u00e4chtig Schneepr\u00e4chtig und naja, nennen wir es kalt. Die wurstpumprigen Wurstpumpen pumpen ein paar Bier im T-Heim und feiern eine sagenhafte Weihnachtsfeier zu der es sogar der Weihnachtsmann schaffte eine saftige Bescherung auf die Tische zu zaubern. Okay, es blieb bei Fotos und L\u00e4cheln, aber daf\u00fcr haben wir dem Sack die Rentiere geklaut, das hatte er nun davon\u2026 Aufgrund der mit etwas Versp\u00e4tung startenden Weihnachtsfeier (Ger\u00fcchte gehen durch den Raum, dass noch ein Brief geschrieben werden musste) fiel das Dezember-Kegeln flach. Den Entertainment-Faktor konnten die anwesenden Gr\u00fcnkohl vernichtenden Pumpen allerdings hochhalten, so gab es, unter lauten Jubelst\u00fcrmen der K\u00fcche und Bedienung, w\u00f6rtlich Doris und Gustav, nette Weihnachtliche Gesangseinlagen, Gedichte und fiese Spr\u00fcche. Mit einer netten Schock-Runde ging der offizielle Part zu Ende und ein paar unersch\u00fctterliche trafen sich noch im Hauptquartier auf ein paar Rotlicht Astras.<\/p>\n","protected":false},"excerpt":{"rendered":"<p>Das Jahr 2009\u2026 Im Januar unterschrieb der nun zum dritten Mal anwesende Gastkegler Robert Siedhoff einen Vertrag bei den Wurstpumpen. Die Vertragskonditionen sind mir nicht bekannt, er scheint aber stets <a class=\"more-link\" href=\"https:\/\/die-wurstpumpen.de\/?page_id=39\">weiterlesen&#8230;<\/a><\/p>\n","protected":false},"author":2,"featured_media":0,"parent":14,"menu_order":0,"comment_status":"closed","ping_status":"closed","template":"","meta":{"footnotes":""},"_links":{"self":[{"href":"https:\/\/die-wurstpumpen.de\/index.php?rest_route=\/wp\/v2\/pages\/39"}],"collection":[{"href":"https:\/\/die-wurstpumpen.de\/index.php?rest_route=\/wp\/v2\/pages"}],"about":[{"href":"https:\/\/die-wurstpumpen.de\/index.php?rest_route=\/wp\/v2\/types\/page"}],"author":[{"embeddable":true,"href":"https:\/\/die-wurstpumpen.de\/index.php?rest_route=\/wp\/v2\/users\/2"}],"replies":[{"embeddable":true,"href":"https:\/\/die-wurstpumpen.de\/index.php?rest_route=%2Fwp%2Fv2%2Fcomments&post=39"}],"version-history":[{"count":1,"href":"https:\/\/die-wurstpumpen.de\/index.php?rest_route=\/wp\/v2\/pages\/39\/revisions"}],"predecessor-version":[{"id":41,"href":"https:\/\/die-wurstpumpen.de\/index.php?rest_route=\/wp\/v2\/pages\/39\/revisions\/41"}],"up":[{"embeddable":true,"href":"https:\/\/die-wurstpumpen.de\/index.php?rest_route=\/wp\/v2\/pages\/14"}],"wp:attachment":[{"href":"https:\/\/die-wurstpumpen.de\/index.php?rest_route=%2Fwp%2Fv2%2Fmedia&parent=39"}],"curies":[{"name":"wp","href":"https:\/\/api.w.org\/{rel}","templated":true}]}}