{"id":35,"date":"2016-12-16T06:28:17","date_gmt":"2016-12-16T05:28:17","guid":{"rendered":"http:\/\/die-wurstpumpen.de\/?page_id=35"},"modified":"2016-12-16T06:29:36","modified_gmt":"2016-12-16T05:29:36","slug":"2008-2","status":"publish","type":"page","link":"https:\/\/die-wurstpumpen.de\/?page_id=35","title":{"rendered":"2008"},"content":{"rendered":"<p>1.Wurstpumpen? Kenn ich nicht\u2026 Wir schreiben den 21.03.2008, mehrere Ahnungslose haben sich in einer Bar im Rumbecker M\u00fchlbachtal versammelt um einen Kegelclub zu gr\u00fcnden. Spektakul\u00e4r oder? Okay, ein bisschen Vorgeschichte kann ich mir nicht verkneifen. Das Jahr 2008 ist noch keine 365 Stunden alt, da sa\u00dfen vier hier namentlich schon mehrfach erw\u00e4hnte Leute in einer Arnsberger Gastronomie mit sch\u00f6ner Aussicht und erz\u00e4hlten von der guten alten Zeit, all\u2018 die guten alten Geschichten. \u00c4lter als 10 Jahre waren die zwar nicht, die j\u00fcngste vielleicht zwei Tage, aber man erz\u00e4hlte sich etwas. Eine dieser Geschichten ging aber pl\u00f6tzlich weiter zur\u00fcck. Waren wir hier nicht mal mit dem Fu\u00dfball kegeln? Leuchtende Augen, angeregtes Nachdenken und es wurde an den Jugendraum Kegelabend in einem etwas zu teuer geratenen Pizzarestaurant auf der Clemens-August-Stra\u00dfe erinnert. Nat\u00fcrlich wurde die Kegelbahn in der \u201eSch\u00f6nen Aussicht\u201c noch am selben Abend gemietet und die ersten Leute standen auch schon fest. Das erste Kegeln, noch ohne Namen, Club und Ahnung, verlief \u00fcberraschend gut und schnell wurde sich geeinigt, das machen wir noch einmal. ZEITSPRUNG Eine Woche sp\u00e4ter wurde aus dem \u201enochmal\u201c bereits die Gr\u00fcndung eines Kegelclubs. Am 21.03.2008 sollte es dann endlich soweit sein. Gesch\u00e4digt von dem drei\u00dfigsten Geburtstag Rumbecker Dorfprominenz versammelten sich die motivierten Kegelbr\u00fcder zusammen mit einer Dose ranzig aussehender Oliven vom netten Gyros-Lieferanten in Lei\u00dfe\u2019s Bar und philosophierten ein Regelwerk zusammen. Pl\u00f6tzlich stand auch schon die erste H\u00fcrde im Raum. Ob es nun Top(f) 5 oder 6 der Tagesordnung war oder auch ein komplett anderer ist heute nicht mehr wichtig. Wichter war der Inhalt: Name. Einfach \u201eName\u201c. Kurz und schmerzloses \u201eName\u201c, mehr nicht. Wie sollten wir uns denn schon nennen, brauchen wir \u00fcberhaupt einen Namen? Unter der Woche machten sich, dem Kegelgott sei Dank, schon mal die ersten Leute Gedanken. \u201eEine Scheibe Wurst auf\u2019s Brot\u201c stand nicht schlecht im Kurs. Der Kegelclub \u201eEine Scheibe Wurst aufs Brot\u201c bitte auf Bahn zwei! \u201eEine Scheibe Wurst aufs Brot\u201c, nette Vorstellung, wurde nat\u00fcrlich abgewiesen. \u00c4hnlich ging es den Namen: Eine Scheibe K\u00e4se auf\u2019s Brot, Dennis\u2019s Kegelclub,&#8230;\u2018s Kegelclub Wirklich unwichtig f\u00fcr sp\u00e4tere Recherchen ist der Fakt, dass der Name \u201eDie Rektale Vergeltung\u201c niemals zur Wahl stand. Auch wurde Tokio Hotel nicht nach uns benannt und andersrum. Wirklich einig konnten wir uns nicht werden. Sollten es tats\u00e4chlich die \u201ePumpenknacker\u201c werden? N\u00f6, soviel dazu. Pluto Reckwald brachte pl\u00f6tzlich einen so wichtigen, wenn auch so leicht nicht zu erkl\u00e4renden Vergleich auf. Eine Behauptung, kann man sagen. \u201eDie Oliven sehen aus wie Wurstkr\u00fcmel!\u201c So bl\u00f6dsinnig dieser Satz war, ein Wort blieb h\u00e4ngen \u2013 Wurstkr\u00fcmel. Die Wahl viel geteilt aus. 50% Pumpenknacker, 50% Wurstkr\u00fcmel. Der frisch gekr\u00f6nte Kegelvater schlug vor die W\u00f6rter einfach zu kombinieren. Pumpenw\u00fcrste? Wurstknacker? Pumpenkr\u00fcmel? Wortneusch\u00f6pfungen standen an dem Abend h\u00f6her denn je im Kurs, am Ende sollten es die Wurstpumpen werden. Das erste Kegeln unter neuem Namen oder besser gesagt das Geburtskegeln der Wurstpumpen \u00fcbertraf den ersten Kegelabend ma\u00dflos. Auch wenn das eine Tods\u00fcnde sein mag, scheiss doch einfach drauf. Genau an diesem Abend wurde klar wie viel wert der Club schon jetzt gewesen war. Pl\u00f6tzlich waren all\u2018 die alten Geschichten wieder greifbar nah und wurden selbstverst\u00e4ndlich bis ins letzte Detail ausklam\u00fcsert. Ein erstes Highlight konnten die Pumpen schon nach kurzer Zeit verbuchen. Das Rumbecker Dorftunier stand an und als frisch gegr\u00fcndeter, in dieser Konstellation nat\u00fcrlich hei\u00df wie Frittenfett und dem Fu\u00dfball nat\u00fcrlich v\u00f6llig fremder, Kegelclub fieberten wir mit. Wir kamen als unbekannte und gingen mit dem Pokal nach Hause, keine schlechte Leistung. Fu\u00dfball und Kegeln scheinen irgendetwas gemein zu haben\u2026 Unter der freundlichen Zustimmung unserer Stammwirte wurde der Pokal feierlich auf der Fensterbank platziert und wacht nun ein Jahr lang dort. Gereinigt wurde er nat\u00fcrlich vorher und ungleich dem Titelgewinn des Jugendraums im Jahre 2005 wurde das Siegerschild sehr schnell mit unserem Namen erg\u00e4nzt. Nach einem halben Jahr ernstem Wettkampf hatten wir uns wieder zur\u00fcck zum Geburtsort hingezogen gef\u00fchlt und hielten die erste Halbjahreshauptversammlung in der Geschichte der Wurstpumpen ab. Frank Reckwald, Andr\u00e9 Reckwald, Stephan Kersch, Patrick Korb, Jasmin Rose, Frank Wistuba, Dennis Stratmann und Fabian Lei\u00dfe erhielten das bis dato h\u00f6chste Lob in der Geschichte der Wurstpumpen, eine Urkunde zur halbj\u00e4hrigen Mitgliedschaft. Obwohl wir viel zu sp\u00e4t mit der Versammlung angefangen hatten, die legend\u00e4ren Oliven schon auf dem Tisch standen und eigentlich niemand mehr wirklich diskutieren wollte taten wir dieses noch muntere zweieinhalb Stunden weiter. Irgendwann gegen 1 Uhr morgens war auch das letzte Thema vom Tisch und die ersch\u00f6pften Mitglieder konnten sich getrost an die Kiste schmei\u00dfen. Bei den n\u00e4chsten Kegelabenden stand die Kegelfahrt in die Eismecke im Vordergrund. Wer was wo machen sollte, wer wann wo anruft und wie das ganze \u00fcberhaupt von statten gehen sollte wurde besprochen. In der Zwischenzeit konnte man den noch aus alten Jugendraumtagen bekannten Thomas Klahold als aktiven Kegelbruder gewinnen. Wer konnte bitte ahnen das Thommy kegeln kann? Dann stand schon die Fahrt vor der T\u00fcr. Der Stratm\u00e4nnige Dennis und der Kegelpapa lieferten sich in der ersten Nacht, geradeweg beim Verdauen niederl\u00e4ndischer Spezialit\u00e4ten (wir waren vorher beim Holl\u00e4nder in Bestwig kegeln, f\u00fcr diejenigen die jetzt etwas anderes vermuteten), ein Duell bei der Reise nach Jerusalem. Ein Pfannenwender fand die Pfanne zu Warm und einige M\u00e4gen fanden das Bier und vor allem den Schnaps beim besten Willen nicht lecker. Der Rest des Jahres verlief ruhig und gew\u00f6hnlich. Im Dezember gab es allerdings eine Sensation. Das Kegeln fiel aus. Gestrichen, fertig. Stattdessen trafen sich die \u201eFreunde der Nacht und des Bechers\u201c um mal ein Zitat in den Raum zu werfen im Tennisheim zur gem\u00fctlichen Bier-Wichteln-Gr\u00fcnkohl-Weihnachtslieder-Feier. Eine gute Mischung wie sich herausstellte.<\/p>\n","protected":false},"excerpt":{"rendered":"<p>1.Wurstpumpen? Kenn ich nicht\u2026 Wir schreiben den 21.03.2008, mehrere Ahnungslose haben sich in einer Bar im Rumbecker M\u00fchlbachtal versammelt um einen Kegelclub zu gr\u00fcnden. Spektakul\u00e4r oder? Okay, ein bisschen Vorgeschichte <a class=\"more-link\" href=\"https:\/\/die-wurstpumpen.de\/?page_id=35\">weiterlesen&#8230;<\/a><\/p>\n","protected":false},"author":2,"featured_media":0,"parent":14,"menu_order":0,"comment_status":"closed","ping_status":"closed","template":"","meta":{"footnotes":""},"_links":{"self":[{"href":"https:\/\/die-wurstpumpen.de\/index.php?rest_route=\/wp\/v2\/pages\/35"}],"collection":[{"href":"https:\/\/die-wurstpumpen.de\/index.php?rest_route=\/wp\/v2\/pages"}],"about":[{"href":"https:\/\/die-wurstpumpen.de\/index.php?rest_route=\/wp\/v2\/types\/page"}],"author":[{"embeddable":true,"href":"https:\/\/die-wurstpumpen.de\/index.php?rest_route=\/wp\/v2\/users\/2"}],"replies":[{"embeddable":true,"href":"https:\/\/die-wurstpumpen.de\/index.php?rest_route=%2Fwp%2Fv2%2Fcomments&post=35"}],"version-history":[{"count":3,"href":"https:\/\/die-wurstpumpen.de\/index.php?rest_route=\/wp\/v2\/pages\/35\/revisions"}],"predecessor-version":[{"id":42,"href":"https:\/\/die-wurstpumpen.de\/index.php?rest_route=\/wp\/v2\/pages\/35\/revisions\/42"}],"up":[{"embeddable":true,"href":"https:\/\/die-wurstpumpen.de\/index.php?rest_route=\/wp\/v2\/pages\/14"}],"wp:attachment":[{"href":"https:\/\/die-wurstpumpen.de\/index.php?rest_route=%2Fwp%2Fv2%2Fmedia&parent=35"}],"curies":[{"name":"wp","href":"https:\/\/api.w.org\/{rel}","templated":true}]}}