{"id":253,"date":"2016-12-16T07:42:55","date_gmt":"2016-12-16T06:42:55","guid":{"rendered":"http:\/\/die-wurstpumpen.de\/?page_id=253"},"modified":"2026-03-23T09:21:41","modified_gmt":"2026-03-23T08:21:41","slug":"stephan","status":"publish","type":"page","link":"https:\/\/die-wurstpumpen.de\/?page_id=253","title":{"rendered":"Stephan"},"content":{"rendered":"<p><strong>Stephan<\/strong><\/p>\n<p><img loading=\"lazy\" decoding=\"async\" class=\"alignleft  wp-image-1077\" src=\"http:\/\/die-wurstpumpen.de\/wp-content\/uploads\/2022\/05\/S.-Kersch-05.2022-169x300.jpg\" alt=\"\" width=\"177\" height=\"314\" srcset=\"https:\/\/die-wurstpumpen.de\/wp-content\/uploads\/2022\/05\/S.-Kersch-05.2022-169x300.jpg 169w, https:\/\/die-wurstpumpen.de\/wp-content\/uploads\/2022\/05\/S.-Kersch-05.2022-576x1024.jpg 576w, https:\/\/die-wurstpumpen.de\/wp-content\/uploads\/2022\/05\/S.-Kersch-05.2022-768x1365.jpg 768w, https:\/\/die-wurstpumpen.de\/wp-content\/uploads\/2022\/05\/S.-Kersch-05.2022-864x1536.jpg 864w, https:\/\/die-wurstpumpen.de\/wp-content\/uploads\/2022\/05\/S.-Kersch-05.2022-84x150.jpg 84w, https:\/\/die-wurstpumpen.de\/wp-content\/uploads\/2022\/05\/S.-Kersch-05.2022.jpg 900w\" sizes=\"(max-width: 177px) 100vw, 177px\" \/><\/p>\n<p>Spitzname(n):<\/p>\n<p>Kerschi, Kerschken, Vatta Kersch, Kerchi<\/p>\n<p>Amt\/\u00c4mter:<\/p>\n<p>Mitglied des 3-k\u00f6pfigen \u00c4ltestenrates seit 21.03.2026<\/p>\n<p>1. Chronist seit 21.03.2026<\/p>\n<p>3. Chronist vom 31.07.2021 &#8211; 26.03.2022<\/p>\n<p>1. Chronist 24.03.2018 &#8211; 31.07.2021<\/p>\n<p>Kassenwart seit 21.03.2008 (Gr\u00fcndung)<\/p>\n<p>Erfolg(e):<\/p>\n<p>Konstrukteursmeister 2016\/2017<\/p>\n<p>Torsch\u00fctzenk\u00f6nig 2019\/2020<\/p>\n<p>Torsch\u00fctzenk\u00f6nig 2020-2022<\/p>\n<p>Pokalsieger 2022\/2023<\/p>\n<p>Der ewige Stephan. Kerschi ist als Gr\u00fcndungsmitglied der Wurstpumpen von Beginn an dabei und begleitet den kometenhaften Aufstieg des Clubs durchweg in seiner T\u00e4tigkeit als Kassenwart. Er kann in seiner Aufgabe als Wirtschaftsminister streng, aber auch g\u00f6nnerhaft sein. So ist es ihm zu verdanken, dass der Club aus dem Sauerland sich in wirtschaftlich sicheren Fahrwassern bewegt und die finanzielle Angemessenheitspr\u00fcfung bei Fragen des Alkoholkonsums oder Festivit\u00e4ten in der Regel positiv ausf\u00e4llt, sehr zur Freude der anderen Wurstpumpen.<\/p>\n<p>Kegeltechnisch hat sich Kerschi zu einem variablen Spieler entwickelt, der manchmal auch gar nicht so langsam kegelt. Mit seiner Spielweise konnte sich Stephan auch schon den ein oder anderen Titel sichern, besonders beim Tore schie\u00dfen konnte er sich hervortun, obwohl er bei einem anderen Dorfklub f\u00fcr das Toreverhindern zust\u00e4ndig ist \u2013 kurios. In der Zukunft wird er sicherlich auch den ein oder anderen Angriff auf Dauersieger Schroke starten, vielleicht sogar sportlich.<\/p>\n","protected":false},"excerpt":{"rendered":"<p>Stephan Spitzname(n): Kerschi, Kerschken, Vatta Kersch, Kerchi Amt\/\u00c4mter: Mitglied des 3-k\u00f6pfigen \u00c4ltestenrates seit 21.03.2026 1. Chronist seit 21.03.2026 3. Chronist vom 31.07.2021 &#8211; 26.03.2022 1. Chronist 24.03.2018 &#8211; 31.07.2021 Kassenwart <a class=\"more-link\" href=\"https:\/\/die-wurstpumpen.de\/?page_id=253\">weiterlesen&#8230;<\/a><\/p>\n","protected":false},"author":2,"featured_media":0,"parent":11,"menu_order":0,"comment_status":"closed","ping_status":"closed","template":"","meta":{"footnotes":""},"_links":{"self":[{"href":"https:\/\/die-wurstpumpen.de\/index.php?rest_route=\/wp\/v2\/pages\/253"}],"collection":[{"href":"https:\/\/die-wurstpumpen.de\/index.php?rest_route=\/wp\/v2\/pages"}],"about":[{"href":"https:\/\/die-wurstpumpen.de\/index.php?rest_route=\/wp\/v2\/types\/page"}],"author":[{"embeddable":true,"href":"https:\/\/die-wurstpumpen.de\/index.php?rest_route=\/wp\/v2\/users\/2"}],"replies":[{"embeddable":true,"href":"https:\/\/die-wurstpumpen.de\/index.php?rest_route=%2Fwp%2Fv2%2Fcomments&post=253"}],"version-history":[{"count":15,"href":"https:\/\/die-wurstpumpen.de\/index.php?rest_route=\/wp\/v2\/pages\/253\/revisions"}],"predecessor-version":[{"id":1550,"href":"https:\/\/die-wurstpumpen.de\/index.php?rest_route=\/wp\/v2\/pages\/253\/revisions\/1550"}],"up":[{"embeddable":true,"href":"https:\/\/die-wurstpumpen.de\/index.php?rest_route=\/wp\/v2\/pages\/11"}],"wp:attachment":[{"href":"https:\/\/die-wurstpumpen.de\/index.php?rest_route=%2Fwp%2Fv2%2Fmedia&parent=253"}],"curies":[{"name":"wp","href":"https:\/\/api.w.org\/{rel}","templated":true}]}}