{"id":250,"date":"2016-12-16T07:42:21","date_gmt":"2016-12-16T06:42:21","guid":{"rendered":"http:\/\/die-wurstpumpen.de\/?page_id=250"},"modified":"2025-03-28T14:48:19","modified_gmt":"2025-03-28T13:48:19","slug":"robert","status":"publish","type":"page","link":"https:\/\/die-wurstpumpen.de\/?page_id=250","title":{"rendered":"Robert"},"content":{"rendered":"<p><strong>Robert<\/strong><\/p>\n<p><img loading=\"lazy\" decoding=\"async\" class=\"alignleft  wp-image-1079\" src=\"http:\/\/die-wurstpumpen.de\/wp-content\/uploads\/2022\/05\/R.-Siedhoff-05.2022-169x300.jpg\" alt=\"\" width=\"172\" height=\"305\" srcset=\"https:\/\/die-wurstpumpen.de\/wp-content\/uploads\/2022\/05\/R.-Siedhoff-05.2022-169x300.jpg 169w, https:\/\/die-wurstpumpen.de\/wp-content\/uploads\/2022\/05\/R.-Siedhoff-05.2022-576x1024.jpg 576w, https:\/\/die-wurstpumpen.de\/wp-content\/uploads\/2022\/05\/R.-Siedhoff-05.2022-768x1365.jpg 768w, https:\/\/die-wurstpumpen.de\/wp-content\/uploads\/2022\/05\/R.-Siedhoff-05.2022-864x1536.jpg 864w, https:\/\/die-wurstpumpen.de\/wp-content\/uploads\/2022\/05\/R.-Siedhoff-05.2022-84x150.jpg 84w, https:\/\/die-wurstpumpen.de\/wp-content\/uploads\/2022\/05\/R.-Siedhoff-05.2022.jpg 900w\" sizes=\"(max-width: 172px) 100vw, 172px\" \/><\/p>\n<p>Spitzname(n):<\/p>\n<p>\u00d6tte, \u00d6ttinger<\/p>\n<p>Amt\/\u00c4mter:<\/p>\n<p>3. Chronist 24.03.2018 &#8211; 31.07.2021<\/p>\n<p>Kegelvater\u00a0vom 23.03.2013 &#8211; 25.03.2017<\/p>\n<p>Erfolg(e):<\/p>\n<p>Pokalsieger 2017\/2018<\/p>\n<p>\u00d6tte ist seit 17.01.2009 Mitglied der Wurstpumpen. Er genie\u00dft gro\u00dfes Ansehen unter den Mitgliedern, was ihm schlie\u00dflich 2013 f\u00fcr einige Jahre das Amt des Kegelvaters bescherte. Er f\u00fchrte in dieser Zeit die Geschicke des Vereins tadellos. Die Wurstpumpen w\u00fcnschen \u00d6tte weiterhin eine gl\u00fcckliche Hand und einen frechen Durst!<\/p>\n","protected":false},"excerpt":{"rendered":"<p>Robert Spitzname(n): \u00d6tte, \u00d6ttinger Amt\/\u00c4mter: 3. Chronist 24.03.2018 &#8211; 31.07.2021 Kegelvater\u00a0vom 23.03.2013 &#8211; 25.03.2017 Erfolg(e): Pokalsieger 2017\/2018 \u00d6tte ist seit 17.01.2009 Mitglied der Wurstpumpen. Er genie\u00dft gro\u00dfes Ansehen unter den <a class=\"more-link\" href=\"https:\/\/die-wurstpumpen.de\/?page_id=250\">weiterlesen&#8230;<\/a><\/p>\n","protected":false},"author":2,"featured_media":0,"parent":11,"menu_order":0,"comment_status":"closed","ping_status":"closed","template":"","meta":{"footnotes":""},"_links":{"self":[{"href":"https:\/\/die-wurstpumpen.de\/index.php?rest_route=\/wp\/v2\/pages\/250"}],"collection":[{"href":"https:\/\/die-wurstpumpen.de\/index.php?rest_route=\/wp\/v2\/pages"}],"about":[{"href":"https:\/\/die-wurstpumpen.de\/index.php?rest_route=\/wp\/v2\/types\/page"}],"author":[{"embeddable":true,"href":"https:\/\/die-wurstpumpen.de\/index.php?rest_route=\/wp\/v2\/users\/2"}],"replies":[{"embeddable":true,"href":"https:\/\/die-wurstpumpen.de\/index.php?rest_route=%2Fwp%2Fv2%2Fcomments&post=250"}],"version-history":[{"count":9,"href":"https:\/\/die-wurstpumpen.de\/index.php?rest_route=\/wp\/v2\/pages\/250\/revisions"}],"predecessor-version":[{"id":1419,"href":"https:\/\/die-wurstpumpen.de\/index.php?rest_route=\/wp\/v2\/pages\/250\/revisions\/1419"}],"up":[{"embeddable":true,"href":"https:\/\/die-wurstpumpen.de\/index.php?rest_route=\/wp\/v2\/pages\/11"}],"wp:attachment":[{"href":"https:\/\/die-wurstpumpen.de\/index.php?rest_route=%2Fwp%2Fv2%2Fmedia&parent=250"}],"curies":[{"name":"wp","href":"https:\/\/api.w.org\/{rel}","templated":true}]}}