{"id":247,"date":"2016-12-16T07:41:47","date_gmt":"2016-12-16T06:41:47","guid":{"rendered":"http:\/\/die-wurstpumpen.de\/?page_id=247"},"modified":"2026-03-23T09:22:18","modified_gmt":"2026-03-23T08:22:18","slug":"patrick","status":"publish","type":"page","link":"https:\/\/die-wurstpumpen.de\/?page_id=247","title":{"rendered":"Patrick"},"content":{"rendered":"<p><strong>Patrick<\/strong><\/p>\n<p><img loading=\"lazy\" decoding=\"async\" class=\"alignleft  wp-image-1081\" src=\"http:\/\/die-wurstpumpen.de\/wp-content\/uploads\/2022\/05\/P.-Korb-05.2022-169x300.jpg\" alt=\"\" width=\"181\" height=\"321\" srcset=\"https:\/\/die-wurstpumpen.de\/wp-content\/uploads\/2022\/05\/P.-Korb-05.2022-169x300.jpg 169w, https:\/\/die-wurstpumpen.de\/wp-content\/uploads\/2022\/05\/P.-Korb-05.2022-576x1024.jpg 576w, https:\/\/die-wurstpumpen.de\/wp-content\/uploads\/2022\/05\/P.-Korb-05.2022-768x1365.jpg 768w, https:\/\/die-wurstpumpen.de\/wp-content\/uploads\/2022\/05\/P.-Korb-05.2022-864x1536.jpg 864w, https:\/\/die-wurstpumpen.de\/wp-content\/uploads\/2022\/05\/P.-Korb-05.2022-84x150.jpg 84w, https:\/\/die-wurstpumpen.de\/wp-content\/uploads\/2022\/05\/P.-Korb-05.2022.jpg 900w\" sizes=\"(max-width: 181px) 100vw, 181px\" \/><\/p>\n<p>Spitzname(n):<\/p>\n<p>Patta, Korbs P, Pattex, Pattarick, Verladejunge<\/p>\n<p>Amt\/\u00c4mter:<\/p>\n<p>Mitglied des 3-k\u00f6pfigen \u00c4ltestenrates seit 21.03.2026<\/p>\n<p>2. Chronist vom 26.03.2022 &#8211; 22.03.2025<\/p>\n<p>Kegelmutter vom 21.03.2008 (Gr\u00fcndung) &#8211; 25.03.2017<\/p>\n<p>Erfolg(e):<\/p>\n<p>Ligameister 2009\/2010<\/p>\n<p>Gewinner des 7-j\u00e4hrigen Geburtstagskegelns M\u00e4rz 2015<\/p>\n<p>Rodungsmeister 2015\/2016<\/p>\n<p style=\"text-align: left;\">Rodungsmeister 2018\/2019<\/p>\n<p>Gewinner des 12,5-j\u00e4hrigen Geburtstagskegelns September 2021<\/p>\n<p>Rodungsmeister 2020-2022<\/p>\n<p>Rodungsmeister 2022\/2023<\/p>\n<p>Rodungsmeister 2024\/2025<\/p>\n<p>Patta war lange Jahre die Kegelmutter des elit\u00e4ren Klubs und ist Mitgleid der ersten Stunde! Zu Anfang der Klubgeschichte dominierte Patta das Feld. Er besticht durch eine gute Technik, die es ihm erm\u00f6glicht, auch schwierige Situationen zu meistern und daher auch steht\u2018s oben mitzuspielen zu k\u00f6nnen. Wir w\u00fcnschen uns noch viele Jahre mit unserem Patta!<\/p>\n","protected":false},"excerpt":{"rendered":"<p>Patrick Spitzname(n): Patta, Korbs P, Pattex, Pattarick, Verladejunge Amt\/\u00c4mter: Mitglied des 3-k\u00f6pfigen \u00c4ltestenrates seit 21.03.2026 2. Chronist vom 26.03.2022 &#8211; 22.03.2025 Kegelmutter vom 21.03.2008 (Gr\u00fcndung) &#8211; 25.03.2017 Erfolg(e): Ligameister 2009\/2010 <a class=\"more-link\" href=\"https:\/\/die-wurstpumpen.de\/?page_id=247\">weiterlesen&#8230;<\/a><\/p>\n","protected":false},"author":2,"featured_media":0,"parent":11,"menu_order":0,"comment_status":"closed","ping_status":"closed","template":"","meta":{"footnotes":""},"_links":{"self":[{"href":"https:\/\/die-wurstpumpen.de\/index.php?rest_route=\/wp\/v2\/pages\/247"}],"collection":[{"href":"https:\/\/die-wurstpumpen.de\/index.php?rest_route=\/wp\/v2\/pages"}],"about":[{"href":"https:\/\/die-wurstpumpen.de\/index.php?rest_route=\/wp\/v2\/types\/page"}],"author":[{"embeddable":true,"href":"https:\/\/die-wurstpumpen.de\/index.php?rest_route=\/wp\/v2\/users\/2"}],"replies":[{"embeddable":true,"href":"https:\/\/die-wurstpumpen.de\/index.php?rest_route=%2Fwp%2Fv2%2Fcomments&post=247"}],"version-history":[{"count":16,"href":"https:\/\/die-wurstpumpen.de\/index.php?rest_route=\/wp\/v2\/pages\/247\/revisions"}],"predecessor-version":[{"id":1551,"href":"https:\/\/die-wurstpumpen.de\/index.php?rest_route=\/wp\/v2\/pages\/247\/revisions\/1551"}],"up":[{"embeddable":true,"href":"https:\/\/die-wurstpumpen.de\/index.php?rest_route=\/wp\/v2\/pages\/11"}],"wp:attachment":[{"href":"https:\/\/die-wurstpumpen.de\/index.php?rest_route=%2Fwp%2Fv2%2Fmedia&parent=247"}],"curies":[{"name":"wp","href":"https:\/\/api.w.org\/{rel}","templated":true}]}}