{"id":241,"date":"2016-12-16T07:40:13","date_gmt":"2016-12-16T06:40:13","guid":{"rendered":"http:\/\/die-wurstpumpen.de\/?page_id=241"},"modified":"2026-03-23T09:27:34","modified_gmt":"2026-03-23T08:27:34","slug":"jan","status":"publish","type":"page","link":"https:\/\/die-wurstpumpen.de\/?page_id=241","title":{"rendered":"Jan"},"content":{"rendered":"<p><strong>Jan<\/strong><\/p>\n<p><img loading=\"lazy\" decoding=\"async\" class=\"alignleft size-medium wp-image-142\" src=\"http:\/\/die-wurstpumpen.de\/wp-content\/uploads\/2016\/12\/Scheune-klein-168x300.jpg\" alt=\"scheune-klein\" width=\"168\" height=\"300\" srcset=\"https:\/\/die-wurstpumpen.de\/wp-content\/uploads\/2016\/12\/Scheune-klein-168x300.jpg 168w, https:\/\/die-wurstpumpen.de\/wp-content\/uploads\/2016\/12\/Scheune-klein-84x150.jpg 84w, https:\/\/die-wurstpumpen.de\/wp-content\/uploads\/2016\/12\/Scheune-klein.jpg 283w\" sizes=\"(max-width: 168px) 100vw, 168px\" \/><\/p>\n<p>Spitzname(n):<\/p>\n<p>Scheune, Janni<\/p>\n<p>Amt\/\u00c4mter:<\/p>\n<p>Ehrenoberst seit 21.03.2026<\/p>\n<p>Rausschmissbeauftragter seit 22.03.2025<\/p>\n<p>3. Chronist seit 22.03.2025<\/p>\n<p>Abteilungsleiter &#8222;Schwimmen&#8220; vom 24.03.2018 &#8211; 03.07.2020<\/p>\n<p>Erfolg(e):<\/p>\n<p>1.Schwimmer des Monats (Mai 2015)<\/p>\n<p>Rodungsmeister 2016\/2017<\/p>\n<p>Sch\u00fctzenk\u00f6nig 2022\/2023<\/p>\n<p>Sieger \u201eMichael-Schumacher-Kegeln\u201c Januar 2023<\/p>\n<p>Rodungsmeister 2023\/2024<\/p>\n<p>Bernhard-Langer-Sieger 2023\/2024<\/p>\n<p>Sch\u00fctzenk\u00f6nig 2024\/2025<\/p>\n<p>Bernhard-Langer-Sieger 2024\/2025<\/p>\n<p>Rodungsmeister 2025\/2026<\/p>\n<p>Bernhard-Langer-Sieger 2025\/2026<\/p>\n<p>Bei Scheunes Aufnahme war er bereits bekannt f\u00fcr seinen \u00e4u\u00dferst frechen Durst. Da hier das Entwicklungspotential wohl ausgesch\u00f6pft war, feilte er daf\u00fcr an seiner Kegeltechnik. \u00dcber die Jahre wurde seine Technik von Saison zu Saison besser, sodass er heute immer ein Kandidat ist, um u.a. bei Ligaspiel oben angreifen zu k\u00f6nnen. Auch auf Tagestouren und Kegelfahrten &#8211; f\u00fcr die er auch immer gerne im Organisationsteam mitplant &#8211; ist Scheune immer ein Aktivposten und tr\u00e4gt so zur Erheiterung der Menge bei.<\/p>\n","protected":false},"excerpt":{"rendered":"<p>Jan Spitzname(n): Scheune, Janni Amt\/\u00c4mter: Ehrenoberst seit 21.03.2026 Rausschmissbeauftragter seit 22.03.2025 3. Chronist seit 22.03.2025 Abteilungsleiter &#8222;Schwimmen&#8220; vom 24.03.2018 &#8211; 03.07.2020 Erfolg(e): 1.Schwimmer des Monats (Mai 2015) Rodungsmeister 2016\/2017 Sch\u00fctzenk\u00f6nig <a class=\"more-link\" href=\"https:\/\/die-wurstpumpen.de\/?page_id=241\">weiterlesen&#8230;<\/a><\/p>\n","protected":false},"author":2,"featured_media":0,"parent":11,"menu_order":0,"comment_status":"closed","ping_status":"closed","template":"","meta":{"footnotes":""},"_links":{"self":[{"href":"https:\/\/die-wurstpumpen.de\/index.php?rest_route=\/wp\/v2\/pages\/241"}],"collection":[{"href":"https:\/\/die-wurstpumpen.de\/index.php?rest_route=\/wp\/v2\/pages"}],"about":[{"href":"https:\/\/die-wurstpumpen.de\/index.php?rest_route=\/wp\/v2\/types\/page"}],"author":[{"embeddable":true,"href":"https:\/\/die-wurstpumpen.de\/index.php?rest_route=\/wp\/v2\/users\/2"}],"replies":[{"embeddable":true,"href":"https:\/\/die-wurstpumpen.de\/index.php?rest_route=%2Fwp%2Fv2%2Fcomments&post=241"}],"version-history":[{"count":15,"href":"https:\/\/die-wurstpumpen.de\/index.php?rest_route=\/wp\/v2\/pages\/241\/revisions"}],"predecessor-version":[{"id":1556,"href":"https:\/\/die-wurstpumpen.de\/index.php?rest_route=\/wp\/v2\/pages\/241\/revisions\/1556"}],"up":[{"embeddable":true,"href":"https:\/\/die-wurstpumpen.de\/index.php?rest_route=\/wp\/v2\/pages\/11"}],"wp:attachment":[{"href":"https:\/\/die-wurstpumpen.de\/index.php?rest_route=%2Fwp%2Fv2%2Fmedia&parent=241"}],"curies":[{"name":"wp","href":"https:\/\/api.w.org\/{rel}","templated":true}]}}