{"id":238,"date":"2016-12-16T07:39:13","date_gmt":"2016-12-16T06:39:13","guid":{"rendered":"http:\/\/die-wurstpumpen.de\/?page_id=238"},"modified":"2023-03-13T09:25:12","modified_gmt":"2023-03-13T08:25:12","slug":"florian","status":"publish","type":"page","link":"https:\/\/die-wurstpumpen.de\/?page_id=238","title":{"rendered":"Florian"},"content":{"rendered":"<p><strong>Florian<\/strong><\/p>\n<p><img loading=\"lazy\" decoding=\"async\" class=\"alignleft  wp-image-1085\" src=\"http:\/\/die-wurstpumpen.de\/wp-content\/uploads\/2022\/05\/F.-Huelsmann-05.2022-169x300.jpg\" alt=\"\" width=\"176\" height=\"312\" srcset=\"https:\/\/die-wurstpumpen.de\/wp-content\/uploads\/2022\/05\/F.-Huelsmann-05.2022-169x300.jpg 169w, https:\/\/die-wurstpumpen.de\/wp-content\/uploads\/2022\/05\/F.-Huelsmann-05.2022-576x1024.jpg 576w, https:\/\/die-wurstpumpen.de\/wp-content\/uploads\/2022\/05\/F.-Huelsmann-05.2022-768x1365.jpg 768w, https:\/\/die-wurstpumpen.de\/wp-content\/uploads\/2022\/05\/F.-Huelsmann-05.2022-864x1536.jpg 864w, https:\/\/die-wurstpumpen.de\/wp-content\/uploads\/2022\/05\/F.-Huelsmann-05.2022-84x150.jpg 84w, https:\/\/die-wurstpumpen.de\/wp-content\/uploads\/2022\/05\/F.-Huelsmann-05.2022.jpg 900w\" sizes=\"(max-width: 176px) 100vw, 176px\" \/><\/p>\n<p>Spitzname(n):<\/p>\n<p>H\u00fclse, Esl\u00fch, Flori, H\u00fclsinger, Maschine, Flo<\/p>\n<p>Amt\/\u00c4mter:<\/p>\n<p>3. Chronist\u00a025.03.2017 &#8211; 24.03.2018<\/p>\n<p>Erfolg(e):<\/p>\n<p>Pumpenk\u00f6nig 2013\/2014<\/p>\n<p>Konstrukteursmeister 2020-2022<\/p>\n<p>Konstrukteursmeister 2022\/2023<\/p>\n<p>Thank god it&#8217;s saturday! Seitdem wir nicht mehr &#8211; wie in alten Zeiten &#8211; freitags die Kugel schmei\u00dfen, hat auch H\u00fclse des \u00d6fteren Zeit f\u00fcr die wichtigen Dinge im Leben. Tauscht er sein Radsport-Feinmechatroniker-Werkzeug gegen eine Kugel und frisches Pilsener, ist er stets eine Bereicherung unserer lustigen Truppe. W\u00e4hrend es sportlich oft nicht hoch hinaus geht, qualifiziert er sich doch konstant f\u00fcr jede Kegeltour und tr\u00e4gt durch seinen ausgepr\u00e4gten Sinn f\u00fcr Humor immer zur Unterhaltung bei.<\/p>\n","protected":false},"excerpt":{"rendered":"<p>Florian Spitzname(n): H\u00fclse, Esl\u00fch, Flori, H\u00fclsinger, Maschine, Flo Amt\/\u00c4mter: 3. Chronist\u00a025.03.2017 &#8211; 24.03.2018 Erfolg(e): Pumpenk\u00f6nig 2013\/2014 Konstrukteursmeister 2020-2022 Konstrukteursmeister 2022\/2023 Thank god it&#8217;s saturday! Seitdem wir nicht mehr &#8211; wie <a class=\"more-link\" href=\"https:\/\/die-wurstpumpen.de\/?page_id=238\">weiterlesen&#8230;<\/a><\/p>\n","protected":false},"author":2,"featured_media":0,"parent":11,"menu_order":0,"comment_status":"closed","ping_status":"closed","template":"","meta":{"footnotes":""},"_links":{"self":[{"href":"https:\/\/die-wurstpumpen.de\/index.php?rest_route=\/wp\/v2\/pages\/238"}],"collection":[{"href":"https:\/\/die-wurstpumpen.de\/index.php?rest_route=\/wp\/v2\/pages"}],"about":[{"href":"https:\/\/die-wurstpumpen.de\/index.php?rest_route=\/wp\/v2\/types\/page"}],"author":[{"embeddable":true,"href":"https:\/\/die-wurstpumpen.de\/index.php?rest_route=\/wp\/v2\/users\/2"}],"replies":[{"embeddable":true,"href":"https:\/\/die-wurstpumpen.de\/index.php?rest_route=%2Fwp%2Fv2%2Fcomments&post=238"}],"version-history":[{"count":10,"href":"https:\/\/die-wurstpumpen.de\/index.php?rest_route=\/wp\/v2\/pages\/238\/revisions"}],"predecessor-version":[{"id":1157,"href":"https:\/\/die-wurstpumpen.de\/index.php?rest_route=\/wp\/v2\/pages\/238\/revisions\/1157"}],"up":[{"embeddable":true,"href":"https:\/\/die-wurstpumpen.de\/index.php?rest_route=\/wp\/v2\/pages\/11"}],"wp:attachment":[{"href":"https:\/\/die-wurstpumpen.de\/index.php?rest_route=%2Fwp%2Fv2%2Fmedia&parent=238"}],"curies":[{"name":"wp","href":"https:\/\/api.w.org\/{rel}","templated":true}]}}