{"id":231,"date":"2016-12-16T07:37:01","date_gmt":"2016-12-16T06:37:01","guid":{"rendered":"http:\/\/die-wurstpumpen.de\/?page_id=231"},"modified":"2026-03-23T09:27:10","modified_gmt":"2026-03-23T08:27:10","slug":"daniel","status":"publish","type":"page","link":"https:\/\/die-wurstpumpen.de\/?page_id=231","title":{"rendered":"Daniel"},"content":{"rendered":"<hr \/>\n<p><strong>Daniel<\/strong><\/p>\n<p><img loading=\"lazy\" decoding=\"async\" class=\"alignleft  wp-image-1084\" src=\"http:\/\/die-wurstpumpen.de\/wp-content\/uploads\/2022\/05\/D.-Bueenfeld-05.2022-169x300.jpg\" alt=\"\" width=\"231\" height=\"410\" srcset=\"https:\/\/die-wurstpumpen.de\/wp-content\/uploads\/2022\/05\/D.-Bueenfeld-05.2022-169x300.jpg 169w, https:\/\/die-wurstpumpen.de\/wp-content\/uploads\/2022\/05\/D.-Bueenfeld-05.2022-576x1024.jpg 576w, https:\/\/die-wurstpumpen.de\/wp-content\/uploads\/2022\/05\/D.-Bueenfeld-05.2022-768x1365.jpg 768w, https:\/\/die-wurstpumpen.de\/wp-content\/uploads\/2022\/05\/D.-Bueenfeld-05.2022-864x1536.jpg 864w, https:\/\/die-wurstpumpen.de\/wp-content\/uploads\/2022\/05\/D.-Bueenfeld-05.2022-84x150.jpg 84w, https:\/\/die-wurstpumpen.de\/wp-content\/uploads\/2022\/05\/D.-Bueenfeld-05.2022.jpg 900w\" sizes=\"(max-width: 231px) 100vw, 231px\" \/><\/p>\n<p>Spitzname(n):<\/p>\n<p>Bamsi, Bumsi, Wamsi<\/p>\n<p>Amt\/\u00c4mter:<\/p>\n<p>3. Chronist seit 21.03.2026<\/p>\n<p>2. Chronist vom 22.03.2025 &#8211; 21.03.2026<\/p>\n<p>Abteilungsleiter &#8222;Schwimmen&#8220; vom 24.03.2023 &#8211; 22.03.2024<\/p>\n<p>3. Chronist vom 26.03.2022 &#8211; 22.03.2025<\/p>\n<p>2. Chronist 24.03.2018 &#8211; 26.03.2022<\/p>\n<p>Abteilungsleiter &#8222;Schwimmen&#8220; 03.07.2020 &#8211; 26.03.2022<\/p>\n<p>Kegelmutti vom 03.07.2020 &#8211; 22.03.2025<\/p>\n<p>Kegelmutter 25.03.217 &#8211; 24.03.2018<\/p>\n<p>Abteilungsleiter \u201eSchwimmen\u201c\u00a0 21.03.2015 &#8211; 25.03.2017<\/p>\n<p>2. Chronist 21.03.2015 &#8211; 25.03.2017<\/p>\n<p>Erfolg(e):<\/p>\n<p>Pumpenk\u00f6nig 2015\/2016<\/p>\n<p>Konstrukteurmeister 2017\/2018<\/p>\n<p>Pumpenk\u00f6nig 2018\/2019<\/p>\n<p>Konstrukteursmeister 2018\/2019<\/p>\n<p>Pumpenk\u00f6nig 2019\/2020<\/p>\n<p>Pumpenk\u00f6nig 2022\/2023<\/p>\n<p>Sch\u00fctzengeck 2022\/2023<\/p>\n<p>Pumpenk\u00f6nig 2023\/2024<\/p>\n<p>Sch\u00fctzenk\u00f6nig 2024\/2025<\/p>\n<p>Pumpenk\u00f6nig 2025\/2026<\/p>\n<p>Seit Oktober 2014 ist Daniel B\u00fcenfeld, genannt Bamsi, fester und wichtiger Bestandteil der Wurstpumpen. Seine h\u00f6chstemotionale Art w\u00e4hrend des Kegelns ist allen bekannt. Den bisherigen H\u00f6hepunkt seiner Adrenalin-Power hatte er im Jahr 2018, als er die Wand auf der Kegelbahn neu tapezieren musste. Mit dem ersten Wurf seiner Kegler-Laufbahn war sein sportliches Schicksal f\u00fcr die ersten Jahre besiegelt. Der eingefleischte Gl\u00f6singer ist seitdem immer ein hei\u00dfer Kandidat f\u00fcr den Pumpenk\u00f6nigspokal. Doch sportlich entwickelte sich Bamsi die letzten Jahre kontinuierlich weiter und lie\u00df auch positive Titel folgen. Zudem stehen auch wichtige Posten im Vorstand auf seiner Vita. Bamsi f\u00fchrt \u00fcbrigens eine offene und intensive Liebesbeziehung mit einem unserer Kegelbr\u00fcder. Why Not!?<\/p>\n","protected":false},"excerpt":{"rendered":"<p>Daniel Spitzname(n): Bamsi, Bumsi, Wamsi Amt\/\u00c4mter: 3. Chronist seit 21.03.2026 2. Chronist vom 22.03.2025 &#8211; 21.03.2026 Abteilungsleiter &#8222;Schwimmen&#8220; vom 24.03.2023 &#8211; 22.03.2024 3. Chronist vom 26.03.2022 &#8211; 22.03.2025 2. Chronist <a class=\"more-link\" href=\"https:\/\/die-wurstpumpen.de\/?page_id=231\">weiterlesen&#8230;<\/a><\/p>\n","protected":false},"author":2,"featured_media":0,"parent":11,"menu_order":0,"comment_status":"closed","ping_status":"closed","template":"","meta":{"footnotes":""},"_links":{"self":[{"href":"https:\/\/die-wurstpumpen.de\/index.php?rest_route=\/wp\/v2\/pages\/231"}],"collection":[{"href":"https:\/\/die-wurstpumpen.de\/index.php?rest_route=\/wp\/v2\/pages"}],"about":[{"href":"https:\/\/die-wurstpumpen.de\/index.php?rest_route=\/wp\/v2\/types\/page"}],"author":[{"embeddable":true,"href":"https:\/\/die-wurstpumpen.de\/index.php?rest_route=\/wp\/v2\/users\/2"}],"replies":[{"embeddable":true,"href":"https:\/\/die-wurstpumpen.de\/index.php?rest_route=%2Fwp%2Fv2%2Fcomments&post=231"}],"version-history":[{"count":24,"href":"https:\/\/die-wurstpumpen.de\/index.php?rest_route=\/wp\/v2\/pages\/231\/revisions"}],"predecessor-version":[{"id":1555,"href":"https:\/\/die-wurstpumpen.de\/index.php?rest_route=\/wp\/v2\/pages\/231\/revisions\/1555"}],"up":[{"embeddable":true,"href":"https:\/\/die-wurstpumpen.de\/index.php?rest_route=\/wp\/v2\/pages\/11"}],"wp:attachment":[{"href":"https:\/\/die-wurstpumpen.de\/index.php?rest_route=%2Fwp%2Fv2%2Fmedia&parent=231"}],"curies":[{"name":"wp","href":"https:\/\/api.w.org\/{rel}","templated":true}]}}