{"id":226,"date":"2016-12-16T07:35:05","date_gmt":"2016-12-16T06:35:05","guid":{"rendered":"http:\/\/die-wurstpumpen.de\/?page_id=226"},"modified":"2026-03-11T15:40:03","modified_gmt":"2026-03-11T14:40:03","slug":"christian-2","status":"publish","type":"page","link":"https:\/\/die-wurstpumpen.de\/?page_id=226","title":{"rendered":"Christian Be."},"content":{"rendered":"<p><strong>Christian<\/strong><\/p>\n<p><img loading=\"lazy\" decoding=\"async\" class=\"alignleft size-medium wp-image-1437\" src=\"http:\/\/die-wurstpumpen.de\/wp-content\/uploads\/2025\/04\/Schroke-147x300.jpg\" alt=\"\" width=\"147\" height=\"300\" srcset=\"https:\/\/die-wurstpumpen.de\/wp-content\/uploads\/2025\/04\/Schroke-147x300.jpg 147w, https:\/\/die-wurstpumpen.de\/wp-content\/uploads\/2025\/04\/Schroke-501x1024.jpg 501w, https:\/\/die-wurstpumpen.de\/wp-content\/uploads\/2025\/04\/Schroke-73x150.jpg 73w, https:\/\/die-wurstpumpen.de\/wp-content\/uploads\/2025\/04\/Schroke.jpg 604w\" sizes=\"(max-width: 147px) 100vw, 147px\" \/><\/p>\n<p>Spitzname(n):<\/p>\n<p>Schroke, Schurke, Schrokib\u00e4r, Chewbacca<\/p>\n<p>Amt\/\u00c4mter:<\/p>\n<p>Webmaster seit 21.03.2015<\/p>\n<p>1. Chronist 21.03.2015 &#8211; 24.03.2018<\/p>\n<p>3. Chronist bis 21.03.2015<\/p>\n<p>Erfolg(e):<\/p>\n<p>Ligameister 2011\/2012<\/p>\n<p>Ligameister 2012\/2013<\/p>\n<p>Ligameister 2013\/2014<\/p>\n<p>Ligameister 2014\/2015<\/p>\n<p>Ligameister 2015\/2016<\/p>\n<p>Pokalsieger 2015\/2016<\/p>\n<p>Ligameister 2016\/2017<\/p>\n<p>Pokalsieger 2016\/2017<\/p>\n<p>Ligameister 2017\/2018<\/p>\n<p>Rodungsmeister 2017\/2018<\/p>\n<p>Konstrukteursmeister 2017\/2018<\/p>\n<p>Ligameister 2018\/2019<\/p>\n<p>Pokalsieger 2018\/2019<\/p>\n<p>Ligameister 2019\/2020<\/p>\n<p>Pokalsieger 2019\/2020<\/p>\n<p>Ligameister 2020-2022<\/p>\n<p>Pokalsieger 2020-2022<\/p>\n<p>Konstrukteursmeister 2020-2022<\/p>\n<p>Ligameister 2022\/2023<\/p>\n<p>Torsch\u00fctzenk\u00f6nig 2022\/2023<\/p>\n<p>Konstrukteursmeister 2022\/2023<\/p>\n<p>Sch\u00fctzenk\u00f6nig 2023\/2024<\/p>\n<p>Ligameister 2023\/2024<\/p>\n<p>Torsch\u00fctzenk\u00f6nig 2023\/2024<\/p>\n<p>Ligameister 2024\/2025<\/p>\n<p>Pokalsieger 2024\/2025<\/p>\n<p>Sieger &#8222;Michael-Schumacher-Kegeln&#8220; Januar 2026<\/p>\n<p>Ligameister 2025\/2026<\/p>\n<p>Pokalsieger 2025\/2026<\/p>\n<p>Torsch\u00fctzenk\u00f6nig 2025\/2026<\/p>\n<p>Konstrukteursmeister 2025\/2026<\/p>\n<p>Sieger Anus-Wertung 2025\/2026<\/p>\n<p>Seit seiner Aufnahme bei den Wurstpumpen dominiert Schroke die Ligawertung quasi nach Belieben. Selbst wenn es mal eng wird, kann er sich am Ende \u2013 wie einst beim Fu\u00dfball \u2013 auf seine Treffsicherheit verlassen. Auch in den anderen Wettbewerben, wie Pokal oder Teamwertung, steht er regelm\u00e4\u00dfig ganz oben auf dem Treppchen und zementiert so seinen Ruf als FC Bayern des Kegelns. Trotz dieses Umstandes erfreut er sich bei den W\u00fcrsten gro\u00dfer Beliebtheit und ist immer f\u00fcr einen Lacher gut.<\/p>\n","protected":false},"excerpt":{"rendered":"<p>Christian Spitzname(n): Schroke, Schurke, Schrokib\u00e4r, Chewbacca Amt\/\u00c4mter: Webmaster seit 21.03.2015 1. Chronist 21.03.2015 &#8211; 24.03.2018 3. Chronist bis 21.03.2015 Erfolg(e): Ligameister 2011\/2012 Ligameister 2012\/2013 Ligameister 2013\/2014 Ligameister 2014\/2015 Ligameister 2015\/2016 <a class=\"more-link\" href=\"https:\/\/die-wurstpumpen.de\/?page_id=226\">weiterlesen&#8230;<\/a><\/p>\n","protected":false},"author":2,"featured_media":0,"parent":11,"menu_order":0,"comment_status":"closed","ping_status":"closed","template":"","meta":{"footnotes":""},"_links":{"self":[{"href":"https:\/\/die-wurstpumpen.de\/index.php?rest_route=\/wp\/v2\/pages\/226"}],"collection":[{"href":"https:\/\/die-wurstpumpen.de\/index.php?rest_route=\/wp\/v2\/pages"}],"about":[{"href":"https:\/\/die-wurstpumpen.de\/index.php?rest_route=\/wp\/v2\/types\/page"}],"author":[{"embeddable":true,"href":"https:\/\/die-wurstpumpen.de\/index.php?rest_route=\/wp\/v2\/users\/2"}],"replies":[{"embeddable":true,"href":"https:\/\/die-wurstpumpen.de\/index.php?rest_route=%2Fwp%2Fv2%2Fcomments&post=226"}],"version-history":[{"count":31,"href":"https:\/\/die-wurstpumpen.de\/index.php?rest_route=\/wp\/v2\/pages\/226\/revisions"}],"predecessor-version":[{"id":1534,"href":"https:\/\/die-wurstpumpen.de\/index.php?rest_route=\/wp\/v2\/pages\/226\/revisions\/1534"}],"up":[{"embeddable":true,"href":"https:\/\/die-wurstpumpen.de\/index.php?rest_route=\/wp\/v2\/pages\/11"}],"wp:attachment":[{"href":"https:\/\/die-wurstpumpen.de\/index.php?rest_route=%2Fwp%2Fv2%2Fmedia&parent=226"}],"curies":[{"name":"wp","href":"https:\/\/api.w.org\/{rel}","templated":true}]}}