{"id":223,"date":"2016-12-16T07:32:38","date_gmt":"2016-12-16T06:32:38","guid":{"rendered":"http:\/\/die-wurstpumpen.de\/?page_id=223"},"modified":"2025-04-07T10:13:43","modified_gmt":"2025-04-07T08:13:43","slug":"christian","status":"publish","type":"page","link":"https:\/\/die-wurstpumpen.de\/?page_id=223","title":{"rendered":"Christian K."},"content":{"rendered":"<p style=\"text-align: left;\"><strong>Christian<\/strong><\/p>\n<p><img loading=\"lazy\" decoding=\"async\" class=\"alignleft  wp-image-124\" src=\"http:\/\/die-wurstpumpen.de\/wp-content\/uploads\/2016\/12\/KC-klein.jpg\" alt=\"kc-klein\" width=\"244\" height=\"435\" srcset=\"https:\/\/die-wurstpumpen.de\/wp-content\/uploads\/2016\/12\/KC-klein.jpg 283w, https:\/\/die-wurstpumpen.de\/wp-content\/uploads\/2016\/12\/KC-klein-168x300.jpg 168w, https:\/\/die-wurstpumpen.de\/wp-content\/uploads\/2016\/12\/KC-klein-84x150.jpg 84w\" sizes=\"(max-width: 244px) 100vw, 244px\" \/><\/p>\n<p>Spitzname(n):<\/p>\n<p>Korpi, Korbs C, Chris, Chrissi, Korbs Christian, KC, Gremlin, Quassel<\/p>\n<p>Amt\/\u00c4mter:<\/p>\n<p>Abteilungsleiter \u201eSchwimmen\u201c vom 26.03.2022 &#8211; 26.03.2023<\/p>\n<p>1. Chronist vom 31.07.2021 &#8211; 26.03.2022<\/p>\n<p>Kegelmutter vom 23.03.2019 &#8211; 03.07.2020<\/p>\n<p>3. Chronist\u00a0vom 21.03.2015 &#8211; 25.03.2017<\/p>\n<p>Abteilungsleiter \u201eSchwimmen\u201c vom 23.03.2013 \u2013 22.03.2014<\/p>\n<p>Erfolg(e):<\/p>\n<p>Rodungsmeister 2014\/2015<\/p>\n<p>Torsch\u00fctzenk\u00f6nig 2018\/2019<\/p>\n<p>Konstrukteursmeister 2018\/2019<\/p>\n<p>Rodungsmeister 2019\/2020<\/p>\n<p>Konstrukteursmeister 2019\/2020<\/p>\n<p>Konstrukteursmeister 2023\/2024<\/p>\n<p>Wie viele Worte hat die deutsche Sprache? Korbs Christian hat sicherlich jedes schon einmal verwendet. Seine redselige Art hat ihm den liebevollen Spitznamen \u201eQuassel\u201c eingebracht und macht ihn zum ebenso geachteten wie gef\u00fcrchteten Gespr\u00e4chspartner. Lange Zeit hatte KC sich gestr\u00e4ubt den Wurstpumpen beizutreten, doch mittlerweile ist er aus dem illustren Club nicht mehr wegzudenken. Beim Kegelsport eifert er stets den Erfolgen seiner gro\u00dfen Liebe Liverpool FC (five European Cups, eighteen Leagues) nach. Leider hat ihn der berufliche Weg in den S\u00fcden verschlagen, sodass er nur noch sehr unregelm\u00e4\u00dfig an den monatlichen Zusammenk\u00fcnften teilnehmen kann.<\/p>\n","protected":false},"excerpt":{"rendered":"<p>Christian Spitzname(n): Korpi, Korbs C, Chris, Chrissi, Korbs Christian, KC, Gremlin, Quassel Amt\/\u00c4mter: Abteilungsleiter \u201eSchwimmen\u201c vom 26.03.2022 &#8211; 26.03.2023 1. Chronist vom 31.07.2021 &#8211; 26.03.2022 Kegelmutter vom 23.03.2019 &#8211; 03.07.2020 <a class=\"more-link\" href=\"https:\/\/die-wurstpumpen.de\/?page_id=223\">weiterlesen&#8230;<\/a><\/p>\n","protected":false},"author":2,"featured_media":0,"parent":11,"menu_order":0,"comment_status":"closed","ping_status":"closed","template":"","meta":{"footnotes":""},"_links":{"self":[{"href":"https:\/\/die-wurstpumpen.de\/index.php?rest_route=\/wp\/v2\/pages\/223"}],"collection":[{"href":"https:\/\/die-wurstpumpen.de\/index.php?rest_route=\/wp\/v2\/pages"}],"about":[{"href":"https:\/\/die-wurstpumpen.de\/index.php?rest_route=\/wp\/v2\/types\/page"}],"author":[{"embeddable":true,"href":"https:\/\/die-wurstpumpen.de\/index.php?rest_route=\/wp\/v2\/users\/2"}],"replies":[{"embeddable":true,"href":"https:\/\/die-wurstpumpen.de\/index.php?rest_route=%2Fwp%2Fv2%2Fcomments&post=223"}],"version-history":[{"count":18,"href":"https:\/\/die-wurstpumpen.de\/index.php?rest_route=\/wp\/v2\/pages\/223\/revisions"}],"predecessor-version":[{"id":1428,"href":"https:\/\/die-wurstpumpen.de\/index.php?rest_route=\/wp\/v2\/pages\/223\/revisions\/1428"}],"up":[{"embeddable":true,"href":"https:\/\/die-wurstpumpen.de\/index.php?rest_route=\/wp\/v2\/pages\/11"}],"wp:attachment":[{"href":"https:\/\/die-wurstpumpen.de\/index.php?rest_route=%2Fwp%2Fv2%2Fmedia&parent=223"}],"curies":[{"name":"wp","href":"https:\/\/api.w.org\/{rel}","templated":true}]}}