{"id":200,"date":"2016-12-16T07:14:44","date_gmt":"2016-12-16T06:14:44","guid":{"rendered":"http:\/\/die-wurstpumpen.de\/?page_id=200"},"modified":"2016-12-16T07:14:44","modified_gmt":"2016-12-16T06:14:44","slug":"2014-2","status":"publish","type":"page","link":"https:\/\/die-wurstpumpen.de\/?page_id=200","title":{"rendered":"2014"},"content":{"rendered":"<p><a href=\"http:\/\/www.dorfinfo.de\/category\/hsk\/arnsberg\"><u>Arnsberg<\/u><\/a> \/ <a href=\"http:\/\/www.dorfinfo.de\/category\/hsk\"><u>HSK<\/u><\/a><\/p>\n<p><a href=\"http:\/\/www.dorfinfo.de\/wurstpumpen-kegel-liga-saisonstart-am-samstag\/1052917#comments\"><u>0 Kommentare<\/u><\/a><\/p>\n<p>(<a href=\"http:\/\/www.dorfinfo.de\/wurstpumpen-kegel-liga-saisonstart-am-samstag\/1052917\"><u>http:\/\/www.dorfinfo.de\/wurstpumpen-kegel-liga-saisonstart-am-samstag\/1052917<\/u><\/a>)<\/p>\n<p>&nbsp;<\/p>\n<p><strong>Wurstpumpen Kegel-Liga-Saisonstart am Samstag <\/strong><\/p>\n<p>von <a href=\"http:\/\/www.dorfinfo.de\/author\/red\"><u>Dorfinfo-Lokal-Press <\/u><\/a>| Ver\u00f6ffentlicht am 25. 04 2014<\/p>\n<p>Die sechste Kegel-Liga-Saison bei den Wurstpumpen steht in den Startl\u00f6chern. Am Samstag um 19.30 geht es in der Sch\u00f6nen Aussicht in die Vollen.<\/p>\n<p><img loading=\"lazy\" decoding=\"async\" class=\"alignleft size-full wp-image-104\" src=\"http:\/\/die-wurstpumpen.de\/wp-content\/uploads\/2016\/12\/WP2014-Pressefoto.jpg\" alt=\"wp2014-pressefoto\" width=\"200\" height=\"150\" \/><\/p>\n<p>&nbsp;<\/p>\n<p>&nbsp;<\/p>\n<p>&nbsp;<\/p>\n<p>&nbsp;<\/p>\n<p><a href=\"http:\/\/www.dorfinfo.de\/?s=arnsberg\"><u>Arnsberg<\/u><\/a> <a href=\"http:\/\/www.dorfinfo.de\/?s=Rumbeck\"><u>Rumbeck<\/u><\/a> (<a href=\"http:\/\/www.dorfinfo.de\/?s=Hochsauerland\"><u>Hochsauerland<\/u><\/a>) Kann nach dreij\u00e4hriger Dominanz ein W\u00fcrstchen endlich Dauerchampion Schroke vom Thron sto\u00dfen? Der Titelverteidiger und Favorit gibt keine gro\u00dfen T\u00f6ne von sich. Er rechnet stark mit Balburbilbur, der zum Ende der vergangenen Saison eine starke Form hatte und die letzten beiden Kegeln im Februar und M\u00e4rz f\u00fcr sich entscheiden konnte. Aber auch Ex-Kegelvater Pluto und der Mossad hatten in der zweiten Saisonh\u00e4lfte 2013\/14 eine gute Form und machen sich Hoffnungen auf die vorderen Pl\u00e4tze. Die Frage ist nur, ob die gute Form \u00fcber die Winterpause hinweg konserviert werden konnte.<\/p>\n<p>Zwei Tage vor dem langersehnten Saisonstart stehen die meisten der W\u00fcrste voll im Saft. \u201cEs wird Zeit, dass das Training ein Ende hat und wir endlich wieder unter Wettkampfbedingungen kegeln k\u00f6nnen\u201d, so Kegelvater \u00d6tte.<\/p>\n<p>Das sehen seine Sch\u00fctzlinge \u00e4hnlich. Der Kader der Wurstpumpen ist nahezu komplett, lediglich auf Chronist Lei\u00dfe muss verzichtet werden. Alle anderen wollen am Samstag einen guten Grundstein f\u00fcr die neue Saison legen.<\/p>\n<p>Neu wird ab dieser Spielzeit die Rodungs-Wertung sein. Eine Rodung liegt vor, wenn im ersten Wurf nur die drei mittigen Kegel getroffen werden. Der Kegler mit den meisten Rodungen am Ende der Saison darf sich dann \u00fcber eine Auszeichnung freuen.<\/p>\n<p>Spannend wird es sicherlich auch im Kampf um den Titel des Pumpenk\u00f6nigs. H\u00fclse konnte im letzten Jahr den Mossad am letzten Spieltag noch \u00fcberholen und sicherte sich den Jahrestitel. Diese beiden werden sicherlich wieder zwei Kandidaten f\u00fcr diese fragw\u00fcrdige Ehre sein, aber auch Scheunert schmiss die Kugel gegen Ende der vergangenen Saison des \u00d6fteren neben die Bahn.<\/p>\n<p>Fragen \u00fcber Fragen, beantworten k\u00f6nnen diese die Sportkegler und Opa-Unken nur selbst, wenn es am Samstag wieder hei\u00dft: \u201cAuf die W\u00fcrste!\u201d<\/p>\n","protected":false},"excerpt":{"rendered":"<p>Arnsberg \/ HSK 0 Kommentare (http:\/\/www.dorfinfo.de\/wurstpumpen-kegel-liga-saisonstart-am-samstag\/1052917) &nbsp; Wurstpumpen Kegel-Liga-Saisonstart am Samstag von Dorfinfo-Lokal-Press | Ver\u00f6ffentlicht am 25. 04 2014 Die sechste Kegel-Liga-Saison bei den Wurstpumpen steht in den Startl\u00f6chern. Am <a class=\"more-link\" href=\"https:\/\/die-wurstpumpen.de\/?page_id=200\">weiterlesen&#8230;<\/a><\/p>\n","protected":false},"author":2,"featured_media":0,"parent":21,"menu_order":0,"comment_status":"closed","ping_status":"closed","template":"","meta":{"footnotes":""},"_links":{"self":[{"href":"https:\/\/die-wurstpumpen.de\/index.php?rest_route=\/wp\/v2\/pages\/200"}],"collection":[{"href":"https:\/\/die-wurstpumpen.de\/index.php?rest_route=\/wp\/v2\/pages"}],"about":[{"href":"https:\/\/die-wurstpumpen.de\/index.php?rest_route=\/wp\/v2\/types\/page"}],"author":[{"embeddable":true,"href":"https:\/\/die-wurstpumpen.de\/index.php?rest_route=\/wp\/v2\/users\/2"}],"replies":[{"embeddable":true,"href":"https:\/\/die-wurstpumpen.de\/index.php?rest_route=%2Fwp%2Fv2%2Fcomments&post=200"}],"version-history":[{"count":1,"href":"https:\/\/die-wurstpumpen.de\/index.php?rest_route=\/wp\/v2\/pages\/200\/revisions"}],"predecessor-version":[{"id":202,"href":"https:\/\/die-wurstpumpen.de\/index.php?rest_route=\/wp\/v2\/pages\/200\/revisions\/202"}],"up":[{"embeddable":true,"href":"https:\/\/die-wurstpumpen.de\/index.php?rest_route=\/wp\/v2\/pages\/21"}],"wp:attachment":[{"href":"https:\/\/die-wurstpumpen.de\/index.php?rest_route=%2Fwp%2Fv2%2Fmedia&parent=200"}],"curies":[{"name":"wp","href":"https:\/\/api.w.org\/{rel}","templated":true}]}}