{"id":185,"date":"2016-12-16T07:11:07","date_gmt":"2016-12-16T06:11:07","guid":{"rendered":"http:\/\/die-wurstpumpen.de\/?page_id=185"},"modified":"2016-12-16T07:11:07","modified_gmt":"2016-12-16T06:11:07","slug":"2013-kirchheim-am-see","status":"publish","type":"page","link":"https:\/\/die-wurstpumpen.de\/?page_id=185","title":{"rendered":"2013 &#8211; Kirchheim am See"},"content":{"rendered":"<p>Freitag morgens, halb zehn in Deutschland, sa\u00dfen 10 W\u00fcrste &#8211; mit knurrendem Magen \u2013 beim Kassierer. Kegelfahrt, es war wieder soweit. Aber erstmal sollte ein herrliches Fr\u00fchst\u00fcck auf dem Programm stehen, ganz im Zeichen der W\u00fcrste, mit Kaffee, Bier, Br\u00f6tchen und nat\u00fcrlich Mett und Fleischwurst.<\/p>\n<p>P\u00fcnktlich um 12 Uhr trafen unsere Fahrgelegenheiten ein. Zwei gro\u00dfe Bullis von Ensetrans (man wird es am Namen schon gemerkt haben) aus Ense holten die feierw\u00fctigen W\u00fcrstchen ab. Dieses Mal war das Ziel \u201eKirchheim am See\u201c. F\u00fcr die Hinfahrt hatte man bei Ensetrans Schnaps und Bier geordert. Der Schnaps (2 Pakete \u201eKlopfer\u201c), hielt immerhin bis kurz nach der ersten Autobahnauffahrt zwischen Arnsberg und Niedereimer. Nach ein paar Stunden erreichten die Wurstpumpen dann schlie\u00dflich \u201eKirchheim am See\u201c.\u00a0 Untergebracht war man in 2 Bungalows, zu denen man,\u00a0 von der Rezeption aus, schon einen kleinen Marsch hinlegen musste. Das sollte man auch zu sp\u00e4terer Stunde noch merken.<\/p>\n<p>Als n\u00e4mlich der Kassierer nach Hause gebracht werden wollte, und scheinbar l\u00e4ngere Zeit durch den Bungalow-Park irrte, bis er auf bekannte Gesichter traf, die ihn schlie\u00dflich mitnahmen. Und das, obwohl er zuvor gefragt hatte, ob ihn jemand nach Hause bringen kann, er sich dann aber doch umentschied und alleine ging. Andere nahmen Schleichwege, um sich viele Meter zu sparen, und krabbelten dabei durch B\u00fcsche und H\u00e4nge hoch. Da zur Zeit dieser Berichterstattung bereits die Fahrt 2015 nach Fintel stattgefunden hatte, sind die Erinnerungen nur noch fragmenthaft, daher hier die Highlights der Tour:<\/p>\n<ul>\n<li>die Wurstpumpen treffen die Sportikone Olaf Marschall, der, als sein Glas leer ist, dieses auf den Boden donnert und sagt: \u201eSo m\u00fcsst ihr das machen!\u201c Als die Securitys dann b\u00f6se dreinschauten, gab er aber sofort zu: \u201eSorry Jungs, isch war et!\u201c<\/li>\n<li>\u201eGarc\u00f3n, 5 und 5!\u201c<\/li>\n<li>Pattarick schrotzt \u00fcber die weibliche Reisegruppe aus Bielefeld, beleidigt sie, doch will dann kurze Zeit sp\u00e4ter mal wieder zu denen zur\u00fcck<\/li>\n<li>abends noch was essen, wenn man den ganzen Tag an der Tr\u00e4nke war, bringt auch nix mehr<\/li>\n<li>Samstagmorgen um kurz vor 10 die entscheidende Frage stellen: \u201eWann macht denn die Tr\u00e4nke auf?\u201c<\/li>\n<li>Franco beim Strip zum \u201eMister See\u201c, bei dem er von einer \u00e4lteren Dame noch etwas Geld in die Unterhose gesteckt bekam<\/li>\n<li>Reverent G\u00fcn getroffen, der so besoffen war, dass er sich beim Gucken der Sportschau selbst vollgekotzt hat<\/li>\n<li>der genervte DJ, weil sich alle W\u00fcrste in regelm\u00e4\u00dfigen Abst\u00e4nden die Anonymen Alkoholiker mit \u201e\u00fcber sieben Kneipen gew\u00fcnscht haben und er es doch nicht hatte<\/li>\n<li>Lei\u00dfe hatte seine gro\u00dfe Liebe gefunden, die ihn einfach nur \u201eMein Metzger\u201c nannte (o Herre, was hat der blo\u00df gemacht\u2026?)<\/li>\n<li>das Abschlie\u00dfen der Bungalows ist v\u00f6llig \u00fcberbewertet<\/li>\n<li>die ein oder andere Wurst hat sich ausgetobt, obwohl wir mit Abstand die J\u00fcngsten waren<\/li>\n<li>Patta stand pl\u00f6tzlich hinter der Cocktailbar und mixte Getr\u00e4nke<\/li>\n<li>man sollte keinen Salat essen<\/li>\n<li>wir bei der Abholung schon die Innenreinigung der Bullis von der Hinfahrt bezahlen durften<\/li>\n<li>Plutos CD\u2019s noch immer im Bulli liegen<\/li>\n<\/ul>\n<p>&nbsp;<\/p>\n<p>Die Wurstpumpen lie\u00dfen dann, nach Ankunft in der Heimat, die Fahrt mit einem Essen im Gambrinus ausklingen. Hierbei wurde das Erlebte nochmal in einer Gruppensitzung aufgearbeitet.<\/p>\n","protected":false},"excerpt":{"rendered":"<p>Freitag morgens, halb zehn in Deutschland, sa\u00dfen 10 W\u00fcrste &#8211; mit knurrendem Magen \u2013 beim Kassierer. Kegelfahrt, es war wieder soweit. Aber erstmal sollte ein herrliches Fr\u00fchst\u00fcck auf dem Programm <a class=\"more-link\" href=\"https:\/\/die-wurstpumpen.de\/?page_id=185\">weiterlesen&#8230;<\/a><\/p>\n","protected":false},"author":2,"featured_media":0,"parent":19,"menu_order":0,"comment_status":"closed","ping_status":"closed","template":"","meta":{"footnotes":""},"_links":{"self":[{"href":"https:\/\/die-wurstpumpen.de\/index.php?rest_route=\/wp\/v2\/pages\/185"}],"collection":[{"href":"https:\/\/die-wurstpumpen.de\/index.php?rest_route=\/wp\/v2\/pages"}],"about":[{"href":"https:\/\/die-wurstpumpen.de\/index.php?rest_route=\/wp\/v2\/types\/page"}],"author":[{"embeddable":true,"href":"https:\/\/die-wurstpumpen.de\/index.php?rest_route=\/wp\/v2\/users\/2"}],"replies":[{"embeddable":true,"href":"https:\/\/die-wurstpumpen.de\/index.php?rest_route=%2Fwp%2Fv2%2Fcomments&post=185"}],"version-history":[{"count":1,"href":"https:\/\/die-wurstpumpen.de\/index.php?rest_route=\/wp\/v2\/pages\/185\/revisions"}],"predecessor-version":[{"id":187,"href":"https:\/\/die-wurstpumpen.de\/index.php?rest_route=\/wp\/v2\/pages\/185\/revisions\/187"}],"up":[{"embeddable":true,"href":"https:\/\/die-wurstpumpen.de\/index.php?rest_route=\/wp\/v2\/pages\/19"}],"wp:attachment":[{"href":"https:\/\/die-wurstpumpen.de\/index.php?rest_route=%2Fwp%2Fv2%2Fmedia&parent=185"}],"curies":[{"name":"wp","href":"https:\/\/api.w.org\/{rel}","templated":true}]}}