{"id":180,"date":"2016-12-16T07:10:07","date_gmt":"2016-12-16T06:10:07","guid":{"rendered":"http:\/\/die-wurstpumpen.de\/?page_id=180"},"modified":"2016-12-16T07:10:07","modified_gmt":"2016-12-16T06:10:07","slug":"2009-willingen","status":"publish","type":"page","link":"https:\/\/die-wurstpumpen.de\/?page_id=180","title":{"rendered":"2009 &#8211; Willingen"},"content":{"rendered":"<p>Unsere zweite Tour f\u00fchrte uns ins nahe gelegene Willingen. Kannten doch einige wackere Fu\u00dfballer bereits den dort ans\u00e4ssigen \u201eWilddieb\u201c, haben wir es doch vorgezogen \u201eAll Inclusiv\u201c zu w\u00e4hlen. Daf\u00fcr kam allerdings nur der \u00fcber die Grenzen hinaus bekannte \u201eSauerlandstern\u201c infrage. Eins haben wir direkt gemerkt: Wir ziehen den Altersdurchschnitt ganz kr\u00e4ftig nach unten. Die Lage ist nat\u00fcrlich top, das Essen war ebenfalls sehr gut und in Willingen kann man halt immer was erleben. Wir besuchten Restaurants, zahlreiche Kneipen (vor allem das sehr zu empfehlende Rock-Caf\u00e9 http:\/\/www.rock-cafe-willingen.de) und nat\u00fcrlich das Brauhaus. Neben viel Spa\u00df und reichlich Getr\u00e4nken kam man auch sportlich auf seine Kosten, denn fr\u00fch am Morgen wurde uns noch eine seltene Kung-Fu-Darbietung geboten. Au\u00dferdem besuchten wir den Ettelsberg. Dort ist vielleicht noch der Doppelg\u00e4nger von Oliver Kahn oder der geniale Bergabstieg von \u00d6tte im Ged\u00e4chtnis geblieben. Bei unserer Wanderung machten wir auch noch beim zuvor erw\u00e4hnten \u201eWilddieb\u201c halt. Dort war die Stimmung ebenfalls sehr ausgelassen und trotz niedriger Temperaturen kam man voll auf seine Kosten. Zur\u00fcck im Sauerlandstern platzte Wixi fast der Appel. Willingen ansich ist sehr zu empfehlen, der Sauerlandstern ist aber eher was f\u00fcr \u00dc40, wenn nicht sogar \u00dc50-Clubs. Kassierer Stephan stimmte nicht umsonst w\u00e4hrend des Abendb\u00fcffets ganz alleine den bekannten Song \u201eIhr seid alle \u00fcber 40\u201c an. Fazit: Gerne wieder Willingen! Aber dann sollte man eher den \u201eWilddieb\u201c vorziehen. http:\/\/www.sauerland-stern-hotel.de\/<\/p>\n","protected":false},"excerpt":{"rendered":"<p>Unsere zweite Tour f\u00fchrte uns ins nahe gelegene Willingen. Kannten doch einige wackere Fu\u00dfballer bereits den dort ans\u00e4ssigen \u201eWilddieb\u201c, haben wir es doch vorgezogen \u201eAll Inclusiv\u201c zu w\u00e4hlen. Daf\u00fcr kam <a class=\"more-link\" href=\"https:\/\/die-wurstpumpen.de\/?page_id=180\">weiterlesen&#8230;<\/a><\/p>\n","protected":false},"author":2,"featured_media":0,"parent":19,"menu_order":0,"comment_status":"closed","ping_status":"closed","template":"","meta":{"footnotes":""},"_links":{"self":[{"href":"https:\/\/die-wurstpumpen.de\/index.php?rest_route=\/wp\/v2\/pages\/180"}],"collection":[{"href":"https:\/\/die-wurstpumpen.de\/index.php?rest_route=\/wp\/v2\/pages"}],"about":[{"href":"https:\/\/die-wurstpumpen.de\/index.php?rest_route=\/wp\/v2\/types\/page"}],"author":[{"embeddable":true,"href":"https:\/\/die-wurstpumpen.de\/index.php?rest_route=\/wp\/v2\/users\/2"}],"replies":[{"embeddable":true,"href":"https:\/\/die-wurstpumpen.de\/index.php?rest_route=%2Fwp%2Fv2%2Fcomments&post=180"}],"version-history":[{"count":1,"href":"https:\/\/die-wurstpumpen.de\/index.php?rest_route=\/wp\/v2\/pages\/180\/revisions"}],"predecessor-version":[{"id":182,"href":"https:\/\/die-wurstpumpen.de\/index.php?rest_route=\/wp\/v2\/pages\/180\/revisions\/182"}],"up":[{"embeddable":true,"href":"https:\/\/die-wurstpumpen.de\/index.php?rest_route=\/wp\/v2\/pages\/19"}],"wp:attachment":[{"href":"https:\/\/die-wurstpumpen.de\/index.php?rest_route=%2Fwp%2Fv2%2Fmedia&parent=180"}],"curies":[{"name":"wp","href":"https:\/\/api.w.org\/{rel}","templated":true}]}}