{"id":1564,"date":"2026-04-01T09:12:40","date_gmt":"2026-04-01T07:12:40","guid":{"rendered":"https:\/\/die-wurstpumpen.de\/?page_id=1564"},"modified":"2026-05-13T12:08:30","modified_gmt":"2026-05-13T10:08:30","slug":"2026-2","status":"publish","type":"page","link":"https:\/\/die-wurstpumpen.de\/?page_id=1564","title":{"rendered":"2026"},"content":{"rendered":"\n<p>Das Kegeln mit dem Teufel&nbsp;(M\u00e4rz)<\/p>\n\n\n\n<p>Es war an einem Freitag, den 6., als es geschah. Aber es h\u00e4tte auch der 13. sein k\u00f6nnen. 10 mittelalte Herren und ein Bausatz betraten die heiligen Hallen der Klause. Allerdings sollten sie uns nicht von Ungl\u00fcck verschonen.<\/p>\n\n\n\n<p>Noch bevor die erste Kugel geworfen und noch ein den ersten Bierchen geschlubbert wurde, versuchten sich ein paar K\u00fcnstler an dem h\u00fcbschen neuen Tagessieger-Pokal von Temu. Das Teufelsdutzend hatte damit noch nicht genug. Es verging sich nun an Korpi, der gleich im Qualifying eine Schnapsrodungspumpe warf. Es folgte sogar der Glockenseilhattrick! Sein zweiter Platz in der Quali war teuer erkauft. Schroke wurde Dritter, Vossi sicherte sich die Pole. Letzterer verk\u00fcndete pl\u00f6tzlich, w\u00e4hrend dem lustigen Treiben auf der Bahn, dass er am Ende der Saison die Wurstpumpen aus privaten Gr\u00fcnden verlassen wird. Wir sind dar\u00fcber nat\u00fcrlich sehr traurig, weil die letzten 3\u00bd Jahre ein netter und humorvoller Bruder in unseren Reihen war und zu uns passte wie Sack und Haare. Als Gastkegler wirst du weiterhin immer willkommen sein.&nbsp;<\/p>\n\n\n\n<p>Viel Zeit zum Trauern blieb zumindest an diesem Abend nicht. Es reihten sich halt Getr\u00e4nk an Getr\u00e4nk und sportlich Stand der Endspurt der diesj\u00e4hrigen Spielzeit an. Das Ligaspiel, welches am Ende ganz \u00fcberraschend Schroke f\u00fcr sich entschied, war haupts\u00e4chlich nur noch f\u00fcr ihn selbst und Kerschi relevant, da beide im Pokalfinale aufeinandertrafen. Es war schnell klar, wer den Pott gewinnen w\u00fcrde. Bonno Tonni Napoli, der nach seinem Fehlstart einen grandiosen Auftritt hinlegte, und Korpi, der mehr Schnapsrunden ausgeben musste als Rijo am Tag mit dem Appel wackelt, landeten dahinter. Spannend wurde es nur noch im der Rodungs- und Anuswertung. Scheune reichte dabei ein Axtschlag f\u00fcr den Sieg. Wer an Frau Termast, unsere ehemalige Wirtin aus der Aussicht denkt, denkt nicht gerade unbedingt sofort an einen Analausgang , wahrscheinlich aber an einen verkalkten Duschkopf, wie sich herausstellte.<\/p>\n\n\n\n<p>Dennoch kommen wir zur Auswertung. Es sah hier zun\u00e4chst nach einem epischen Dreikampf zwischen Schroke, Scheune und Vossi aus. Doch pl\u00f6tzlich warf Pluto 2 L\u00f6cher ins Holz und sorgte f\u00fcr einen Vierkampf, der in die Analen einging. Schroke gleitete dabei als Erstes ins Ziel. Nach dem Liga-Spiel kamen hei\u00dfe Diskussionen auf, was denn als n\u00e4chstes gespielt werden soll. Kegelvater Mossi und Schnapsarchitekt Korpi sprangen sich dabei fast an die Gurgel. Als das Kriegsbeil begraben wurde, einigte man sich auf das negative Ligaspiel, bei dem Patta siegte und Bonno zahlte.<\/p>\n\n\n\n<p>Zum Abschluss ging es f\u00fcr die W\u00fcrste mal wieder nach Las Vegas. Mittlerweile wurde auf dem Weg dahin schon ein Tankwagen Schnaps gesoffen. W\u00e4hrend selbst \u00d6tte schon anfing zu w\u00fcrgen, planten Scheune und Vossi einen tollen Zaubertrick, den keiner bemerken sollte. Ohne in ihrer Runde eine Kugel geworfen zu haben hatte die Kreide schon eine 16 auf die Tafel geschrieben. Mogeln muss schmerzlich sein. Das Spiel verloren allerdings Mossi und Bonno, die den Teufel zu sehr herausforderten.<\/p>\n\n\n\n<p>Oben an der Theke wurde der Abend wie immer ausgeklungen. Schroke freute sich \u00fcber den Tagessieg und nahm das Puzzle mit nach Hause.<\/p>\n\n\n\n<p><\/p>\n\n\n\n<p>Mai-Kegeln<\/p>\n\n\n\n<p>Alles neu macht der Mai \u2013 so auch den Kegeltermin. Weil der urspr\u00fcngliche Termin auf den 1. Mai fiel, entschieden die Wurstpumpen per Mehrheitsbeschluss eine Verlegung um eine Woche. An diesem lauschigen Freitag kamen aber trotzdem letztlich nur f\u00fcnf Sportkegler und Oppa-Unken im idyllischen Biergarten der Bergklause zusammen. Dass eine kleine Teilnehmerzahl aber nicht zwangsl\u00e4ufig f\u00fcr schlechte Stimmung stehen muss, haben die W\u00fcrste in der Vergangenheit oft bewiesen und sollten es nun auch wieder tun.<\/p>\n\n\n\n<p>Namentlich kamen Schroke, Scheune, Bonno, WM und Mossi zusammen, um ihrem liebsten Hobby \u2013 dem Trinken \u2013 nachzugehen und nebenbei ein paar Murmeln die Bahn runter zu feuern. Apropos Bahn: Das heilige Parkett im Keller der Klause scheint ganz offenbar einen neuen Schliff oder \u00e4hnliches bekommen zu haben. Jedenfalls glitten die Kugeln pl\u00f6tzlich galant \u00fcber die Bohlen. Wirtin Jenny wusste von nichts, aber wir sind uns sicher, dass Conrad Electronics seine Finger im Spiel hatte und sich, \u00e4hhh der Bahn, einen poliert hat.<\/p>\n\n\n\n<p>Der sportliche Teil des Abends startete spannend. Mossi verwies im Qualifighting Scheune um stolze 39 Hundertstelsekunden auf Platz zwei \u2013 ein Kopf-an-Kopf-Rennen wie zu Schumis besten Zeiten. Schroke fiel auf, dass Scheune \u201eganz sch\u00f6n grau\u201c geworden ist. Der begr\u00fcndete es mit den Worten \u201eDas ist die Arbeit\u201c, was seinen Bruder Bj\u00f6rn zu einer frechen Frage veranlasste: \u201eAch, hast du nen neuen Job?\u201c<\/p>\n\n\n\n<p>Jan k\u00fcndigte direkt zu Beginn an, dass er heute \u201enicht viel Schnaps\u201c trinken kann, weil er am n\u00e4chsten Tag rund ums Haus zu tun hat. Schroke meinte: \u201eEierlik\u00f6r gibt Tinte auf\u2019n F\u00fcller\u201c, woraufhin Scheune entgegnete: \u201eIch will nicht ficken, ich will die Einfahrt pflastern.\u201c So viel sei vorweggenommen: Es gab tats\u00e4chlich keinen Schnaps, aber ziemlich viel F\u00fcllertinte. Schroke \u00e4u\u00dferte, dass er die Songs von Taylor Swift mag, wenn sie nicht von Taylor Swift gesungen werden. Mossi: \u201eIch mag Taylor Swift, wenn sie nicht singt.\u201c<\/p>\n\n\n\n<p>Das Ligaspiel zeichnete sich angesichts neuer Kegel und mutma\u00dflich verbesserter Bahn durch ein \u00e4u\u00dferst hohes Niveau aus. Schroke dominierte das Feld lange, verlor aber nach hinten raus ein bisschen Boden. In der letzten Runde wurde es nochmal sehr spannend: Mossi legte 18 Holz vor und setzte den FC Bayern des Kegelns unter Druck. Der hielt Stand und r\u00e4umte mit dem zweiten Wurf ab, um im dritten dann einen absolut schwulen Sicherheitswurf auf die Bahn zu eiern. Damit hat er seinen Respekt v\u00f6llig verspielt. Den dritten Platz auf dem Podest belegte Bonno. WM musste sich mit dem letzten Platz begn\u00fcgen, der aber immerhin f\u00fcnf Punkte f\u00fcr die Wertung brachte.<\/p>\n\n\n\n<p>Weil die Uhr nach Abschluss des Ligaspiels noch nicht wirklich weit vorangeschritten war, blieb viel Zeit f\u00fcr weitere Spiele. Bingo, Plusminusmalgeteilt, Blackjack, hohe und tiefe Wurst \u2013 die Anwesenden bekamen einen bunten Blumenstrau\u00df an Kegelklassikern, aber auch ordentlich was auf die Strafen-Uhr. Schlecht f\u00fcr sie, gut f\u00fcr die Kasse. Mossi stellte zum Ende fest: \u201eSchroke hat ganz sch\u00f6n abgebaut.\u201c Scheune: \u201eSieht man gar nicht.\u201c<\/p>\n\n\n\n<p>Der muntere Abend klang bei ein paar Kaltgetr\u00e4nken an der Theke der Klause aus, wo die Gruppe im \u00dcbrigen auf eine Bedienung traf, die dem Klub wegen eines Vorfalls zuletzt nicht allzu wohlgesonnen war. Im Gespr\u00e4ch konnten die Wogen etwas gegl\u00e4ttet werden, wobei ein hauptverantwortlicher Kegelbruder besser auch nochmal zu Kreuze kriechen sollte, um endg\u00fcltig einen Haken hinter die Geschichte zu machen. Drei hungrige M\u00e4uler trieb es zum Schluss noch in die Arnsberger Fast-Food-Szene. N\u00e4chster Termin: Sch\u00fctzenfest-Kegeln am 29. Mai.<\/p>\n\n\n\n<p><\/p>\n","protected":false},"excerpt":{"rendered":"<p>Das Kegeln mit dem Teufel&nbsp;(M\u00e4rz) Es war an einem Freitag, den 6., als es geschah. Aber es h\u00e4tte auch der 13. sein k\u00f6nnen. 10 mittelalte Herren und ein Bausatz betraten <a class=\"more-link\" href=\"https:\/\/die-wurstpumpen.de\/?page_id=1564\">weiterlesen&#8230;<\/a><\/p>\n","protected":false},"author":2,"featured_media":0,"parent":0,"menu_order":0,"comment_status":"closed","ping_status":"closed","template":"","meta":{"footnotes":""},"_links":{"self":[{"href":"https:\/\/die-wurstpumpen.de\/index.php?rest_route=\/wp\/v2\/pages\/1564"}],"collection":[{"href":"https:\/\/die-wurstpumpen.de\/index.php?rest_route=\/wp\/v2\/pages"}],"about":[{"href":"https:\/\/die-wurstpumpen.de\/index.php?rest_route=\/wp\/v2\/types\/page"}],"author":[{"embeddable":true,"href":"https:\/\/die-wurstpumpen.de\/index.php?rest_route=\/wp\/v2\/users\/2"}],"replies":[{"embeddable":true,"href":"https:\/\/die-wurstpumpen.de\/index.php?rest_route=%2Fwp%2Fv2%2Fcomments&post=1564"}],"version-history":[{"count":2,"href":"https:\/\/die-wurstpumpen.de\/index.php?rest_route=\/wp\/v2\/pages\/1564\/revisions"}],"predecessor-version":[{"id":1584,"href":"https:\/\/die-wurstpumpen.de\/index.php?rest_route=\/wp\/v2\/pages\/1564\/revisions\/1584"}],"wp:attachment":[{"href":"https:\/\/die-wurstpumpen.de\/index.php?rest_route=%2Fwp%2Fv2%2Fmedia&parent=1564"}],"curies":[{"name":"wp","href":"https:\/\/api.w.org\/{rel}","templated":true}]}}