{"id":1481,"date":"2025-10-13T16:03:53","date_gmt":"2025-10-13T14:03:53","guid":{"rendered":"https:\/\/die-wurstpumpen.de\/?page_id=1481"},"modified":"2025-10-13T16:04:15","modified_gmt":"2025-10-13T14:04:15","slug":"2025-canstatter-wasen-stuttgart","status":"publish","type":"page","link":"https:\/\/die-wurstpumpen.de\/?page_id=1481","title":{"rendered":"2025 &#8211; Canstatter Wasen Stuttgart"},"content":{"rendered":"\n<p>Stuttgart 2025<\/p>\n\n\n\n<p>Huch? Schon wieder 2 Jahre rum? Findige W\u00fcrste wissen, was das bedeutet: Kegeltour! Auch in diesem Jahr haben die drei Organisatoren Bamsi, KorPi und Scheune es geschafft die Destination g\u00e4nzlich geheim zu halten. Im Vorfeld wurde viel spekuliert, Favorit war laut findiger Kegelbr\u00fcder die Stadt Dresden. Die Wurstpumpen in der Semperoper? Das w\u00e4re mal eine interessante Vorstellung.<\/p>\n\n\n\n<p>So trafen sich am Arnsberger Bahnhof neben dem Orga-Komitee noch Schroke, \u00d6tte, Welle, (King-)Bonno und Kerschi. Korbs Christian, seines Zeichens j\u00fcngerer Bruder von Korbs Patrick, sollte beim Zielort auf seine Freunde warten.<\/p>\n\n\n\n<p>Nun galt es erst einmal die \u00fcppige Wegeration Richtung Schienen zu hieven. Hier haben die drei sehr gutm\u00fctig geplant und mehrere Kisten Krombacher Gerstensaft sowie f\u00fcr jeden Essenspakete bereitgestellt. Die Zeichen stehen also direkt auf Pilsgewitter.<\/p>\n\n\n\n<p>W\u00e4hrend der Zugfahrt beging KorPi bei der Fahrkartenkontrolle ein vermeintlicher Fehler: Alle Buchungsunterlagen hat er fein s\u00e4uberlich in einer Mappe abgeheftet, welche die Aufschrift \u201eWurstpumpen Kegeltour 2025 \u2013 Dresden\u201c trug. Gro\u00dfes Gel\u00e4chter im Abteil. Wir habens also geahnt, Dresden! Dieser findige, kleine Verladejunge hat uns abermals auf die falsche F\u00e4hrte gelockt.<\/p>\n\n\n\n<p>Denn im wundersch\u00f6nen Hagen wurde schlie\u00dflich das eigentliche Ziel verraten: Stuttgart! Dort fand n\u00e4mlich die \u201eCannstatter Wasen\u201c statt, welche der H\u00f6hepunkt der diesj\u00e4hrigen Tour darstellen sollte. F\u00fcr jeden gab es noch ein passendes Shirt mit Hut dazu \u2013 gro\u00dfartig! Von Hagen ging es dann \u00fcber K\u00f6ln, Frankfurt und Mannheim endlich nach Stuttgart. Die Reise war nicht f\u00fcr alle so unbeschwert wie f\u00fcr uns. Bereits w\u00e4hrend der Fahrt wurden wir von einer Horde ungebumster Weiber aufs \u00fcbelste bel\u00e4stigt. \u201eWie alt seid ihr eigentlich?\u201c, \u201eHier sind noch andere im Zug au\u00dfer ihr!\u201c oder \u201eIhr seid einfach nur peinlich\u201c konnten wir uns mit einem breiten Grinsen gefallen lassen.<\/p>\n\n\n\n<p>Aber was war dann bitte in Stuttgart los? Menschenmassen dr\u00e4ngelten sich an den Bahnsteigen entlang. Anscheinend ist das Projekt \u201eStuttgart 21\u201c noch nicht wirklich abgeschlossen. F\u00fcr was steht die 21 eigentlich? Sollte der ganze Schei\u00df nicht 2021 fertig sein? Oder wurde das 2021 erst geplant? Oder dauert das alles 21 Jahre? Daf\u00fcr hat man nem Oppa bei einer Demo mit einem Wasserwerfer das Auge rausgeschossen? Verst\u00e4ndlich. Wahnsinn, was f\u00fcr ein Chaos. Zumindest trafen die W\u00fcrste in dem ganzen Trubel den bereits oben erw\u00e4hnten zweiten Z\u00f6gling von Korbs Dieter bzw. Gertrude an. Nun sollte es zum nah gelegenen Hotel gehen.<\/p>\n\n\n\n<p>Mit Sack und Pack k\u00e4mpften sich 9 durstige Recken durch die Stuttgarter Gro\u00dfbaustelle und kamen beim Hotel Rieker PLAZA INN letztendlich an. Zwei Damen am Empfang hatten gr\u00f6\u00dfte M\u00fche die drei gebuchten Zimmer auf uns zu verteilen. Nebenbei wurden einmal die gesamten Kundendaten des Hotels mit dem Buchstaben \u201eK\u201c vorgelesen. Datenschutz ist hier kein Thema. Nebenbei wollte Welle, der sich kurzerhand in \u201eJesus\u201c umbenannte, seinen Mietwagen abholen. Verwirrung! Fr\u00fchst\u00fcck im Hotel wurde kurzerhand abbestellt. Wir hielten es f\u00fcr sinnvoller dieses Geld zu sparen und in fl\u00fcssiges Gold zu investieren.<\/p>\n\n\n\n<p>Nach dieser kuriosen Eincheck-Phase gingen wir kurz auf die Zimmer und machten dann die Innenstadt von Stuttgart unsicher.<\/p>\n\n\n\n<p>Den Abend dinierten die Herren im \u201eBrauhaus Carls\u201c und nahmen dort an einer langen Tafel Platz. Neben uns sa\u00df eine Gruppe Damen \u2013 dies sollte sp\u00e4ter noch von Relevanz sein. Doch zun\u00e4chst einmal a\u00dfen und tranken wir standesgem\u00e4\u00df und hatten sichtlich Freude. Neben Haxen, Schweinsbraten und allerlei anderem Ged\u00f6ns floss vor allem das Bier munter weiter. So kam es zu einer \u00fcberaus kuriosen Situation, die sp\u00e4ter als \u201eKetchup-Gate\u201c in die Annalen eingehen sollte. Ein Kegelbruder lie\u00df seiner Kraft freien Lauf und haute mit der Faust auf ein Ketchup-T\u00fctchen. Dessen Inhalt explodierte daraufhin und traf erst einmal Bamsi. Dessen Blick konnte zwischen Schock, Verwunderung, \u00c4rger und Freude interpretiert werden. Weniger gl\u00fccklich war die Damenriege am Tisch nebenan. \u00d6tte, der gerade von der Toilette zur\u00fcck gekehrt war, wurde zum Ziel einer Dame, die sich Ihrem \u00c4rger Luft machen wollte. Eine dicke Tigerlady am Ende des Tisches lie\u00df auch ordentlich Dampf ab und beschimpfte uns w\u00fcst. Ein Gru\u00df geht raus an unsere Frauen: Macht euch keine Sorgen, mit den Ladys haben wir auf dieser Fahrt anscheinend eh kein Gl\u00fcck! Mittlerweile bekamen auch die Kellner Wind von der Aktion. Wir beschlossen besser aufzubrechen um das Stuttgarter Nachtleben zu erkunden.<\/p>\n\n\n\n<p>Nach einem Outdoor-Zwi-Bi fanden wir eine Discothek in der man ordentlich abzappeln konnte \u2013 sofern man auf dem engen Dance-Floor noch einen Platz fand. So befand sich ein Teil der Wurstpumpen auf der Tanzfl\u00e4che, der andere Teil blieb an der Theke stehen.<\/p>\n\n\n\n<p>Dort trafen wir erneut auf eine Gruppe Damen, diesmal thail\u00e4ndischer Herkunft. Oder waren es vielleicht Herren?? Mal gro\u00df, mal klein, mal dick, mal d\u00fcnn. Hier war f\u00fcr jede Perversit\u00e4t etwas dabei.<\/p>\n\n\n\n<p>Kurze Zwischeninformation: Ein nicht genannter Kegelbruder traf bereits w\u00e4hrend eines Thailand-Urlaubes auf eine Gruppe solcher. Als westeurop\u00e4ischer, blonder Mann sei er f\u00fcr sie soetwas wie \u201eder heilige Grahl\u201c gewesen. Gro\u00dfartig!<\/p>\n\n\n\n<p>Die Diskothek verlie\u00dfen wir auch hier nicht ohne Nebenger\u00e4usche: Die Thai-Puffmutter beschimpfte einer Kegelbruder, welcher meinte, dass ein Thai-Penis dessen Jacke ber\u00fchrt hatte. Nun machte man uns auch hier klar besser das Etablissement zu verlassen. Mit voller Mannesst\u00e4rke \u2013 aber nicht mehr voll ihrer Sinne \u2013 gingen die Wurstpumpen dann zur\u00fcck ins Hotel uns beendeten einen fantastischen ersten Tag in Stuttgart.<\/p>\n\n\n\n<p>Tag 2.<\/p>\n\n\n\n<p>Gefr\u00fchst\u00fcckt wurde individuell. Eine Gruppe ging in ein Caf\u00e9, die Nachz\u00fcgler besorgten sich etwas beim B\u00e4cker &#8211; Mettbr\u00f6tchen gibt es hier \u00fcbrigens nicht.<\/p>\n\n\n\n<p>Ein Samstag in Stuttgart, bei herrlichem Wetter. Es war Markt und die Innenstadt pulsierte. Wirklich sehr sch\u00f6n. Vor allem unter Restalkohol frohlockte man \u00fcber die ein oder andere Wortkreation. Nun fanden wir eine Kneipe, die auch schon in den Vormittagsstunden ge\u00f6ffnet hatte. Ein sch\u00f6ner Ort zum Einkehren und um wieder auf Betriebstemperatur zu kommen. Bamsi hatte mal wieder gro\u00dfe Freude daran dem \u00e4lteren P\u00e4rchen neben uns ein paar schl\u00fcpfrige Informationen zu entlocken.<\/p>\n\n\n\n<p>Nach einer Handvoll Getr\u00e4nke sollte es folglich nach Cannstatt gehen. Die Wasen rief und die Wurstpumpen rollten an! Mit der S-Bahn kamen wir zum Nachmittag an und nahmen direkt am ersten Bierstand wieder Platz. Zwei Ma\u00df-l\u00e4ngen weiter stolzierten wir einmal \u00fcber die Kirmes. Nichts anderes als in H\u00fcsten. Wir fanden danach wieder ein sch\u00f6nes Pl\u00e4tzchen um unseren Durst entgegen zu wirken und verfolgten \u00fcbers Handy die Spiele der Fu\u00dfball-Bundesliga. Beim anliegenden Bratwurst-Stand schafften wir noch etwas Unterlage und dann ging es schon bald ins Zelt. Junge, Junge, \u2026 da war aber auf einmal was los. Im Zelt trafen wir auf zahlreiche gut gelaunte Menschen aus Nah und Fern. Vor allem unsere italienischen Tischnachbarn sind hier hervorzuheben. Und was ging hier die Post ab! Es dauerte nicht lange, da standen alle auf den B\u00e4nken und rasteten richtig aus. Das war eine Sause ganz nach dem Geschmack der Wurstpumpen.<\/p>\n\n\n\n<p>Wieviele Ma\u00df noch im Zelt getrunken wurden kann der Schreiberling dieser Zeilen nicht mehr rekonstruieren. Gemessen an dem Verzehr an dem wir bereits das gesamte Wochenende teilgenommen haben, war das aber auf alle F\u00e4lle bemerkenswert!<\/p>\n\n\n\n<p>Die Party war megageil, aber leider nimmt alles irgendwann einmal ein Ende \u2013 so auch die Cannstatter Wasen. In Gruppen ging es anschlie\u00dfend zur\u00fcck nach Stuttgart um die Nacht auf unterschiedlichster Weise ausklingen zu lassen. Beispielsweise wurde eine Gruppe von einem gro\u00dfen, hungrigen Kegelbruder Richtung M\u00e4cces angef\u00fchrt und ging dann noch einmal zum Brauhaus. Die anderen schlossen das Zelt in Cannstatt ab und versuchten ihr Gl\u00fcck in Stuttgarter Discos. Typen mit Mottoshirts bekamen aber nirgendwo Zutritt.<\/p>\n\n\n\n<p>Tag 3.<\/p>\n\n\n\n<p>M\u00fcde und abgeschlagen checkten wir am letzten Tag aus dem Hotel aus. Das war gar nicht mal so einfach bei der verwirrten Rezeptionistin. Trotzdem blieben wir immer nett (so kennt man uns ja). In der Stadt begaben wir uns noch einmal zu einem Fr\u00fchst\u00fcck samt kleinem Fr\u00fchshoppen. Danach ging es bereits zum Bahnhof und man musste sich von Christian \u201eKorbs Christian\u201c Korb schon einmal verabschieden. Die Route der R\u00fcckreise verbarg Ungemach. Wir sollten wieder an K\u00f6ln vorbei kommen und genau an diesem Tag spielten die Studdis tats\u00e4chlich beim gro\u00dfen FC. So dr\u00e4ngelten sich zahlreiche VfB-Ultras in den ICE und der Lokf\u00fchrer (nicht Pluto) weigerte sich, aufgrund eines \u201eSicherheits-Aspekts\u201c loszufahren. 45 Minuten vergingen, nichts \u00e4nderte sich und dann fuhren wir trotzdem los. Keine Ahnung, was der Bl\u00f6dsinn sollte?!<\/p>\n\n\n\n<p>W\u00e4hrend der R\u00fcckfahrt wurden die restlichen Getr\u00e4nke vernichtet. Die Stimmung war weiterhin fr\u00f6hlich, aber nicht ausgelassen. Diesmal sollte unser Aufenthalt in der sch\u00f6nen Stadt Hagen etwas l\u00e4nger ausfallen. Meine G\u00fcte, was ist hier eigentlich schief gelaufen? Nur kaputte! Zumindest gab es keine weiteren Vorf\u00e4lle und wir bestiegen den Zug gen Heimat. Am Arnsberger Hauptbahnhof wurden die Wurstpumpen schlie\u00dflich von ihren Frauen abgeholt, die es sicherlich kaum erwarten konnten, ihre verzechten M\u00e4nner wieder in Empfang zu nehmen.<\/p>\n\n\n\n<p>Ja, liebe Freunde, das war die Kegeltour 2025 nach Stuttgart. Eine gro\u00dfartige Tour unter 9 Freunden. Die Organisation, Planung und Durchf\u00fchrung suchte seinesgleichen und so wurde das Komitee direkt zur Wiederwahl f\u00fcr die Fahrt 2027 vorgeschlagen und auch gew\u00e4hlt. Ein gro\u00dfer Dank an die 3 f\u00fcr unvergessliche Tage. F\u00fcr viele war das die beste Kegeltour ever. An alle die nicht mit waren: Da habt ihr Fickfr\u00f6sche ganz sch\u00f6n was verpasst!<\/p>\n\n\n\n<figure class=\"wp-block-image size-full is-style-default\"><img loading=\"lazy\" decoding=\"async\" width=\"499\" height=\"374\" src=\"https:\/\/die-wurstpumpen.de\/wp-content\/uploads\/2025\/10\/image.jpeg\" alt=\"\" class=\"wp-image-1482\" srcset=\"https:\/\/die-wurstpumpen.de\/wp-content\/uploads\/2025\/10\/image.jpeg 499w, https:\/\/die-wurstpumpen.de\/wp-content\/uploads\/2025\/10\/image-300x225.jpeg 300w, https:\/\/die-wurstpumpen.de\/wp-content\/uploads\/2025\/10\/image-200x150.jpeg 200w\" sizes=\"(max-width: 499px) 100vw, 499px\" \/><\/figure>\n\n\n\n<figure class=\"wp-block-image size-full is-style-default\"><img loading=\"lazy\" decoding=\"async\" width=\"498\" height=\"375\" src=\"https:\/\/die-wurstpumpen.de\/wp-content\/uploads\/2025\/10\/image-1.jpeg\" alt=\"\" class=\"wp-image-1483\" srcset=\"https:\/\/die-wurstpumpen.de\/wp-content\/uploads\/2025\/10\/image-1.jpeg 498w, https:\/\/die-wurstpumpen.de\/wp-content\/uploads\/2025\/10\/image-1-300x226.jpeg 300w, https:\/\/die-wurstpumpen.de\/wp-content\/uploads\/2025\/10\/image-1-199x150.jpeg 199w\" sizes=\"(max-width: 498px) 100vw, 498px\" \/><\/figure>\n","protected":false},"excerpt":{"rendered":"<p>Stuttgart 2025 Huch? Schon wieder 2 Jahre rum? Findige W\u00fcrste wissen, was das bedeutet: Kegeltour! Auch in diesem Jahr haben die drei Organisatoren Bamsi, KorPi und Scheune es geschafft die <a class=\"more-link\" href=\"https:\/\/die-wurstpumpen.de\/?page_id=1481\">weiterlesen&#8230;<\/a><\/p>\n","protected":false},"author":2,"featured_media":0,"parent":0,"menu_order":0,"comment_status":"closed","ping_status":"closed","template":"","meta":{"footnotes":""},"_links":{"self":[{"href":"https:\/\/die-wurstpumpen.de\/index.php?rest_route=\/wp\/v2\/pages\/1481"}],"collection":[{"href":"https:\/\/die-wurstpumpen.de\/index.php?rest_route=\/wp\/v2\/pages"}],"about":[{"href":"https:\/\/die-wurstpumpen.de\/index.php?rest_route=\/wp\/v2\/types\/page"}],"author":[{"embeddable":true,"href":"https:\/\/die-wurstpumpen.de\/index.php?rest_route=\/wp\/v2\/users\/2"}],"replies":[{"embeddable":true,"href":"https:\/\/die-wurstpumpen.de\/index.php?rest_route=%2Fwp%2Fv2%2Fcomments&post=1481"}],"version-history":[{"count":1,"href":"https:\/\/die-wurstpumpen.de\/index.php?rest_route=\/wp\/v2\/pages\/1481\/revisions"}],"predecessor-version":[{"id":1484,"href":"https:\/\/die-wurstpumpen.de\/index.php?rest_route=\/wp\/v2\/pages\/1481\/revisions\/1484"}],"wp:attachment":[{"href":"https:\/\/die-wurstpumpen.de\/index.php?rest_route=%2Fwp%2Fv2%2Fmedia&parent=1481"}],"curies":[{"name":"wp","href":"https:\/\/api.w.org\/{rel}","templated":true}]}}