{"id":1404,"date":"2025-03-25T15:18:05","date_gmt":"2025-03-25T14:18:05","guid":{"rendered":"https:\/\/die-wurstpumpen.de\/?page_id=1404"},"modified":"2026-03-23T09:23:29","modified_gmt":"2026-03-23T08:23:29","slug":"christian-4","status":"publish","type":"page","link":"https:\/\/die-wurstpumpen.de\/?page_id=1404","title":{"rendered":"Christian W."},"content":{"rendered":"\n<figure class=\"wp-block-image size-full is-resized is-style-default\"><img loading=\"lazy\" decoding=\"async\" width=\"640\" height=\"854\" src=\"https:\/\/die-wurstpumpen.de\/wp-content\/uploads\/2025\/04\/Welle-klein-2.jpg\" alt=\"\" class=\"wp-image-1434\" style=\"width:237px;height:auto\" srcset=\"https:\/\/die-wurstpumpen.de\/wp-content\/uploads\/2025\/04\/Welle-klein-2.jpg 640w, https:\/\/die-wurstpumpen.de\/wp-content\/uploads\/2025\/04\/Welle-klein-2-225x300.jpg 225w, https:\/\/die-wurstpumpen.de\/wp-content\/uploads\/2025\/04\/Welle-klein-2-112x150.jpg 112w\" sizes=\"(max-width: 640px) 100vw, 640px\" \/><\/figure>\n\n\n\n<p>Spitzname(n): Welle, Wellerman<\/p>\n\n\n\n<p>Amt\/\u00c4mter: <\/p>\n\n\n\n<p>2. Chronist seit 21.03.2026\u00a0<\/p>\n\n\n\n<p>Abteilungsleiter \u201eSchwimmen\u201c seit 22.03.2025<\/p>\n\n\n\n<p>&nbsp;Erfolg(e):<\/p>\n\n\n\n<p>Sing us a song you\u2019re the Wellerman &#8211; Welle ist das frischeste Mitglied der W\u00fcrste. Nachdem es ihn ins sch\u00f6nste Dorf der Welt gezogen hat und er kurz darauf auch die Treter f\u00fcr den TuS schn\u00fcrte, folgte er den Einladungen der W\u00fcrste und schaute einige Male als Gastkegler vorbei. Schon kurz darauf konnte man sein Potential erkennen und verpflichtete Welle direkt auch f\u00fcr den A-Kader der Wurstpumpen. Gut Holz und allzeit frechen Durst!<\/p>\n","protected":false},"excerpt":{"rendered":"<p>Spitzname(n): Welle, Wellerman Amt\/\u00c4mter: 2. Chronist seit 21.03.2026\u00a0 Abteilungsleiter \u201eSchwimmen\u201c seit 22.03.2025 &nbsp;Erfolg(e): Sing us a song you\u2019re the Wellerman &#8211; Welle ist das frischeste Mitglied der W\u00fcrste. Nachdem es <a class=\"more-link\" href=\"https:\/\/die-wurstpumpen.de\/?page_id=1404\">weiterlesen&#8230;<\/a><\/p>\n","protected":false},"author":2,"featured_media":0,"parent":0,"menu_order":0,"comment_status":"closed","ping_status":"closed","template":"","meta":{"footnotes":""},"_links":{"self":[{"href":"https:\/\/die-wurstpumpen.de\/index.php?rest_route=\/wp\/v2\/pages\/1404"}],"collection":[{"href":"https:\/\/die-wurstpumpen.de\/index.php?rest_route=\/wp\/v2\/pages"}],"about":[{"href":"https:\/\/die-wurstpumpen.de\/index.php?rest_route=\/wp\/v2\/types\/page"}],"author":[{"embeddable":true,"href":"https:\/\/die-wurstpumpen.de\/index.php?rest_route=\/wp\/v2\/users\/2"}],"replies":[{"embeddable":true,"href":"https:\/\/die-wurstpumpen.de\/index.php?rest_route=%2Fwp%2Fv2%2Fcomments&post=1404"}],"version-history":[{"count":5,"href":"https:\/\/die-wurstpumpen.de\/index.php?rest_route=\/wp\/v2\/pages\/1404\/revisions"}],"predecessor-version":[{"id":1553,"href":"https:\/\/die-wurstpumpen.de\/index.php?rest_route=\/wp\/v2\/pages\/1404\/revisions\/1553"}],"wp:attachment":[{"href":"https:\/\/die-wurstpumpen.de\/index.php?rest_route=%2Fwp%2Fv2%2Fmedia&parent=1404"}],"curies":[{"name":"wp","href":"https:\/\/api.w.org\/{rel}","templated":true}]}}