{"id":1395,"date":"2025-03-25T15:13:24","date_gmt":"2025-03-25T14:13:24","guid":{"rendered":"https:\/\/die-wurstpumpen.de\/?page_id=1395"},"modified":"2025-08-12T15:28:20","modified_gmt":"2025-08-12T13:28:20","slug":"christian-3","status":"publish","type":"page","link":"https:\/\/die-wurstpumpen.de\/?page_id=1395","title":{"rendered":"Christian Ba."},"content":{"rendered":"\n<figure class=\"wp-block-image size-full is-resized is-style-default\"><img loading=\"lazy\" decoding=\"async\" width=\"248\" height=\"442\" src=\"https:\/\/die-wurstpumpen.de\/wp-content\/uploads\/2025\/03\/image-1.png\" alt=\"\" class=\"wp-image-1396\" style=\"width:239px;height:auto\" srcset=\"https:\/\/die-wurstpumpen.de\/wp-content\/uploads\/2025\/03\/image-1.png 248w, https:\/\/die-wurstpumpen.de\/wp-content\/uploads\/2025\/03\/image-1-168x300.png 168w, https:\/\/die-wurstpumpen.de\/wp-content\/uploads\/2025\/03\/image-1-84x150.png 84w\" sizes=\"(max-width: 248px) 100vw, 248px\" \/><\/figure>\n\n\n\n<p>Spitzname(n): Wintermuskel, WM<\/p>\n\n\n\n<p>Amt\/\u00c4mter: &nbsp;<\/p>\n\n\n\n<p>&nbsp;Erfolg(e):<\/p>\n\n\n\n<p>WM alias Wintermuskel geh\u00f6rte zum ersten Doppeltransfer der Wurstpumpen. Zeitgleich mit seinem Bruder Mischael holten ihn die W\u00fcrste in den Club. WM ist sowohl an der Kugel als auch am Glas sehr engagiert. So ist er bereits seit langer Zeit als Teil der \u201eK\u00e4rchertruppe\u201c bekannt, welche mit ihren Mannen die ein oder andere Veranstaltung als Letzte verlassen \u2013 so sagt man sich zumindest. Wir freuen uns, dass du dabei bist und w\u00fcnschen sportlich viel Erfolg!<\/p>\n","protected":false},"excerpt":{"rendered":"<p>Spitzname(n): Wintermuskel, WM Amt\/\u00c4mter: &nbsp; &nbsp;Erfolg(e): WM alias Wintermuskel geh\u00f6rte zum ersten Doppeltransfer der Wurstpumpen. Zeitgleich mit seinem Bruder Mischael holten ihn die W\u00fcrste in den Club. WM ist sowohl <a class=\"more-link\" href=\"https:\/\/die-wurstpumpen.de\/?page_id=1395\">weiterlesen&#8230;<\/a><\/p>\n","protected":false},"author":2,"featured_media":0,"parent":0,"menu_order":0,"comment_status":"closed","ping_status":"closed","template":"","meta":{"footnotes":""},"_links":{"self":[{"href":"https:\/\/die-wurstpumpen.de\/index.php?rest_route=\/wp\/v2\/pages\/1395"}],"collection":[{"href":"https:\/\/die-wurstpumpen.de\/index.php?rest_route=\/wp\/v2\/pages"}],"about":[{"href":"https:\/\/die-wurstpumpen.de\/index.php?rest_route=\/wp\/v2\/types\/page"}],"author":[{"embeddable":true,"href":"https:\/\/die-wurstpumpen.de\/index.php?rest_route=\/wp\/v2\/users\/2"}],"replies":[{"embeddable":true,"href":"https:\/\/die-wurstpumpen.de\/index.php?rest_route=%2Fwp%2Fv2%2Fcomments&post=1395"}],"version-history":[{"count":3,"href":"https:\/\/die-wurstpumpen.de\/index.php?rest_route=\/wp\/v2\/pages\/1395\/revisions"}],"predecessor-version":[{"id":1463,"href":"https:\/\/die-wurstpumpen.de\/index.php?rest_route=\/wp\/v2\/pages\/1395\/revisions\/1463"}],"wp:attachment":[{"href":"https:\/\/die-wurstpumpen.de\/index.php?rest_route=%2Fwp%2Fv2%2Fmedia&parent=1395"}],"curies":[{"name":"wp","href":"https:\/\/api.w.org\/{rel}","templated":true}]}}