{"id":203,"date":"2016-12-16T07:17:03","date_gmt":"2016-12-16T06:17:03","guid":{"rendered":"http:\/\/die-wurstpumpen.de\/?page_id=203"},"modified":"2016-12-16T07:19:42","modified_gmt":"2016-12-16T06:19:42","slug":"2015-2","status":"publish","type":"page","link":"http:\/\/die-wurstpumpen.de\/?page_id=203","title":{"rendered":"2015"},"content":{"rendered":"<p><a href=\"http:\/\/www.dorfinfo.de\/category\/hsk\/arnsberg\"><u>Arnsberg<\/u><\/a> \/ <a href=\"http:\/\/www.dorfinfo.de\/category\/hsk\"><u>HSK<\/u><\/a><\/p>\n<p>(<a href=\"http:\/\/www.dorfinfo.de\/wurstpumpen-feiern-7-jaehriges-bestehen\/1082423\"><u>http:\/\/www.dorfinfo.de\/wurstpumpen-feiern-7-jaehriges-bestehen\/1082423<\/u><\/a>)<\/p>\n<p><strong>Wurstpumpen feiern 7-j\u00e4hriges Bestehen <\/strong><\/p>\n<p>von <a href=\"http:\/\/www.dorfinfo.de\/author\/red\"><u>Dorfinfo-Lokal-Press <\/u><\/a>| Ver\u00f6ffentlicht am 23. 03 2015<\/p>\n<p><img loading=\"lazy\" decoding=\"async\" class=\"alignleft size-full wp-image-105\" src=\"http:\/\/die-wurstpumpen.de\/wp-content\/uploads\/2016\/12\/WP2015-Pressefoto.jpg\" alt=\"wp2015-pressefoto\" width=\"200\" height=\"190\" srcset=\"http:\/\/die-wurstpumpen.de\/wp-content\/uploads\/2016\/12\/WP2015-Pressefoto.jpg 200w, http:\/\/die-wurstpumpen.de\/wp-content\/uploads\/2016\/12\/WP2015-Pressefoto-158x150.jpg 158w\" sizes=\"(max-width: 200px) 100vw, 200px\" \/><\/p>\n<p>Kegelvater Robert Siedhoff \u00fcberreicht Christian Schrottka abermals den begehrten Championchip-Pokal.<\/p>\n<p><a href=\"http:\/\/www.dorfinfo.de\/?s=arnsberg\"><u>Arnsberg<\/u><\/a>. Der Kegelclub \u201eDie Wurstpumpen\u201c hielt am Samstag den 21. M\u00e4rz seine Halbjahreshauptversammlung beim Landgasthoff Hoffmann in <a href=\"http:\/\/www.dorfinfo.de\/?s=Rumbeck\"><u>Rumbeck<\/u><\/a> ab.<\/p>\n<p>Zudem feierte man sein 7-j\u00e4hriges Bestehen und so konnte man nach Wurstpumpenzeitrechnung auch wieder einige Ehrungen vornehmen: Andr\u00e9 Reckwald, Patrick Korb, Stephan Kersch &amp; Frank Wistuba wurden f\u00fcr ihre langj\u00e4hrige Mitgliedschaft vom Kegelvater Robert Siedhoff geehrt.<\/p>\n<p>Au\u00dferdem heimste Kegel-As Christian Schrottka zum wiederholten Male den begehrten Jahrestitel ein. Nicht geehrt, aufgrund von Abwesenheit wurden Daniel Grossert (Pumpenk\u00f6nig) und Christian Korb (Rodungsmeister). Robert Siedhoff versprach aber diese Ehrungen nachzuholen.<\/p>\n<p>Kassierer Stephan Kersch berichtete von einem \u00e4u\u00dferst positiven Kassenstand, sodass man voller Vorfreude auf die diesj\u00e4hrige Kegelfahrt blicken kann. Von den Planungen dieser Tour berichtete Kegelmutti Patrick Korb.<\/p>\n<p>Ferner standen auch wieder zahlreiche Wahlen an. Kegelvater (Robert Siedhoff), Kegelmutti (Patrick Korb) und Kassierer (Stephan Kersch) konnten in ihren \u00c4mtern best\u00e4tigt werden. \u00c4nderungen gab es bei den Chronisten, hier wurde Christian Schrottka als 1. Chronist, Daniel B\u00fcenfeld als zweiter und Daniel Grossert als dritter gew\u00e4hlt. Frank Wistuba bekleidet fortan auch nicht mehr das Amt des Abteilungsleiters Schwimmen. Hier konnte wiederum Daniel B\u00fcenfeld als Ersatz gefunden werden.<\/p>\n<p>Im Laufe des Abends gab es Ausblicke auf die n\u00e4chsten Highlights: zum Beispiel die j\u00e4hrliche Teilnahme der Arnsberger Kegelstadtmeisterschaften im Schwiedinghauser Feld am Karfreitag oder auf das traditionelle 1.Mai-Kegeln.<\/p>\n<p>Die Wurstpumpen sind auch f\u00fcr kommende Aktivit\u00e4ten gut aufgestellt, so soll in B\u00e4lde eine neue Homepage erstrahlen, welche die alte in Pr\u00e4chtigkeit \u00fcbertreffen soll.<\/p>\n<p>&nbsp;<\/p>\n<p>&nbsp;<\/p>\n<p>&nbsp;<\/p>\n<p>&nbsp;<\/p>\n<p>Arnsberger Post vom 01.04.2015<\/p>\n<p>(<a href=\"http:\/\/www.arnsbergerpost.de\/Seite%2011_Fi.pdf\"><u>http:\/\/www.arnsbergerpost.de\/Seite%2011_Fi.pdf<\/u><\/a>)<\/p>\n<p><strong>Christian Schrottka wurde <\/strong><strong>wieder Meister bei den <\/strong><strong>\u201eWurstpumpen\u201c<\/strong><\/p>\n<p>Der Kegelclub \u201eDie Wurstpumpen\u201c hielt am Samstag den 21. M\u00e4rz seine Halbjahreshauptversammlung beim Landgasthoff Hoffmann in Rumbeck ab.<\/p>\n<p>Zudem feierte man sein 7-j\u00e4hriges Bestehen und so konnte man nach Wurstpumpenzeitrechnung auch wieder einige<\/p>\n<p>Ehrungen vornehmen: Andr\u00e9 Reckwald, Patrick Korb, Stephan Kersch &amp; Frank Wistuba wurden f\u00fcr ihre langj\u00e4hrige Mitgliedschaft vom Kegelvater Robert Siedhoff geehrt. Au\u00dferdem heimste Kegel-As Christian Schrottka zum wiederholten Male den begehrten Jahrestitel ein. Nicht geehrt, aufgrund von Abwesenheit wurden Daniel Grossert (Pumpenk\u00f6nig) und Christian Korb (Rodungsmeister). Robert Siedhoff versprach aber diese Ehrungen nachzuholen.<\/p>\n<p>Kassierer Stephan Kersch berichtete von einem \u00e4u\u00dferst positiven Kassenstand, sodass man voller Vorfreude auf die diesj\u00e4hrige<\/p>\n<p>Kegelfahrt blicken kann. Von den Planungen dieser Tour berichtete Kegelmutti Patrick Korb.<\/p>\n<p>Zudem standen auch wieder zahlreiche Wahlen an. Kegelvater (Robert Siedhoff), Kegelmutti (Patrick Korb) und Kassierer (Stephan Kersch) konnten in ihrem \u00c4mtern best\u00e4tigt werden. \u00c4nderungen gab es bei den Chronisten, hier wurde Christian Schrottka als 1. Chronist, Daniel B\u00fcenfeld als zweiter und Daniel Grossert als dritter gew\u00e4hlt. Frank Wistuba bekleidet fortan auch nicht mehr das Amt des Abteilungsleiters Schwimmen. Hier konnte wiederum Daniel B\u00fcenfeld als Ersatz gefunden werden.<\/p>\n<p>Im Laufe des Abends gab es Ausblicke auf die n\u00e4chsten Highlights:<\/p>\n<p>zum Beispiel die j\u00e4hrliche Teilnahme der Arnsberger Kegelstadtmeisterschaften im Schwiedinghauser Feld am Karfreitag oder auf das traditionelle 1.Mai-Kegeln. Die Wurstpumpen sind auch f\u00fcr kommende Aktivit\u00e4ten gut aufgestellt, so soll in B\u00e4lde eine neue Homepage erstrahlen, welche die alte in Pr\u00e4chtigkeit \u00fcbertreffen soll.<\/p>\n<p><img loading=\"lazy\" decoding=\"async\" class=\"alignleft size-full wp-image-105\" src=\"http:\/\/die-wurstpumpen.de\/wp-content\/uploads\/2016\/12\/WP2015-Pressefoto.jpg\" alt=\"wp2015-pressefoto\" width=\"200\" height=\"190\" srcset=\"http:\/\/die-wurstpumpen.de\/wp-content\/uploads\/2016\/12\/WP2015-Pressefoto.jpg 200w, http:\/\/die-wurstpumpen.de\/wp-content\/uploads\/2016\/12\/WP2015-Pressefoto-158x150.jpg 158w\" sizes=\"(max-width: 200px) 100vw, 200px\" \/><\/p>\n<p>&nbsp;<\/p>\n<p>&nbsp;<\/p>\n<p>&nbsp;<\/p>\n<p>&nbsp;<\/p>\n<p>&nbsp;<\/p>\n<p><em>Kegelvater Robert Siedhoff \u00fcberreicht Christian Schrottka abermals<\/em><\/p>\n<p><em>den begehrten Championchip-Pokal<\/em><\/p>\n<p><span style=\"color: #2b2b2b; line-height: 115%; font-family: 'Arial','sans-serif'; font-size: 10pt;\">\u00a0<\/span><\/p>\n<p>&nbsp;<\/p>\n<p>&nbsp;<\/p>\n<p>&nbsp;<\/p>\n<p>&nbsp;<\/p>\n<figure id=\"attachment_207\" aria-describedby=\"caption-attachment-207\" style=\"width: 258px\" class=\"wp-caption alignleft\"><img loading=\"lazy\" decoding=\"async\" class=\"wp-image-207 size-full\" src=\"http:\/\/die-wurstpumpen.de\/wp-content\/uploads\/2016\/12\/Kunos-Kasten-25.11.2015-1.png\" alt=\"kunos-kasten-25-11-2015\" width=\"258\" height=\"869\" srcset=\"http:\/\/die-wurstpumpen.de\/wp-content\/uploads\/2016\/12\/Kunos-Kasten-25.11.2015-1.png 258w, http:\/\/die-wurstpumpen.de\/wp-content\/uploads\/2016\/12\/Kunos-Kasten-25.11.2015-1-89x300.png 89w\" sizes=\"(max-width: 258px) 100vw, 258px\" \/><figcaption id=\"caption-attachment-207\" class=\"wp-caption-text\">Sauerlandkurier &#8211; 25.11.2015<\/figcaption><\/figure>\n<p>&nbsp;<\/p>\n","protected":false},"excerpt":{"rendered":"<p>Arnsberg \/ HSK (http:\/\/www.dorfinfo.de\/wurstpumpen-feiern-7-jaehriges-bestehen\/1082423) Wurstpumpen feiern 7-j\u00e4hriges Bestehen von Dorfinfo-Lokal-Press | Ver\u00f6ffentlicht am 23. 03 2015 Kegelvater Robert Siedhoff \u00fcberreicht Christian Schrottka abermals den begehrten Championchip-Pokal. Arnsberg. Der Kegelclub \u201eDie <a class=\"more-link\" href=\"http:\/\/die-wurstpumpen.de\/?page_id=203\">weiterlesen&#8230;<\/a><\/p>\n","protected":false},"author":2,"featured_media":0,"parent":21,"menu_order":0,"comment_status":"closed","ping_status":"closed","template":"","meta":{"footnotes":""},"_links":{"self":[{"href":"http:\/\/die-wurstpumpen.de\/index.php?rest_route=\/wp\/v2\/pages\/203"}],"collection":[{"href":"http:\/\/die-wurstpumpen.de\/index.php?rest_route=\/wp\/v2\/pages"}],"about":[{"href":"http:\/\/die-wurstpumpen.de\/index.php?rest_route=\/wp\/v2\/types\/page"}],"author":[{"embeddable":true,"href":"http:\/\/die-wurstpumpen.de\/index.php?rest_route=\/wp\/v2\/users\/2"}],"replies":[{"embeddable":true,"href":"http:\/\/die-wurstpumpen.de\/index.php?rest_route=%2Fwp%2Fv2%2Fcomments&post=203"}],"version-history":[{"count":4,"href":"http:\/\/die-wurstpumpen.de\/index.php?rest_route=\/wp\/v2\/pages\/203\/revisions"}],"predecessor-version":[{"id":211,"href":"http:\/\/die-wurstpumpen.de\/index.php?rest_route=\/wp\/v2\/pages\/203\/revisions\/211"}],"up":[{"embeddable":true,"href":"http:\/\/die-wurstpumpen.de\/index.php?rest_route=\/wp\/v2\/pages\/21"}],"wp:attachment":[{"href":"http:\/\/die-wurstpumpen.de\/index.php?rest_route=%2Fwp%2Fv2%2Fmedia&parent=203"}],"curies":[{"name":"wp","href":"https:\/\/api.w.org\/{rel}","templated":true}]}}